{"id":10591,"date":"2022-12-16T11:53:08","date_gmt":"2022-12-16T11:53:08","guid":{"rendered":"https:\/\/triplex.com.bo\/index.php\/product\/tv-skyworth-32-android-11-marco-infinito\/"},"modified":"2024-08-26T14:03:14","modified_gmt":"2024-08-26T18:03:14","slug":"tv-skyworth-32-android-11-marco-infinito","status":"publish","type":"product","link":"https:\/\/triplex.com.bo\/index.php\/product\/tv-skyworth-32-android-11-marco-infinito\/","title":{"rendered":"TV SKYWORTH 32 ANDROID 11 MARCO INFINITO"},"content":{"rendered":"<p>1) Televisor Smart HD de PANTALLA COMPLETA de 32\u2033<br \/>\n2) El \u00faltimo sistema operativo Android Android 11<br \/>\n3) Wifi de doble banda 2,4G + 5G<br \/>\n4) RAM, ROM de 8 GB, HDR, Bluetooth, 2*HDMI, 2*USB<br \/>\nLa cuarta generaci\u00f3n de pantalla sin l\u00edmites Rompe la experiencia fronteriza Disfruta plenamente de la visi\u00f3n infinita y una forma maravillosamente dise\u00f1ada, Infinite Vision, Immersive Experience, SKYWORTH 32STD6500, el mejor televisor LED inteligente de 32 pulgadas con el \u00faltimo sistema operativo Android 11.<br \/>\nControl remoto y diferentes modos de imagen para aprovechar al m\u00e1ximo lo que te has estado perdiendo en un televisor de 32 pulgadas.<br \/>\nEl modo de protecci\u00f3n ocular modifica el valor de la temperatura de color a trav\u00e9s de un algoritmo de software espec\u00edfico. Cuanto menor sea el valor de la temperatura de color, m\u00e1s c\u00e1lida ser\u00e1 la imagen de la pantalla, menor ser\u00e1 el componente de luz azul y menos deslumbramiento.<br \/>\nDolby Audio y Dolby Audio Processing, el televisor puede liberar el sonido del multicanal. Lo que te hace sentir un sonido envolvente como un cine en casa.<\/p>\n","protected":false},"excerpt":{"rendered":"<p>TV SKYWORTH 32 ANDROID 11 MARCO INFINITO<\/p>\n","protected":false},"featured_media":10590,"comment_status":"open","ping_status":"closed","template":"","meta":{"_acf_changed":false},"pwb-brand":[355],"product_brand":[],"product_cat":[178,284],"product_tag":[],"class_list":{"0":"post-10591","1":"product","2":"type-product","3":"status-publish","4":"has-post-thumbnail","6":"pwb-brand-skyworth","7":"product_cat-tv-y-video-televisores","8":"product_cat-tv","10":"first","11":"outofstock","12":"shipping-taxable","13":"purchasable","14":"product-type-simple"},"acf":[],"brands":[{"id":355,"name":"SKYWORTH","slug":"skyworth"}],"_links":{"self":[{"href":"https:\/\/triplex.com.bo\/index.php\/wp-json\/wp\/v2\/product\/10591","targetHints":{"allow":["GET"]}}],"collection":[{"href":"https:\/\/triplex.com.bo\/index.php\/wp-json\/wp\/v2\/product"}],"about":[{"href":"https:\/\/triplex.com.bo\/index.php\/wp-json\/wp\/v2\/types\/product"}],"replies":[{"embeddable":true,"href":"https:\/\/triplex.com.bo\/index.php\/wp-json\/wp\/v2\/comments?post=10591"}],"wp:featuredmedia":[{"embeddable":true,"href":"https:\/\/triplex.com.bo\/index.php\/wp-json\/wp\/v2\/media\/10590"}],"wp:attachment":[{"href":"https:\/\/triplex.com.bo\/index.php\/wp-json\/wp\/v2\/media?parent=10591"}],"wp:term":[{"taxonomy":"pwb-brand","embeddable":true,"href":"https:\/\/triplex.com.bo\/index.php\/wp-json\/wp\/v2\/pwb-brand?post=10591"},{"taxonomy":"product_brand","embeddable":true,"href":"https:\/\/triplex.com.bo\/index.php\/wp-json\/wp\/v2\/product_brand?post=10591"},{"taxonomy":"product_cat","embeddable":true,"href":"https:\/\/triplex.com.bo\/index.php\/wp-json\/wp\/v2\/product_cat?post=10591"},{"taxonomy":"product_tag","embeddable":true,"href":"https:\/\/triplex.com.bo\/index.php\/wp-json\/wp\/v2\/product_tag?post=10591"}],"curies":[{"name":"wp","href":"https:\/\/api.w.org\/{rel}","templated":true}]}}