{"id":10575,"date":"2022-12-16T11:52:22","date_gmt":"2022-12-16T11:52:22","guid":{"rendered":"https:\/\/triplex.com.bo\/index.php\/product\/licuadora-oster-blanca-1100w-oliq605\/"},"modified":"2025-04-17T15:38:36","modified_gmt":"2025-04-17T19:38:36","slug":"licuadora-oster-blanca-1100w-oliq605","status":"publish","type":"product","link":"https:\/\/triplex.com.bo\/index.php\/product\/licuadora-oster-blanca-1100w-oliq605\/","title":{"rendered":"LICUADORA OSTER BLANCA 1100W OLIQ605"},"content":{"rendered":"<p>Practicidad con la Licuadora Oster OLIQ605 3.2L Blanca 1100W.<br \/>\nCon 1100w de potencia, con la jarra en pl\u00e1stico antimicrobiano, tu licuadora se convierte en un fuerte aliado en el d\u00eda a d\u00eda de tu familia. M\u00e1s resistente y ligera, tiene una gran capacidad para preparar lo que quieras.<\/p>\n<p>Y, por supuesto, con la calidad que solo Oster\u00ae lleva a tu hogar. Dispone de una jarra de pl\u00e1stico con capacidad de hasta 3,2L, perfecta para preparar recetas para toda la familia. Es mucho m\u00e1s pr\u00e1ctico a la hora de hacer lo que quieres.<\/p>\n<p>Otro diferencial del producto es el tap\u00f3n dosificador de 100ml. Es la \u00fanica en el mercado con este tama\u00f1o y que te ayuda a medir el equivalente a hasta 1\/2 taza, haci\u00e9ndote la vida mucho m\u00e1s f\u00e1cil a la hora de hacer recetas a la medida, cuenta con 12 velocidades m\u00e1s pulsar, la Licuadora siempre trabaja a la velocidad adecuada de cada receta, para que nada falle en tu cocina. Es calidad en la que puede confiar.<\/p>\n","protected":false},"excerpt":{"rendered":"<p>LICUADORA OSTER BLANCA 1100W OLIQ605<\/p>\n","protected":false},"featured_media":10574,"comment_status":"open","ping_status":"closed","template":"","meta":{"_acf_changed":false},"pwb-brand":[235],"product_brand":[],"product_cat":[157,165],"product_tag":[],"class_list":{"0":"post-10575","1":"product","2":"type-product","3":"status-publish","4":"has-post-thumbnail","6":"pwb-brand-oster","7":"product_cat-electromenor","8":"product_cat-electromenor-licuadoras","10":"first","11":"outofstock","12":"shipping-taxable","13":"purchasable","14":"product-type-simple"},"acf":[],"brands":[{"id":235,"name":"OSTER","slug":"oster"}],"_links":{"self":[{"href":"https:\/\/triplex.com.bo\/index.php\/wp-json\/wp\/v2\/product\/10575","targetHints":{"allow":["GET"]}}],"collection":[{"href":"https:\/\/triplex.com.bo\/index.php\/wp-json\/wp\/v2\/product"}],"about":[{"href":"https:\/\/triplex.com.bo\/index.php\/wp-json\/wp\/v2\/types\/product"}],"replies":[{"embeddable":true,"href":"https:\/\/triplex.com.bo\/index.php\/wp-json\/wp\/v2\/comments?post=10575"}],"wp:featuredmedia":[{"embeddable":true,"href":"https:\/\/triplex.com.bo\/index.php\/wp-json\/wp\/v2\/media\/10574"}],"wp:attachment":[{"href":"https:\/\/triplex.com.bo\/index.php\/wp-json\/wp\/v2\/media?parent=10575"}],"wp:term":[{"taxonomy":"pwb-brand","embeddable":true,"href":"https:\/\/triplex.com.bo\/index.php\/wp-json\/wp\/v2\/pwb-brand?post=10575"},{"taxonomy":"product_brand","embeddable":true,"href":"https:\/\/triplex.com.bo\/index.php\/wp-json\/wp\/v2\/product_brand?post=10575"},{"taxonomy":"product_cat","embeddable":true,"href":"https:\/\/triplex.com.bo\/index.php\/wp-json\/wp\/v2\/product_cat?post=10575"},{"taxonomy":"product_tag","embeddable":true,"href":"https:\/\/triplex.com.bo\/index.php\/wp-json\/wp\/v2\/product_tag?post=10575"}],"curies":[{"name":"wp","href":"https:\/\/api.w.org\/{rel}","templated":true}]}}