{"id":10573,"date":"2022-12-16T11:52:14","date_gmt":"2022-12-16T11:52:14","guid":{"rendered":"https:\/\/triplex.com.bo\/index.php\/product\/batidora-con-plato-cadence-roja-bat411\/"},"modified":"2025-04-03T10:47:41","modified_gmt":"2025-04-03T14:47:41","slug":"batidora-con-plato-cadence-roja-bat411","status":"publish","type":"product","link":"https:\/\/triplex.com.bo\/index.php\/product\/batidora-con-plato-cadence-roja-bat411\/","title":{"rendered":"BATIDORA CON PLATO CADENCE ROJA"},"content":{"rendered":"<p>Con su alto rendimiento, los exploradores se mezclan en todos los bordes hacia el centro. Dejar la masa en el lugar correcto, de forma r\u00e1pida y pr\u00e1cticamente sin ning\u00fan esfuerzo.<br \/>\nMayor libertad y comodidad en el manejo Se puede utilizar en la base o como un mezclador port\u00e1til, para un uso m\u00e1s libre.<br \/>\nTodo en un solo bot\u00f3n Sencillo y pr\u00e1ctico: elije la velocidad \u00f3ptima o funci\u00f3n activa pulsando simplemente el bot\u00f3n hacia adelante o hacia atr\u00e1s.<br \/>\nBatidores de acero inoxidables, 1 par ligero y pr\u00e1ctico de batidores que aceleran el proceso mediante la mezcla de cualquier tipo de masa.<br \/>\nDiferencias:<br \/>\nGarantiza un mayor rendimiento con 3 velocidades y funci\u00f3n de impulsos.<br \/>\nDise\u00f1o \u00fanico moderno, compacto y vers\u00e1til.<br \/>\nUsted puede realizar todas las funciones en un solo bot\u00f3n. M\u00e1s flexibilidad en el proceso.<br \/>\nBase antideslizante: garantiza una mayor estabilidad en el momento de utilizar el producto y reduce las vibraciones.<br \/>\nPuede ser utilizado en la base o como un mezclador port\u00e1til, para un uso m\u00e1s libre.<br \/>\nPeso: 1,195(kg).<\/p>\n","protected":false},"excerpt":{"rendered":"<p>BATIDORA CON PLATO CADENCE ROJA BAT411<\/p>\n","protected":false},"featured_media":10572,"comment_status":"open","ping_status":"closed","template":"","meta":{"_acf_changed":false},"pwb-brand":[362],"product_brand":[],"product_cat":[160,157],"product_tag":[],"class_list":{"0":"post-10573","1":"product","2":"type-product","3":"status-publish","4":"has-post-thumbnail","6":"pwb-brand-candence","7":"product_cat-electromenor-batidoras","8":"product_cat-electromenor","10":"first","11":"instock","12":"shipping-taxable","13":"purchasable","14":"product-type-simple"},"acf":[],"brands":[{"id":362,"name":"CANDENCE","slug":"candence"}],"_links":{"self":[{"href":"https:\/\/triplex.com.bo\/index.php\/wp-json\/wp\/v2\/product\/10573","targetHints":{"allow":["GET"]}}],"collection":[{"href":"https:\/\/triplex.com.bo\/index.php\/wp-json\/wp\/v2\/product"}],"about":[{"href":"https:\/\/triplex.com.bo\/index.php\/wp-json\/wp\/v2\/types\/product"}],"replies":[{"embeddable":true,"href":"https:\/\/triplex.com.bo\/index.php\/wp-json\/wp\/v2\/comments?post=10573"}],"wp:featuredmedia":[{"embeddable":true,"href":"https:\/\/triplex.com.bo\/index.php\/wp-json\/wp\/v2\/media\/10572"}],"wp:attachment":[{"href":"https:\/\/triplex.com.bo\/index.php\/wp-json\/wp\/v2\/media?parent=10573"}],"wp:term":[{"taxonomy":"pwb-brand","embeddable":true,"href":"https:\/\/triplex.com.bo\/index.php\/wp-json\/wp\/v2\/pwb-brand?post=10573"},{"taxonomy":"product_brand","embeddable":true,"href":"https:\/\/triplex.com.bo\/index.php\/wp-json\/wp\/v2\/product_brand?post=10573"},{"taxonomy":"product_cat","embeddable":true,"href":"https:\/\/triplex.com.bo\/index.php\/wp-json\/wp\/v2\/product_cat?post=10573"},{"taxonomy":"product_tag","embeddable":true,"href":"https:\/\/triplex.com.bo\/index.php\/wp-json\/wp\/v2\/product_tag?post=10573"}],"curies":[{"name":"wp","href":"https:\/\/api.w.org\/{rel}","templated":true}]}}