{"id":10567,"date":"2022-12-16T11:51:57","date_gmt":"2022-12-16T11:51:57","guid":{"rendered":"https:\/\/triplex.com.bo\/index.php\/product\/extractor-de-jugos-oster-fpstje320s\/"},"modified":"2024-01-04T19:40:00","modified_gmt":"2024-01-04T19:40:00","slug":"extractor-de-jugos-oster-fpstje320s","status":"publish","type":"product","link":"https:\/\/triplex.com.bo\/index.php\/product\/extractor-de-jugos-oster-fpstje320s\/","title":{"rendered":"EXTRACTOR DE JUGOS OSTER FPSTJE320S"},"content":{"rendered":"<p>El extractor de jugos Oster\u00ae extrae lo mejor de la innovaci\u00f3n. Cuenta con pr\u00e1cticamente todos los beneficios que te gustar\u00eda tener en un solo extractor, e inclusive m\u00e1s. Su boca de alimentaci\u00f3n es dos veces m\u00e1s grande, cuenta con accesorios removibles y sus dos velocidades + pulso permiten extraer el jugo tanto de ingredientes blandos como duros. Y ah\u00ed no queda todo, porque un estilo de vida saludable es tan importante como lo que tienes a tu alcance.<br \/>\n2 velocidades + pulso para extraer el jugo de ingredientes duros y blandos<br \/>\nF\u00e1cil de limpiar porque sus accesorios son extra\u00edbles<br \/>\nJarra con capacidad para 1,25 L, con separador de espuma<br \/>\nBrazo de seguridad de acero inoxidable, que garantiza que el extractor de jugos solo funcione cuando est\u00e1 cerrado<br \/>\nBoca de alimentaci\u00f3n dos veces m\u00e1s grande comprado con los modelos Oster\u00ae FPSTJE316<\/p>\n","protected":false},"excerpt":{"rendered":"<p>EXTRACTOR DE JUGOS OSTER FPSTJE320S<\/p>\n","protected":false},"featured_media":10566,"comment_status":"open","ping_status":"closed","template":"","meta":{"_acf_changed":false},"pwb-brand":[235],"product_brand":[],"product_cat":[162],"product_tag":[],"class_list":{"0":"post-10567","1":"product","2":"type-product","3":"status-publish","4":"has-post-thumbnail","6":"pwb-brand-oster","7":"product_cat-electromenor-extractores-exprimidores","9":"first","10":"outofstock","11":"shipping-taxable","12":"purchasable","13":"product-type-simple"},"acf":[],"brands":[{"id":235,"name":"OSTER","slug":"oster"}],"_links":{"self":[{"href":"https:\/\/triplex.com.bo\/index.php\/wp-json\/wp\/v2\/product\/10567","targetHints":{"allow":["GET"]}}],"collection":[{"href":"https:\/\/triplex.com.bo\/index.php\/wp-json\/wp\/v2\/product"}],"about":[{"href":"https:\/\/triplex.com.bo\/index.php\/wp-json\/wp\/v2\/types\/product"}],"replies":[{"embeddable":true,"href":"https:\/\/triplex.com.bo\/index.php\/wp-json\/wp\/v2\/comments?post=10567"}],"wp:featuredmedia":[{"embeddable":true,"href":"https:\/\/triplex.com.bo\/index.php\/wp-json\/wp\/v2\/media\/10566"}],"wp:attachment":[{"href":"https:\/\/triplex.com.bo\/index.php\/wp-json\/wp\/v2\/media?parent=10567"}],"wp:term":[{"taxonomy":"pwb-brand","embeddable":true,"href":"https:\/\/triplex.com.bo\/index.php\/wp-json\/wp\/v2\/pwb-brand?post=10567"},{"taxonomy":"product_brand","embeddable":true,"href":"https:\/\/triplex.com.bo\/index.php\/wp-json\/wp\/v2\/product_brand?post=10567"},{"taxonomy":"product_cat","embeddable":true,"href":"https:\/\/triplex.com.bo\/index.php\/wp-json\/wp\/v2\/product_cat?post=10567"},{"taxonomy":"product_tag","embeddable":true,"href":"https:\/\/triplex.com.bo\/index.php\/wp-json\/wp\/v2\/product_tag?post=10567"}],"curies":[{"name":"wp","href":"https:\/\/api.w.org\/{rel}","templated":true}]}}