{"id":10565,"date":"2022-12-16T11:51:49","date_gmt":"2022-12-16T11:51:49","guid":{"rendered":"https:\/\/triplex.com.bo\/index.php\/product\/horno-25ltrs-con-freidor-de-aire-oster\/"},"modified":"2026-01-13T16:19:27","modified_gmt":"2026-01-13T20:19:27","slug":"horno-25ltrs-con-freidor-de-aire-oster","status":"publish","type":"product","link":"https:\/\/triplex.com.bo\/index.php\/product\/horno-25ltrs-con-freidor-de-aire-oster\/","title":{"rendered":"HORNO 25LTS CON FREIDOR DE AIRE OSTER"},"content":{"rendered":"<p>\u2705 El horno Oster\u00ae de 25L con funci\u00f3n de fre\u00edr con aire, sin exceso de aceite o grasas. Utiliza un 99.5% menos aceite*.<br \/>\n\u2705 tama\u00f1o compacto de 25 litros para ahorrar espacio en el mostrador, ideal para cocinas peque\u00f1as.<br \/>\n\u2705 5 funciones: fre\u00edr con aire, hornear\/tostar, asar, convecci\u00f3n y mantener caliente.<br \/>\n\u2705 control de temperatura ajustable de hasta 230\u00b0C (450 \u00b0F)<br \/>\n\u2705 temporizador de 60 minutos con apagado autom\u00e1tico.<br \/>\n\u2705 Cocina 20% m\u00e1s r\u00e1pido que los hornos tradicionales<br \/>\n\u2705 La funci\u00f3n de fre\u00edr con aire usa 99,5% menos aceite que las freidoras tradicionales<br \/>\n\u2705 Incluye bandeja de malla para fre\u00edr al aire, bandeja para hornear y bandeja de migas extra\u00edble<br \/>\n\u2705 Potencia en watts 1500<br \/>\n\u2705 Panel manual<br \/>\n\u2705 Temporizador\/Tiempo m\u00e1ximo 60 min<br \/>\n\u2705 Medidas (Alto x Ancho X Largo) 26.8 x 42.3 x 42 cm<\/p>\n","protected":false},"excerpt":{"rendered":"<p>Logra resultados como los de un restaurante con el horno de 25L con freidora de aire Oster\u00ae. Es f\u00e1cil de usar, conveniente y no tienes que pasar horas en la cocina. La funci\u00f3n de fre\u00edr con aire te permite crear una variedad de comidas deliciosas y saludables en menos tiempo.<\/p>\n","protected":false},"featured_media":10564,"comment_status":"open","ping_status":"closed","template":"","meta":{"_acf_changed":false},"pwb-brand":[235],"product_brand":[],"product_cat":[179,144],"product_tag":[],"class_list":{"0":"post-10565","1":"product","2":"type-product","3":"status-publish","4":"has-post-thumbnail","6":"pwb-brand-oster","7":"product_cat-hornos-microondas-mesa","8":"product_cat-hornos-microondas","10":"first","11":"outofstock","12":"sold-individually","13":"shipping-taxable","14":"purchasable","15":"product-type-simple"},"acf":[],"brands":[{"id":235,"name":"OSTER","slug":"oster"}],"_links":{"self":[{"href":"https:\/\/triplex.com.bo\/index.php\/wp-json\/wp\/v2\/product\/10565","targetHints":{"allow":["GET"]}}],"collection":[{"href":"https:\/\/triplex.com.bo\/index.php\/wp-json\/wp\/v2\/product"}],"about":[{"href":"https:\/\/triplex.com.bo\/index.php\/wp-json\/wp\/v2\/types\/product"}],"replies":[{"embeddable":true,"href":"https:\/\/triplex.com.bo\/index.php\/wp-json\/wp\/v2\/comments?post=10565"}],"wp:featuredmedia":[{"embeddable":true,"href":"https:\/\/triplex.com.bo\/index.php\/wp-json\/wp\/v2\/media\/10564"}],"wp:attachment":[{"href":"https:\/\/triplex.com.bo\/index.php\/wp-json\/wp\/v2\/media?parent=10565"}],"wp:term":[{"taxonomy":"pwb-brand","embeddable":true,"href":"https:\/\/triplex.com.bo\/index.php\/wp-json\/wp\/v2\/pwb-brand?post=10565"},{"taxonomy":"product_brand","embeddable":true,"href":"https:\/\/triplex.com.bo\/index.php\/wp-json\/wp\/v2\/product_brand?post=10565"},{"taxonomy":"product_cat","embeddable":true,"href":"https:\/\/triplex.com.bo\/index.php\/wp-json\/wp\/v2\/product_cat?post=10565"},{"taxonomy":"product_tag","embeddable":true,"href":"https:\/\/triplex.com.bo\/index.php\/wp-json\/wp\/v2\/product_tag?post=10565"}],"curies":[{"name":"wp","href":"https:\/\/api.w.org\/{rel}","templated":true}]}}