{"id":10563,"date":"2022-12-16T11:51:45","date_gmt":"2022-12-16T11:51:45","guid":{"rendered":"https:\/\/triplex.com.bo\/index.php\/product\/tostadora-2-panes-inox-oster\/"},"modified":"2026-03-04T21:37:48","modified_gmt":"2026-03-05T01:37:48","slug":"tostadora-2-panes-inox-oster","status":"publish","type":"product","link":"https:\/\/triplex.com.bo\/index.php\/product\/tostadora-2-panes-inox-oster\/","title":{"rendered":"TOSTADORA 2 PANES INOX OSTER NEGRO"},"content":{"rendered":"<p>Duplica la practicidad en tu cocina a la hora de preparar el desayuno con la tostadora de dos rebanadas Oster\u00ae y 7 ajustes de tostado. La mejor manera de comenzar el d\u00eda.<br \/>\nDise\u00f1o sofisticado en acero inoxidable, que ofrece resultados r\u00e1pidos y deliciosos<br \/>\n7 ajustes de tostado, desde m\u00e1s claro hasta m\u00e1s oscuro, para tostar seg\u00fan tu preferencia<br \/>\nCapacidad para dos rebanadas de pan<br \/>\nRanuras grandes y anchas para colocar f\u00e1cilmente una variedad de panes y alimentos<br \/>\nBandeja extra\u00edble f\u00e1cil de limpiar<br \/>\nM\u00faltiples funciones para cancelar, descongelar y recalenta<\/p>\n","protected":false},"excerpt":{"rendered":"<p>TOSTADORA 2 PANES INOX OSTER<\/p>\n","protected":false},"featured_media":10562,"comment_status":"open","ping_status":"closed","template":"","meta":{"_acf_changed":false},"pwb-brand":[235],"product_brand":[],"product_cat":[157,209,171],"product_tag":[430],"class_list":{"0":"post-10563","1":"product","2":"type-product","3":"status-publish","4":"has-post-thumbnail","6":"pwb-brand-oster","7":"product_cat-electromenor","8":"product_cat-ofertas-especiales","9":"product_cat-electromenor-tostadoras","10":"product_tag-oferta","12":"first","13":"instock","14":"sale","15":"shipping-taxable","16":"purchasable","17":"product-type-simple"},"acf":[],"brands":[{"id":235,"name":"OSTER","slug":"oster"}],"_links":{"self":[{"href":"https:\/\/triplex.com.bo\/index.php\/wp-json\/wp\/v2\/product\/10563","targetHints":{"allow":["GET"]}}],"collection":[{"href":"https:\/\/triplex.com.bo\/index.php\/wp-json\/wp\/v2\/product"}],"about":[{"href":"https:\/\/triplex.com.bo\/index.php\/wp-json\/wp\/v2\/types\/product"}],"replies":[{"embeddable":true,"href":"https:\/\/triplex.com.bo\/index.php\/wp-json\/wp\/v2\/comments?post=10563"}],"wp:featuredmedia":[{"embeddable":true,"href":"https:\/\/triplex.com.bo\/index.php\/wp-json\/wp\/v2\/media\/10562"}],"wp:attachment":[{"href":"https:\/\/triplex.com.bo\/index.php\/wp-json\/wp\/v2\/media?parent=10563"}],"wp:term":[{"taxonomy":"pwb-brand","embeddable":true,"href":"https:\/\/triplex.com.bo\/index.php\/wp-json\/wp\/v2\/pwb-brand?post=10563"},{"taxonomy":"product_brand","embeddable":true,"href":"https:\/\/triplex.com.bo\/index.php\/wp-json\/wp\/v2\/product_brand?post=10563"},{"taxonomy":"product_cat","embeddable":true,"href":"https:\/\/triplex.com.bo\/index.php\/wp-json\/wp\/v2\/product_cat?post=10563"},{"taxonomy":"product_tag","embeddable":true,"href":"https:\/\/triplex.com.bo\/index.php\/wp-json\/wp\/v2\/product_tag?post=10563"}],"curies":[{"name":"wp","href":"https:\/\/api.w.org\/{rel}","templated":true}]}}