{"id":10525,"date":"2022-12-16T11:48:54","date_gmt":"2022-12-16T11:48:54","guid":{"rendered":"https:\/\/triplex.com.bo\/index.php\/product\/ventilador-oster-de-mesa-ovtr480-220\/"},"modified":"2024-11-02T17:19:19","modified_gmt":"2024-11-02T21:19:19","slug":"ventilador-oster-de-mesa-ovtr480-220","status":"publish","type":"product","link":"https:\/\/triplex.com.bo\/index.php\/product\/ventilador-oster-de-mesa-ovtr480-220\/","title":{"rendered":"VENTILADOR OSTER DE MESA OVTR480-220"},"content":{"rendered":"<p>2 en 1 y viento en todas direcciones<br \/>\nCon 2 variaciones de inclinaci\u00f3n vertical m\u00e1s oscilaci\u00f3n horizontal, el nuevo ventilador Oster\u00ae 2 en 1 de 126 W tambi\u00e9n se puede montar en la pared y enfriar\u00e1 completamente su espacio.<br \/>\n126 W + H\u00c9LICE CON 6 CUCHILLAS<br \/>\nCon esa potencia y la h\u00e9lice de 6 aspas, el ventilador Oster\u00ae 2 en 1 de 126 W le brindar\u00e1 mucho m\u00e1s flujo de aire fresco.<br \/>\nFacilidad de limpieza y almacenamiento.<br \/>\nTu nuevo ventilador Oster\u00ae 2 en 1 de 126 W es s\u00faper f\u00e1cil de limpiar y guardar, ya que cuenta con un sistema de clip que facilita quitar la rejilla frontal, adem\u00e1s de ser completamente desmontable.<br \/>\nmanejar para transporte<br \/>\nLleve f\u00e1cilmente su ventilador Oster\u00ae a cualquier lugar con su c\u00f3moda manija de transporte.<br \/>\nVoltaje 127V \/ 220V<br \/>\nPotencia 126W<br \/>\nConsumo 0.126kWh<\/p>\n","protected":false},"excerpt":{"rendered":"<p>El nuevo ventilador de columna de Oster es m\u00e1s potente, con altura ajustable, tiene sofisticaci\u00f3n y termina en cada detalle.<\/p>\n","protected":false},"featured_media":10524,"comment_status":"open","ping_status":"closed","template":"","meta":{"_acf_changed":false},"pwb-brand":[235],"product_brand":[],"product_cat":[154,139],"product_tag":[],"class_list":{"0":"post-10525","1":"product","2":"type-product","3":"status-publish","4":"has-post-thumbnail","6":"pwb-brand-oster","7":"product_cat-climatizacion-ventiladores-calentadores","8":"product_cat-climatizacion","10":"first","11":"outofstock","12":"shipping-taxable","13":"purchasable","14":"product-type-simple"},"acf":[],"brands":[{"id":235,"name":"OSTER","slug":"oster"}],"_links":{"self":[{"href":"https:\/\/triplex.com.bo\/index.php\/wp-json\/wp\/v2\/product\/10525","targetHints":{"allow":["GET"]}}],"collection":[{"href":"https:\/\/triplex.com.bo\/index.php\/wp-json\/wp\/v2\/product"}],"about":[{"href":"https:\/\/triplex.com.bo\/index.php\/wp-json\/wp\/v2\/types\/product"}],"replies":[{"embeddable":true,"href":"https:\/\/triplex.com.bo\/index.php\/wp-json\/wp\/v2\/comments?post=10525"}],"wp:featuredmedia":[{"embeddable":true,"href":"https:\/\/triplex.com.bo\/index.php\/wp-json\/wp\/v2\/media\/10524"}],"wp:attachment":[{"href":"https:\/\/triplex.com.bo\/index.php\/wp-json\/wp\/v2\/media?parent=10525"}],"wp:term":[{"taxonomy":"pwb-brand","embeddable":true,"href":"https:\/\/triplex.com.bo\/index.php\/wp-json\/wp\/v2\/pwb-brand?post=10525"},{"taxonomy":"product_brand","embeddable":true,"href":"https:\/\/triplex.com.bo\/index.php\/wp-json\/wp\/v2\/product_brand?post=10525"},{"taxonomy":"product_cat","embeddable":true,"href":"https:\/\/triplex.com.bo\/index.php\/wp-json\/wp\/v2\/product_cat?post=10525"},{"taxonomy":"product_tag","embeddable":true,"href":"https:\/\/triplex.com.bo\/index.php\/wp-json\/wp\/v2\/product_tag?post=10525"}],"curies":[{"name":"wp","href":"https:\/\/api.w.org\/{rel}","templated":true}]}}