{"id":10521,"date":"2022-12-16T11:48:26","date_gmt":"2022-12-16T11:48:26","guid":{"rendered":"https:\/\/triplex.com.bo\/index.php\/product\/aspiradora-1400w-electrolux-son10\/"},"modified":"2024-08-15T14:44:16","modified_gmt":"2024-08-15T18:44:16","slug":"aspiradora-1400w-electrolux-son10","status":"publish","type":"product","link":"https:\/\/triplex.com.bo\/index.php\/product\/aspiradora-1400w-electrolux-son10\/","title":{"rendered":"ASPIRADORA 1400W ELECTROLUX SON10 C\/BOLSA"},"content":{"rendered":"<p>La aspiradora SON10 Electrolux maneja:<br \/>\n1400W de potencia: Potencia ideal para una limpieza completa. Motor con alto poder de succi\u00f3n y bajo consumo de energ\u00eda.<br \/>\nAlcance Total de 6m: Mayor practicidad y autonom\u00eda, sin la necesidad de cambiar de tomas a todo instante.<br \/>\nCapacidad para 1,24L de Polvo: Aspira m\u00e1s suciedad en un solo saco colector de polvo, permitiendo mucho m\u00e1s tiempo de uso.<br \/>\nConjunto Completo de Accesorios 2x tubos prolongadores, boquilla para pisos, boquilla para tapizados y boquilla para esquinas \/ ranuras con cepillo. Cada accesorio ideal para un determinado tipo de limpieza.<br \/>\nControl de succi\u00f3n: Es posible controlar la succi\u00f3n de la manguera de acuerdo con el piso a ser aspirado, evitando desperdicio de energ\u00eda.<br \/>\nEnrollador autom\u00e1tico de cable el\u00e9ctrico: Con un simple toque, guarda el cable el\u00e9ctrico con facilidad y practicidad, manteni\u00e9ndolo siempre seguro.<br \/>\nIndicador de cambio del saco colector de polvo: Dispositivo que cambia de color y avisa cuando el saco colector de polvo debe ser reemplazado, manteniendo el m\u00e1ximo poder de succi\u00f3n y la eficiencia del aspirador.<br \/>\nRegulaci\u00f3n de potencia: La potencia se puede ajustar f\u00e1cilmente seg\u00fan el piso o la superficie que se aspira, sin da\u00f1arlos.<br \/>\nSistema de triple Filtrado: 3 niveles de filtraci\u00f3n que proporcionan una limpieza m\u00e1s eficiente y un aire m\u00e1s sano.<br \/>\nSoporte para manguera Evita que la manguera del aspirador quede tirada por el suelo de la casa, manteniendo el aspirador siempre listo para usar.<br \/>\nCaracter\u00edsticas:<br \/>\nCapacidad del recipiente: 01:24 L<br \/>\nLongitud del cable de alimentaci\u00f3n: 3 m<br \/>\nColor: Azul<br \/>\nFrecuencia: 50 \/ 60 Hz<\/p>\n<p>Dimensiones del producto (Alto X Ancho X Profundo):<br \/>\n35 x 28 x 22 cm<br \/>\nPeso del Producto (kg):<\/p>\n","protected":false},"excerpt":{"rendered":"<p>ASPIRADORA 1400W ELECTROLUX SON10<\/p>\n","protected":false},"featured_media":10520,"comment_status":"open","ping_status":"closed","template":"","meta":{"_acf_changed":false},"pwb-brand":[207],"product_brand":[],"product_cat":[158,157],"product_tag":[],"class_list":{"0":"post-10521","1":"product","2":"type-product","3":"status-publish","4":"has-post-thumbnail","6":"pwb-brand-electrolux","7":"product_cat-electromenor-aspiradoras","8":"product_cat-electromenor","10":"first","11":"instock","12":"shipping-taxable","13":"purchasable","14":"product-type-simple"},"acf":[],"brands":[{"id":207,"name":"Electrolux","slug":"electrolux"}],"_links":{"self":[{"href":"https:\/\/triplex.com.bo\/index.php\/wp-json\/wp\/v2\/product\/10521","targetHints":{"allow":["GET"]}}],"collection":[{"href":"https:\/\/triplex.com.bo\/index.php\/wp-json\/wp\/v2\/product"}],"about":[{"href":"https:\/\/triplex.com.bo\/index.php\/wp-json\/wp\/v2\/types\/product"}],"replies":[{"embeddable":true,"href":"https:\/\/triplex.com.bo\/index.php\/wp-json\/wp\/v2\/comments?post=10521"}],"wp:featuredmedia":[{"embeddable":true,"href":"https:\/\/triplex.com.bo\/index.php\/wp-json\/wp\/v2\/media\/10520"}],"wp:attachment":[{"href":"https:\/\/triplex.com.bo\/index.php\/wp-json\/wp\/v2\/media?parent=10521"}],"wp:term":[{"taxonomy":"pwb-brand","embeddable":true,"href":"https:\/\/triplex.com.bo\/index.php\/wp-json\/wp\/v2\/pwb-brand?post=10521"},{"taxonomy":"product_brand","embeddable":true,"href":"https:\/\/triplex.com.bo\/index.php\/wp-json\/wp\/v2\/product_brand?post=10521"},{"taxonomy":"product_cat","embeddable":true,"href":"https:\/\/triplex.com.bo\/index.php\/wp-json\/wp\/v2\/product_cat?post=10521"},{"taxonomy":"product_tag","embeddable":true,"href":"https:\/\/triplex.com.bo\/index.php\/wp-json\/wp\/v2\/product_tag?post=10521"}],"curies":[{"name":"wp","href":"https:\/\/api.w.org\/{rel}","templated":true}]}}