{"id":10513,"date":"2022-12-16T11:47:35","date_gmt":"2022-12-16T11:47:35","guid":{"rendered":"https:\/\/triplex.com.bo\/index.php\/product\/freidor-de-aire-oster-3-2ltrs\/"},"modified":"2024-08-29T10:43:16","modified_gmt":"2024-08-29T14:43:16","slug":"freidor-de-aire-oster-3-2ltrs","status":"publish","type":"product","link":"https:\/\/triplex.com.bo\/index.php\/product\/freidor-de-aire-oster-3-2ltrs\/","title":{"rendered":"FREIDOR DE AIRE OSTER 3.2LTRS"},"content":{"rendered":"<p>La freidora de aire Oster\u00ae utiliza hasta un 99.5% menos aceite en comparaci\u00f3n con las freidoras tradicionales. El aire caliente circula alrededor de la comida, lo que permite cocinar dejando una capa crujiente por fuera, y suave y jugosa por dentro. Nuestras freidoras de aire cuentan con una superficie natural Bioceramic\u2122 que ayuda a cocinar hasta 30% m\u00e1s r\u00e1pido, es f\u00e1cil de limpiar y dura hasta 8x m\u00e1s que otras superficies.<\/p>\n<p>Recubrimiento de cer\u00e1mica Bioceramic\u00ae; 4 veces m\u00e1s resistente a rayaduras (comparado con recubrimiento tradicional)<br \/>\nCapacidad extra grande de 3.2L (comparado con freidoras de 4L)<br \/>\nTemporizador de 30 minutos con alerta sonora, control de temperatura variable de hasta 200 \u00b0C o 400 \u00b0F y una alerta sonora que indica cuando est\u00e1 lista la comida<br \/>\nCesta interior extra\u00edble con recubrimiento de cer\u00e1mica Bioceramic\u2122 f\u00e1cil de limpiar<br \/>\nMango seguro al tacto<br \/>\nUtiliza hasta 99.5% menos aceite<br \/>\nCanasta extra grande con 3.2 litros de capacidad para preparar m\u00faltiples porciones de comidas favoritas y poder cocinar para toda la familia<br \/>\nRecomendaci\u00f3n Antes de usar por primera vez la freidora de aire con recubrimiento Bioceramic\u2122 o antiadherente, cubre la superficie de la cesta con aceite vegetal. Coloca la cesta en su lugar. Prende la freidora a la m\u00e1xima potencia por 5-10 minutos. Luego apaga y deja enfriar completamente. Finalmente, con un pa\u00f1o suave lava la cesta con agua caliente y seca. Ahora tu freidora de aire ya est\u00e1 curada y lista para usar.<\/p>\n","protected":false},"excerpt":{"rendered":"<p>FREIDOR DE AIRE OSTER 3.2LTRS<\/p>\n","protected":false},"featured_media":10512,"comment_status":"open","ping_status":"closed","template":"","meta":{"_acf_changed":false},"pwb-brand":[235],"product_brand":[],"product_cat":[166],"product_tag":[],"class_list":{"0":"post-10513","1":"product","2":"type-product","3":"status-publish","4":"has-post-thumbnail","6":"pwb-brand-oster","7":"product_cat-freidoras","9":"first","10":"outofstock","11":"shipping-taxable","12":"purchasable","13":"product-type-simple"},"acf":[],"brands":[{"id":235,"name":"OSTER","slug":"oster"}],"_links":{"self":[{"href":"https:\/\/triplex.com.bo\/index.php\/wp-json\/wp\/v2\/product\/10513","targetHints":{"allow":["GET"]}}],"collection":[{"href":"https:\/\/triplex.com.bo\/index.php\/wp-json\/wp\/v2\/product"}],"about":[{"href":"https:\/\/triplex.com.bo\/index.php\/wp-json\/wp\/v2\/types\/product"}],"replies":[{"embeddable":true,"href":"https:\/\/triplex.com.bo\/index.php\/wp-json\/wp\/v2\/comments?post=10513"}],"wp:featuredmedia":[{"embeddable":true,"href":"https:\/\/triplex.com.bo\/index.php\/wp-json\/wp\/v2\/media\/10512"}],"wp:attachment":[{"href":"https:\/\/triplex.com.bo\/index.php\/wp-json\/wp\/v2\/media?parent=10513"}],"wp:term":[{"taxonomy":"pwb-brand","embeddable":true,"href":"https:\/\/triplex.com.bo\/index.php\/wp-json\/wp\/v2\/pwb-brand?post=10513"},{"taxonomy":"product_brand","embeddable":true,"href":"https:\/\/triplex.com.bo\/index.php\/wp-json\/wp\/v2\/product_brand?post=10513"},{"taxonomy":"product_cat","embeddable":true,"href":"https:\/\/triplex.com.bo\/index.php\/wp-json\/wp\/v2\/product_cat?post=10513"},{"taxonomy":"product_tag","embeddable":true,"href":"https:\/\/triplex.com.bo\/index.php\/wp-json\/wp\/v2\/product_tag?post=10513"}],"curies":[{"name":"wp","href":"https:\/\/api.w.org\/{rel}","templated":true}]}}