{"id":10497,"date":"2022-12-16T11:46:32","date_gmt":"2022-12-16T11:46:32","guid":{"rendered":"https:\/\/triplex.com.bo\/index.php\/product\/cafetera-cadence-caf105\/"},"modified":"2024-08-29T12:55:09","modified_gmt":"2024-08-29T16:55:09","slug":"cafetera-cadence-caf105","status":"publish","type":"product","link":"https:\/\/triplex.com.bo\/index.php\/product\/cafetera-cadence-caf105\/","title":{"rendered":"CAFETERA CADENCE CAF105"},"content":{"rendered":"<p>Cafetera Cadence Italiana Picolla Inox 127V CAF105Para los amantes del caf\u00e9, Cadence trae la cafetera Picolla Italiana. \u00a1Experimente el verdadero sabor del caf\u00e9 italiano todos los d\u00edas en casa! La Cafetera Picolla Italiana te brindar\u00e1 la experiencia completa, con sensaciones, aromas y sabores intensos y originales. Con su dise\u00f1o exclusivo, la cafetera Picola Italiana te conquistar\u00e1. Su dise\u00f1o de acero inoxidable y su capacidad de 750 ml son innovadores. Es una cafetera muy pr\u00e1ctica, ya que tiene indicadores de medici\u00f3n de agua en su interior y caf\u00e9, en el filtro permanente. Y para colmo, dispone de l\u00e1mpara de quir\u00f3fano LED. Su filtrado es por percolaci\u00f3n. Brinda una experiencia completa, manteniendo la temperatura del caf\u00e9 sin que se queme y a\u00fan extrayendo el m\u00e1ximo sabor. Consejos para que tu experiencia sea completa: 1 &#8211; Mant\u00e9n la jarra en la base despu\u00e9s de servir, as\u00ed la temperatura siempre ser\u00e1 ideal mientras la cafetera est\u00e9 encendida. 2 -Para servir, despu\u00e9s de que el caf\u00e9 est\u00e9 preparado, espere 3 minutos, de esta manera, cualquier rastro de polvo se depositar\u00e1 en el fondo de la cafetera y no se servir\u00e1n juntos. Disfrute del mejor caf\u00e9 con la cafetera Picolla Italiana Cadence y empiece el d\u00eda de la mejor manera. Especificaciones t\u00e9cnicas: &#8211; Marca: Cadence- Modelo: CAF105- Voltaje 127V- Color: Acero inoxidable- Potencia: 600W- Capacidad: 750 ml- Consumo: 0,6 KW \/ h- C\u00f3digo de barras: 7898615988881 &#8211; Dimensiones del producto (AnxAlxPr): 13,5 x 28,5 x 20,5 cm- Peso: 1,05 Kg- Garant\u00eda: 12 meses cualquier rastro de polvo se depositar\u00e1 en el fondo de la cafetera y no se servir\u00e1n juntos. Disfrute del mejor caf\u00e9 con la cafetera Picolla Italiana Cadence y empiece bien el d\u00eda. Especificaciones t\u00e9cnicas: &#8211; Marca: Cadence- Modelo: CAF105- Voltaje 127V- Color: Acero inoxidable- Potencia: 600W- Capacidad: 750 ml- Consumo: 0,6 KW \/ h- C\u00f3digo de barras: 7898615988881 &#8211; Dimensiones del producto (An x Al x Pr): 13,5 x 28,5 x 20,5 cm- Peso: 1,05 Kg- Garant\u00eda: 12 meses cualquier rastro de polvo se depositar\u00e1 en el fondo de la cafetera y no se servir\u00e1n juntos. Disfrute del mejor caf\u00e9 con la cafetera Picolla Italiana Cadence y empiece el d\u00eda de la mejor manera. Especificaciones t\u00e9cnicas: &#8211; Marca: Cadence- Modelo: CAF105- Voltaje 127V- Color: Acero inoxidable- Potencia: 600W- Capacidad: 750 ml- Consumo: 0,6 KW \/ h- C\u00f3digo de barras: 7898615988881 &#8211; Dimensiones del producto (AnxAlxPr): 13,5 x 28,5 x 20,5 cm- Peso: 1,05 Kg- Garant\u00eda: 12 meses<\/p>\n","protected":false},"excerpt":{"rendered":"<p>CAFETERA CADENCE ITALIANA<\/p>\n","protected":false},"featured_media":10496,"comment_status":"open","ping_status":"closed","template":"","meta":{"_acf_changed":false},"pwb-brand":[362],"product_brand":[],"product_cat":[254,157],"product_tag":[],"class_list":{"0":"post-10497","1":"product","2":"type-product","3":"status-publish","4":"has-post-thumbnail","6":"pwb-brand-candence","7":"product_cat-electromenor-cafeteras","8":"product_cat-electromenor","10":"first","11":"instock","12":"shipping-taxable","13":"purchasable","14":"product-type-simple"},"acf":[],"brands":[{"id":362,"name":"CANDENCE","slug":"candence"}],"_links":{"self":[{"href":"https:\/\/triplex.com.bo\/index.php\/wp-json\/wp\/v2\/product\/10497","targetHints":{"allow":["GET"]}}],"collection":[{"href":"https:\/\/triplex.com.bo\/index.php\/wp-json\/wp\/v2\/product"}],"about":[{"href":"https:\/\/triplex.com.bo\/index.php\/wp-json\/wp\/v2\/types\/product"}],"replies":[{"embeddable":true,"href":"https:\/\/triplex.com.bo\/index.php\/wp-json\/wp\/v2\/comments?post=10497"}],"wp:featuredmedia":[{"embeddable":true,"href":"https:\/\/triplex.com.bo\/index.php\/wp-json\/wp\/v2\/media\/10496"}],"wp:attachment":[{"href":"https:\/\/triplex.com.bo\/index.php\/wp-json\/wp\/v2\/media?parent=10497"}],"wp:term":[{"taxonomy":"pwb-brand","embeddable":true,"href":"https:\/\/triplex.com.bo\/index.php\/wp-json\/wp\/v2\/pwb-brand?post=10497"},{"taxonomy":"product_brand","embeddable":true,"href":"https:\/\/triplex.com.bo\/index.php\/wp-json\/wp\/v2\/product_brand?post=10497"},{"taxonomy":"product_cat","embeddable":true,"href":"https:\/\/triplex.com.bo\/index.php\/wp-json\/wp\/v2\/product_cat?post=10497"},{"taxonomy":"product_tag","embeddable":true,"href":"https:\/\/triplex.com.bo\/index.php\/wp-json\/wp\/v2\/product_tag?post=10497"}],"curies":[{"name":"wp","href":"https:\/\/api.w.org\/{rel}","templated":true}]}}