{"id":10493,"date":"2022-12-16T11:46:23","date_gmt":"2022-12-16T11:46:23","guid":{"rendered":"https:\/\/triplex.com.bo\/index.php\/product\/cocina-de-empotrar-4h-gas-frigidaire-110v\/"},"modified":"2025-03-20T15:53:49","modified_gmt":"2025-03-20T19:53:49","slug":"cocina-de-empotrar-4h-gas-frigidaire-110v","status":"publish","type":"product","link":"https:\/\/triplex.com.bo\/index.php\/product\/cocina-de-empotrar-4h-gas-frigidaire-110v\/","title":{"rendered":"COCINA DE EMPOTRAR 4H GAS FRIGIDAIRE 110V"},"content":{"rendered":"<p>\u2705 Tecnolog\u00eda americana<br \/>\n\u2705 Acabado de las rejillas: negro mate<br \/>\n\u2705 Perillas giratorias de acero inoxidable<br \/>\n\u2705 Hervir r\u00e1pido: hierve el agua m\u00e1s r\u00e1pido<br \/>\n\u2705 Incluye regulador de presi\u00f3n de gas original<br \/>\n\u2705 Equipos \u00e1ltamente calificados Made In USA<br \/>\n\u2705 Controles frontales en \u00e1ngulo f\u00e1ciles de usar<br \/>\n\u2705 Quemadores empotrados sin costura f\u00e1ciles de limpiar<br \/>\n\u2705 Superficie de cocci\u00f3n de acero inoxidable de \u00e1lta calidad<br \/>\n\u2705 Quemador a fuego lento: perfecto para comidas delicadas y salsas<br \/>\n\u2705 Estufa SpillSafe: la estufa contiene los derrames para facilitar la limpieza<br \/>\n\u2705 Predispuesta a gas domiciliario (Gn) + kit de conversi\u00f3n para gas de garrafa (Glp)<br \/>\n\u2705 Encendido el\u00e9ctrico s\u00faper autom\u00e1tico: pr\u00e1ctico sistema que permite encender los quemadores con tan solo girar la perilla<br \/>\n\u2705 Para el cuidado de tu cocina, la misma incluye l\u00edquido limpiador que ayuda a eliminar grasa, aceite, manchas dif\u00edciles y mantener el brillo y textura de tu cocina<br \/>\n\u2705 Rejillas continuas de esquina a esquina: gracias a las rejillas de hierro fundido continuas y duraderas puedes deslizar una variedad de ollas y sartenes pesadas a trav\u00e9s de los quemadores con total facilidad<br \/>\n\u2705 Quemador de elemento delantero derecho: 18.000 BTU. Quemador de elemento trasero derecho: 5.000 BTU. Quemador de elemento delantero izquierdo: 12.000 BTU. Quemador de elemento trasero izquierdo: 9.500 BTU<br \/>\n\u2705 Certificaci\u00f3n CSA: las marcas de certificaci\u00f3n internacional de CSA indican que un producto, proceso o servicio se ha probado seg\u00fan un est\u00e1ndar canadiense o estadounidense y cumple con los requisitos de un est\u00e1ndar CSA destinado a reducir el riesgo de incendios y descargas el\u00e9ctricas provocados por aparatos el\u00e9ctricos y electr\u00f3nicos<br \/>\n\u2705 Medidas del producto: Alto 14,6 cm. Ancho 76,3 cm. Largo 55,6 cm.<br \/>\n\u2705 Dimensiones aproximadas del cuerpo que va empotrado: Alto 9,8 cm. Ancho 71 cm. Largo 48 cm.<\/p>\n","protected":false},"excerpt":{"rendered":"<p>Estufa a gas de 30 pulgadas con 4 quemadores sellados, rejillas continuas de hierro fundido aptas para lavavajillas, quemador a fuego lento, superficie de cocci\u00f3n SpillSafe\u00ae, controles de selecci\u00f3n r\u00e1pida en \u00e1ngulo frontal y dise\u00f1o compatible con ADA: acero inoxidable<\/p>\n","protected":false},"featured_media":12946,"comment_status":"open","ping_status":"closed","template":"","meta":{"_acf_changed":false},"pwb-brand":[212],"product_brand":[],"product_cat":[156,140],"product_tag":[],"class_list":{"0":"post-10493","1":"product","2":"type-product","3":"status-publish","4":"has-post-thumbnail","6":"pwb-brand-frigidaire","7":"product_cat-cocinas-empotrables","8":"product_cat-cocinas","10":"first","11":"instock","12":"shipping-taxable","13":"purchasable","14":"product-type-simple"},"acf":[],"brands":[{"id":212,"name":"FRIGIDAIRE","slug":"frigidaire"}],"_links":{"self":[{"href":"https:\/\/triplex.com.bo\/index.php\/wp-json\/wp\/v2\/product\/10493","targetHints":{"allow":["GET"]}}],"collection":[{"href":"https:\/\/triplex.com.bo\/index.php\/wp-json\/wp\/v2\/product"}],"about":[{"href":"https:\/\/triplex.com.bo\/index.php\/wp-json\/wp\/v2\/types\/product"}],"replies":[{"embeddable":true,"href":"https:\/\/triplex.com.bo\/index.php\/wp-json\/wp\/v2\/comments?post=10493"}],"wp:featuredmedia":[{"embeddable":true,"href":"https:\/\/triplex.com.bo\/index.php\/wp-json\/wp\/v2\/media\/12946"}],"wp:attachment":[{"href":"https:\/\/triplex.com.bo\/index.php\/wp-json\/wp\/v2\/media?parent=10493"}],"wp:term":[{"taxonomy":"pwb-brand","embeddable":true,"href":"https:\/\/triplex.com.bo\/index.php\/wp-json\/wp\/v2\/pwb-brand?post=10493"},{"taxonomy":"product_brand","embeddable":true,"href":"https:\/\/triplex.com.bo\/index.php\/wp-json\/wp\/v2\/product_brand?post=10493"},{"taxonomy":"product_cat","embeddable":true,"href":"https:\/\/triplex.com.bo\/index.php\/wp-json\/wp\/v2\/product_cat?post=10493"},{"taxonomy":"product_tag","embeddable":true,"href":"https:\/\/triplex.com.bo\/index.php\/wp-json\/wp\/v2\/product_tag?post=10493"}],"curies":[{"name":"wp","href":"https:\/\/api.w.org\/{rel}","templated":true}]}}