{"id":10489,"date":"2022-12-16T11:46:06","date_gmt":"2022-12-16T11:46:06","guid":{"rendered":"https:\/\/triplex.com.bo\/index.php\/product\/cocina-electrica-4h-acero-frigidaire-110v\/"},"modified":"2025-03-20T15:55:13","modified_gmt":"2025-03-20T19:55:13","slug":"cocina-electrica-4h-acero-frigidaire-110v","status":"publish","type":"product","link":"https:\/\/triplex.com.bo\/index.php\/product\/cocina-electrica-4h-acero-frigidaire-110v\/","title":{"rendered":"COCINA ELECTRICA 4H ACERO FRIGIDAIRE 110V"},"content":{"rendered":"<p>DESCRIPCI\u00d3N INFORMACI\u00d3N ADICIONAL<br \/>\nElemento de ebullici\u00f3n r\u00e1pida, sistema de auto limpieza, horno de gran capacidad y timer.<br \/>\nHervir r\u00e1pido: Pon las comidas en la mesa m\u00e1s r\u00e1pido con nuestro elemento de 3000 W: el agua hierve m\u00e1s r\u00e1pido que en la configuraci\u00f3n tradicional.<br \/>\nElementos expandibles SpaceWise\u00ae: Los elementos flexibles se expanden para satisfacer sus necesidades culinarias, ya sean grandes o peque\u00f1as.<br \/>\nCaj\u00f3n de almacenamiento Store-More \u2122: Con el caj\u00f3n de almacenamiento Store-More \u2122, tendr\u00e1 espacio adicional para guardar sus utensilios de cocina.<br \/>\nMantener la zona c\u00e1lida: Mantenga la comida caliente hasta que todo, y todos, est\u00e9n listos.<br \/>\nMarca Frigidaire<br \/>\nAncho 30\u2033<br \/>\nConexi\u00f3n Wi-Fi N\/A<br \/>\nCantidad De Hornillas 6<br \/>\nTipo de superficie Vitrocer\u00e1mico<br \/>\nWarming Zone S\u00ed<br \/>\nHornillas extensibles S\u00ed<br \/>\nPanel Digital S\u00ed<br \/>\nLuz En El Horno S\u00ed<br \/>\nSistema De Convecci\u00f3n No<br \/>\nFunci\u00f3n Programable De Horno S\u00ed<br \/>\nAuto Limpieza En Horno S\u00ed<br \/>\nAsador Si<\/p>\n","protected":false},"excerpt":{"rendered":"<p>COCINA ELECTRICA 4H ACERO FRIGIDAIRE 110V<\/p>\n","protected":false},"featured_media":10488,"comment_status":"open","ping_status":"closed","template":"","meta":{"_acf_changed":false},"pwb-brand":[212],"product_brand":[],"product_cat":[155],"product_tag":[],"class_list":{"0":"post-10489","1":"product","2":"type-product","3":"status-publish","4":"has-post-thumbnail","6":"pwb-brand-frigidaire","7":"product_cat-cocinas-piso","9":"first","10":"outofstock","11":"shipping-taxable","12":"purchasable","13":"product-type-simple"},"acf":[],"brands":[{"id":212,"name":"FRIGIDAIRE","slug":"frigidaire"}],"_links":{"self":[{"href":"https:\/\/triplex.com.bo\/index.php\/wp-json\/wp\/v2\/product\/10489","targetHints":{"allow":["GET"]}}],"collection":[{"href":"https:\/\/triplex.com.bo\/index.php\/wp-json\/wp\/v2\/product"}],"about":[{"href":"https:\/\/triplex.com.bo\/index.php\/wp-json\/wp\/v2\/types\/product"}],"replies":[{"embeddable":true,"href":"https:\/\/triplex.com.bo\/index.php\/wp-json\/wp\/v2\/comments?post=10489"}],"wp:featuredmedia":[{"embeddable":true,"href":"https:\/\/triplex.com.bo\/index.php\/wp-json\/wp\/v2\/media\/10488"}],"wp:attachment":[{"href":"https:\/\/triplex.com.bo\/index.php\/wp-json\/wp\/v2\/media?parent=10489"}],"wp:term":[{"taxonomy":"pwb-brand","embeddable":true,"href":"https:\/\/triplex.com.bo\/index.php\/wp-json\/wp\/v2\/pwb-brand?post=10489"},{"taxonomy":"product_brand","embeddable":true,"href":"https:\/\/triplex.com.bo\/index.php\/wp-json\/wp\/v2\/product_brand?post=10489"},{"taxonomy":"product_cat","embeddable":true,"href":"https:\/\/triplex.com.bo\/index.php\/wp-json\/wp\/v2\/product_cat?post=10489"},{"taxonomy":"product_tag","embeddable":true,"href":"https:\/\/triplex.com.bo\/index.php\/wp-json\/wp\/v2\/product_tag?post=10489"}],"curies":[{"name":"wp","href":"https:\/\/api.w.org\/{rel}","templated":true}]}}