{"id":10473,"date":"2022-12-16T11:44:31","date_gmt":"2022-12-16T11:44:31","guid":{"rendered":"https:\/\/triplex.com.bo\/index.php\/product\/aire-portatil-14-000-btu-frio-calor-white-westinghou\/"},"modified":"2026-03-04T18:35:50","modified_gmt":"2026-03-04T22:35:50","slug":"aire-portatil-14-000-btu-frio-calor-white-westinghou","status":"publish","type":"product","link":"https:\/\/triplex.com.bo\/index.php\/product\/aire-portatil-14-000-btu-frio-calor-white-westinghou\/","title":{"rendered":"AIRE PORTATIL 14.000 BTU FRIO CALOR WHITE WESTINGHOUSE"},"content":{"rendered":"<p>White Westinghouse Aire acondicionado port\u00e1til de 14000 BTU con tecnologia Smart WiFi, temporizador y refrigerante ecologico que no da\u00f1a el medio ambiente.<\/p>\n<p>Puedes moverlo con facilidad a cualquier lugar de tu casa tiene un sistema de ruedas que hace m\u00e1s f\u00e1cil su traslado a las diferentes habitaciones<\/p>\n<p>El Aire Acondicionado Port\u00e1til White Westinghouse Puede conectarse a la se\u00f1al WiFi y ser controlado remotamente por la app compatible con Android y iOS.<\/p>\n<p>Cambia la configuraci\u00f3n de temperatura y modo desde cualquier lugar y en cualquier momento. Ya sea que est\u00e9s de regreso a casa y quieras preenfriar la habitaci\u00f3n, o que est\u00e9s en la cama y no quieras levantarte para apagar el aire acondicionado, puedes hacerlo sin esfuerzo usando la aplicaci\u00f3n.<\/p>\n<h2><strong>Especificaciones Tecnicas<\/strong><\/h2>\n<table>\n<tbody>\n<tr>\n<td>Marca<\/td>\n<td>White Westinghouse<\/td>\n<\/tr>\n<tr>\n<td>Capacidad<\/td>\n<td>14000 BTUs<\/td>\n<\/tr>\n<tr>\n<td>Tipo<\/td>\n<td>Aire acondicionado portatil<\/td>\n<\/tr>\n<tr>\n<td>Tecnologia<\/td>\n<td>Smart WiFi<\/td>\n<\/tr>\n<tr>\n<td>Color<\/td>\n<td>Blanco<\/td>\n<\/tr>\n<tr>\n<td>Modo<\/td>\n<td>Fr\u00edo \u2013 Calor<\/td>\n<\/tr>\n<tr>\n<td>Voltaje (V)<\/td>\n<td>220- 240V<\/td>\n<\/tr>\n<tr>\n<td>Frecuencia (Hz)<\/td>\n<td>50Hz<\/td>\n<\/tr>\n<tr>\n<td>Potencia<\/td>\n<td>1750 Watts<\/td>\n<\/tr>\n<tr>\n<td>Nivel de ruido<\/td>\n<td>50 dB (A)<\/td>\n<\/tr>\n<tr>\n<td>Tipo de refrigerante<\/td>\n<td>R410a<\/td>\n<\/tr>\n<tr>\n<td>Pantalla digital<\/td>\n<td>S\u00ed<\/td>\n<\/tr>\n<tr>\n<td>Selector de velocidades<\/td>\n<td>S\u00ed<\/td>\n<\/tr>\n<tr>\n<td>Funciones<\/td>\n<td>Frio, Calor, Deshumidificador y Ventilador<\/td>\n<\/tr>\n<tr>\n<td>Temporizador<\/td>\n<td>S\u00ed<\/td>\n<\/tr>\n<tr>\n<td>Filtro antibacterial<\/td>\n<td>S\u00ed<\/td>\n<\/tr>\n<tr>\n<td>Control remoto<\/td>\n<td>S\u00ed<\/td>\n<\/tr>\n<tr>\n<td>Ruedas<\/td>\n<td>S\u00ed<\/td>\n<\/tr>\n<tr>\n<td>Alto<\/td>\n<td>68.8 cm<\/td>\n<\/tr>\n<tr>\n<td>Ancho<\/td>\n<td>41.9 cm<\/td>\n<\/tr>\n<tr>\n<td>Profundo<\/td>\n<td>35.8 cm<\/td>\n<\/tr>\n<tr>\n<td>Peso<\/td>\n<td>28 Kg<\/td>\n<\/tr>\n<\/tbody>\n<\/table>\n","protected":false},"excerpt":{"rendered":"<p>AIRE PORTATIL 14.000 BTU FRIO CALOR WHITE WESTINGHOUSE<\/p>\n","protected":false},"featured_media":18350,"comment_status":"open","ping_status":"closed","template":"","meta":{"_acf_changed":false},"pwb-brand":[208],"product_brand":[],"product_cat":[151,139],"product_tag":[],"class_list":{"0":"post-10473","1":"product","2":"type-product","3":"status-publish","4":"has-post-thumbnail","6":"pwb-brand-white-westinghouse","7":"product_cat-climatizacion-portatil","8":"product_cat-climatizacion","10":"first","11":"instock","12":"shipping-taxable","13":"purchasable","14":"product-type-simple"},"acf":[],"brands":[{"id":208,"name":"White-Westinghousesss","slug":"white-westinghouse"}],"_links":{"self":[{"href":"https:\/\/triplex.com.bo\/index.php\/wp-json\/wp\/v2\/product\/10473","targetHints":{"allow":["GET"]}}],"collection":[{"href":"https:\/\/triplex.com.bo\/index.php\/wp-json\/wp\/v2\/product"}],"about":[{"href":"https:\/\/triplex.com.bo\/index.php\/wp-json\/wp\/v2\/types\/product"}],"replies":[{"embeddable":true,"href":"https:\/\/triplex.com.bo\/index.php\/wp-json\/wp\/v2\/comments?post=10473"}],"wp:featuredmedia":[{"embeddable":true,"href":"https:\/\/triplex.com.bo\/index.php\/wp-json\/wp\/v2\/media\/18350"}],"wp:attachment":[{"href":"https:\/\/triplex.com.bo\/index.php\/wp-json\/wp\/v2\/media?parent=10473"}],"wp:term":[{"taxonomy":"pwb-brand","embeddable":true,"href":"https:\/\/triplex.com.bo\/index.php\/wp-json\/wp\/v2\/pwb-brand?post=10473"},{"taxonomy":"product_brand","embeddable":true,"href":"https:\/\/triplex.com.bo\/index.php\/wp-json\/wp\/v2\/product_brand?post=10473"},{"taxonomy":"product_cat","embeddable":true,"href":"https:\/\/triplex.com.bo\/index.php\/wp-json\/wp\/v2\/product_cat?post=10473"},{"taxonomy":"product_tag","embeddable":true,"href":"https:\/\/triplex.com.bo\/index.php\/wp-json\/wp\/v2\/product_tag?post=10473"}],"curies":[{"name":"wp","href":"https:\/\/api.w.org\/{rel}","templated":true}]}}