{"id":10471,"date":"2022-12-16T11:44:15","date_gmt":"2022-12-16T11:44:15","guid":{"rendered":"https:\/\/triplex.com.bo\/index.php\/product\/plancha-grill-electrolux\/"},"modified":"2026-01-07T23:18:49","modified_gmt":"2026-01-08T03:18:49","slug":"plancha-grill-electrolux","status":"publish","type":"product","link":"https:\/\/triplex.com.bo\/index.php\/product\/plancha-grill-electrolux\/","title":{"rendered":"PLANCHA GRILL ELECTROLUX"},"content":{"rendered":"<p>Practicidad<br \/>\nPermite la preparaci\u00f3n de varios alimentos al mismo tiempo, material resistente, aporta suplementos de hierro para el organismo<\/p>\n<p>Sabor<br \/>\nCuando la comida se asa a la parrilla, se forma una capa protectora que retiene los jugos nutritivos en su interior, adem\u00e1s de preservar el sabor.<\/p>\n<p>Vers\u00e1til<br \/>\nSe puede utilizar en cocinas de gas, el\u00e9ctricas, de inducci\u00f3n, hornos de gas y el\u00e9ctricos y parrillas para barbacoa.<\/p>\n<p>Preparaci\u00f3n<br \/>\nRecomendada para la preparaci\u00f3n de: Carnes y verduras; frutas hamburguesas quesos salchichas y lo que prefieras<\/p>\n<p>Dise\u00f1o moderno y exclusivo<br \/>\nLight Electrolux , placa lisa y estriada en la misma pieza,<\/p>\n<p>Capa esmaltada<br \/>\n, no t\u00f3xica y de f\u00e1cil limpieza<\/p>\n","protected":false},"excerpt":{"rendered":"<p>PLANCHA GRILL ELECTROLUX<\/p>\n","protected":false},"featured_media":10470,"comment_status":"open","ping_status":"closed","template":"","meta":{"_acf_changed":false},"pwb-brand":[207],"product_brand":[],"product_cat":[277],"product_tag":[],"class_list":{"0":"post-10471","1":"product","2":"type-product","3":"status-publish","4":"has-post-thumbnail","6":"pwb-brand-electrolux","7":"product_cat-accesorios","9":"first","10":"outofstock","11":"shipping-taxable","12":"purchasable","13":"product-type-simple"},"acf":[],"brands":[{"id":207,"name":"Electrolux","slug":"electrolux"}],"_links":{"self":[{"href":"https:\/\/triplex.com.bo\/index.php\/wp-json\/wp\/v2\/product\/10471","targetHints":{"allow":["GET"]}}],"collection":[{"href":"https:\/\/triplex.com.bo\/index.php\/wp-json\/wp\/v2\/product"}],"about":[{"href":"https:\/\/triplex.com.bo\/index.php\/wp-json\/wp\/v2\/types\/product"}],"replies":[{"embeddable":true,"href":"https:\/\/triplex.com.bo\/index.php\/wp-json\/wp\/v2\/comments?post=10471"}],"wp:featuredmedia":[{"embeddable":true,"href":"https:\/\/triplex.com.bo\/index.php\/wp-json\/wp\/v2\/media\/10470"}],"wp:attachment":[{"href":"https:\/\/triplex.com.bo\/index.php\/wp-json\/wp\/v2\/media?parent=10471"}],"wp:term":[{"taxonomy":"pwb-brand","embeddable":true,"href":"https:\/\/triplex.com.bo\/index.php\/wp-json\/wp\/v2\/pwb-brand?post=10471"},{"taxonomy":"product_brand","embeddable":true,"href":"https:\/\/triplex.com.bo\/index.php\/wp-json\/wp\/v2\/product_brand?post=10471"},{"taxonomy":"product_cat","embeddable":true,"href":"https:\/\/triplex.com.bo\/index.php\/wp-json\/wp\/v2\/product_cat?post=10471"},{"taxonomy":"product_tag","embeddable":true,"href":"https:\/\/triplex.com.bo\/index.php\/wp-json\/wp\/v2\/product_tag?post=10471"}],"curies":[{"name":"wp","href":"https:\/\/api.w.org\/{rel}","templated":true}]}}