{"id":10467,"date":"2022-12-16T11:44:00","date_gmt":"2022-12-16T11:44:00","guid":{"rendered":"https:\/\/triplex.com.bo\/index.php\/product\/selladora-al-vacio-electrolux\/"},"modified":"2023-05-16T04:43:51","modified_gmt":"2023-05-16T04:43:51","slug":"selladora-al-vacio-electrolux","status":"publish","type":"product","link":"https:\/\/triplex.com.bo\/index.php\/product\/selladora-al-vacio-electrolux\/","title":{"rendered":"SELLADORA AL VACIO ELECTROLUX"},"content":{"rendered":"<p>Informaci\u00f3n del Producto<br \/>\nEnvasadora al Vac\u00edo Electrolux 220v<\/p>\n<p>Envasadora al Vac\u00edo Electrolux 127v con 3 funciones: Vac\u00edo y Sellado, Solo Sellado o Pulsaci\u00f3n. Permitiendo extraer el aire de forma controlada, alcanzando el nivel de vac\u00edo deseado. Conserve f\u00e1cilmente sus alimentos crudos o cocidos, manteniendo los sabores y nutrientes de cuando est\u00e1n frescos durante mucho m\u00e1s tiempo con el Sellador Electrolux . Adem\u00e1s de conservar, tambi\u00e9n es ideal para preparar platos con sabores m\u00e1s intensos al dejar los alimentos en contacto con las especias al vac\u00edo, asegurando una experiencia gustativa \u00fanica. En tan solo unos segundos y con solo presionar un bot\u00f3n, creas el vac\u00edo seg\u00fan sea necesario y sellas con extrema seguridad. Contiene: &#8211; 1 Envasadora al Vac\u00edo 127v (Medidas: 42 cm x 10 cm x 6 cm) &#8211; 10 Bolsas al Vac\u00edo<br \/>\nEspecificaciones T\u00e9cnicas<br \/>\nAmbiente: Cocina<br \/>\nManual del producto: http:\/\/www.electrolux-ui.com\/DocumentDownLoad.aspx?DocURL=2020IFU_LAM_vacuumsealer_191021umEN.pdf<br \/>\nCaracter\u00edsticas generales: Contiene: &#8211; 1 Selladora al vac\u00edo 127v (Medidas: 42 cm x 10 cm x 6 cm) &#8211; Caracter\u00edsticas de 10 bolsas de vac\u00edo<br \/>\n:<\/p>\n<p>Conservaci\u00f3n y m\u00e1s sabor<br \/>\nAdem\u00e1s de garantizar la m\u00e1xima conservaci\u00f3n de los alimentos al eliminar el aire, intensifica el sabor cuando se usa para sazonar.<\/p>\n<p>La aspiradora ideal<br \/>\nElija entre tres funciones para cada necesidad.<\/p>\n<p>Sello fuerte y confiable<br \/>\nAsegura que el aire removido no vuelva a entrar en contacto con los alimentos.<\/p>\n","protected":false},"excerpt":{"rendered":"<p>SELLADORA AL VACIO ELECTROLUX<\/p>\n","protected":false},"featured_media":10466,"comment_status":"open","ping_status":"closed","template":"","meta":{"_acf_changed":false},"pwb-brand":[207],"product_brand":[],"product_cat":[277],"product_tag":[],"class_list":{"0":"post-10467","1":"product","2":"type-product","3":"status-publish","4":"has-post-thumbnail","6":"pwb-brand-electrolux","7":"product_cat-accesorios","9":"first","10":"instock","11":"shipping-taxable","12":"purchasable","13":"product-type-simple"},"acf":[],"brands":[{"id":207,"name":"Electrolux","slug":"electrolux"}],"_links":{"self":[{"href":"https:\/\/triplex.com.bo\/index.php\/wp-json\/wp\/v2\/product\/10467","targetHints":{"allow":["GET"]}}],"collection":[{"href":"https:\/\/triplex.com.bo\/index.php\/wp-json\/wp\/v2\/product"}],"about":[{"href":"https:\/\/triplex.com.bo\/index.php\/wp-json\/wp\/v2\/types\/product"}],"replies":[{"embeddable":true,"href":"https:\/\/triplex.com.bo\/index.php\/wp-json\/wp\/v2\/comments?post=10467"}],"wp:featuredmedia":[{"embeddable":true,"href":"https:\/\/triplex.com.bo\/index.php\/wp-json\/wp\/v2\/media\/10466"}],"wp:attachment":[{"href":"https:\/\/triplex.com.bo\/index.php\/wp-json\/wp\/v2\/media?parent=10467"}],"wp:term":[{"taxonomy":"pwb-brand","embeddable":true,"href":"https:\/\/triplex.com.bo\/index.php\/wp-json\/wp\/v2\/pwb-brand?post=10467"},{"taxonomy":"product_brand","embeddable":true,"href":"https:\/\/triplex.com.bo\/index.php\/wp-json\/wp\/v2\/product_brand?post=10467"},{"taxonomy":"product_cat","embeddable":true,"href":"https:\/\/triplex.com.bo\/index.php\/wp-json\/wp\/v2\/product_cat?post=10467"},{"taxonomy":"product_tag","embeddable":true,"href":"https:\/\/triplex.com.bo\/index.php\/wp-json\/wp\/v2\/product_tag?post=10467"}],"curies":[{"name":"wp","href":"https:\/\/api.w.org\/{rel}","templated":true}]}}