{"id":10449,"date":"2022-12-16T11:43:12","date_gmt":"2022-12-16T11:43:12","guid":{"rendered":"https:\/\/triplex.com.bo\/index.php\/product\/boligrafo-quitamanchas-electrolux\/"},"modified":"2025-12-18T09:41:41","modified_gmt":"2025-12-18T13:41:41","slug":"boligrafo-quitamanchas-electrolux","status":"publish","type":"product","link":"https:\/\/triplex.com.bo\/index.php\/product\/boligrafo-quitamanchas-electrolux\/","title":{"rendered":"BOLIGRAFO QUITAMANCHAS ELECTROLUX"},"content":{"rendered":"<p>\u00e1piz Quitamanchas Ultras\u00f3nico Electrolux PerfectCare. Te ayuda a minimizar el esfuerzo de limpiar las manchas m\u00e1s dif\u00edciles, sin da\u00f1ar las fibras de los tejidos: bol\u00edgrafo, bebidas de todo tipo, barro, vinagre, aceite, chocolate, maquillaje, k\u00e9tchup, etc.<\/p>\n<p>Nuestro L\u00e1piz Quitamanchas Ultras\u00f3nico te permite aplicar un tratamiento previo a la ropa con manchas localizadas antes de meterla en la lavadora, garantizando un cuidado de precisi\u00f3n. Manchas de caf\u00e9 o de chocolate, sea lo que sea. La combinaci\u00f3n de agua, detergente y ultrasonidos aplica el mejor tratamiento para cada prenda.<\/p>\n<p>El L\u00e1piz Quitamanchas Ultras\u00f3nico facilita el tratamiento espec\u00edfico de manchas localizadas. Junto con el agua y el detergente, la tecnolog\u00eda de ultrasonidos env\u00eda peque\u00f1as vibraciones a trav\u00e9s de las fibras de los tejidos, suavizando las manchas part\u00edcula a part\u00edcula.<\/p>\n<p>CARACTERISTICAS:<br \/>\n* Tecnolog\u00eda de ultrasonidos<br \/>\n* Cuidado de la ropa<br \/>\n* Sin qu\u00edmicos<br \/>\n* Preserva los tejidos de la ropa<br \/>\n* Port\u00e1til, compacta y silenciosa<br \/>\n* Practicidad<br \/>\n* innovaci\u00f3n<br \/>\n* facilidad<br \/>\n* Eliminaci\u00f3n de manchas con el m\u00ednimo esfuerzo.<\/p>\n","protected":false},"excerpt":{"rendered":"<p>BOLIGRAFO QUITAMANCHAS ELECTROLUX<\/p>\n","protected":false},"featured_media":10448,"comment_status":"open","ping_status":"closed","template":"","meta":{"_acf_changed":false},"pwb-brand":[207],"product_brand":[],"product_cat":[277],"product_tag":[],"class_list":{"0":"post-10449","1":"product","2":"type-product","3":"status-publish","4":"has-post-thumbnail","6":"pwb-brand-electrolux","7":"product_cat-accesorios","9":"first","10":"instock","11":"shipping-taxable","12":"purchasable","13":"product-type-simple"},"acf":[],"brands":[{"id":207,"name":"Electrolux","slug":"electrolux"}],"_links":{"self":[{"href":"https:\/\/triplex.com.bo\/index.php\/wp-json\/wp\/v2\/product\/10449","targetHints":{"allow":["GET"]}}],"collection":[{"href":"https:\/\/triplex.com.bo\/index.php\/wp-json\/wp\/v2\/product"}],"about":[{"href":"https:\/\/triplex.com.bo\/index.php\/wp-json\/wp\/v2\/types\/product"}],"replies":[{"embeddable":true,"href":"https:\/\/triplex.com.bo\/index.php\/wp-json\/wp\/v2\/comments?post=10449"}],"wp:featuredmedia":[{"embeddable":true,"href":"https:\/\/triplex.com.bo\/index.php\/wp-json\/wp\/v2\/media\/10448"}],"wp:attachment":[{"href":"https:\/\/triplex.com.bo\/index.php\/wp-json\/wp\/v2\/media?parent=10449"}],"wp:term":[{"taxonomy":"pwb-brand","embeddable":true,"href":"https:\/\/triplex.com.bo\/index.php\/wp-json\/wp\/v2\/pwb-brand?post=10449"},{"taxonomy":"product_brand","embeddable":true,"href":"https:\/\/triplex.com.bo\/index.php\/wp-json\/wp\/v2\/product_brand?post=10449"},{"taxonomy":"product_cat","embeddable":true,"href":"https:\/\/triplex.com.bo\/index.php\/wp-json\/wp\/v2\/product_cat?post=10449"},{"taxonomy":"product_tag","embeddable":true,"href":"https:\/\/triplex.com.bo\/index.php\/wp-json\/wp\/v2\/product_tag?post=10449"}],"curies":[{"name":"wp","href":"https:\/\/api.w.org\/{rel}","templated":true}]}}