{"id":10432,"date":"2022-12-16T06:42:04","date_gmt":"2022-12-16T06:42:04","guid":{"rendered":"https:\/\/triplex.com.bo\/index.php\/product\/refrigerador-invertido-416-ltrs-white-westinghouse\/"},"modified":"2026-03-04T18:36:03","modified_gmt":"2026-03-04T22:36:03","slug":"refrigerador-invertido-416-ltrs-white-westinghouse","status":"publish","type":"product","link":"https:\/\/triplex.com.bo\/index.php\/product\/refrigerador-invertido-416-ltrs-white-westinghouse\/","title":{"rendered":"REFRIGERADOR INVERTIDO 416LTS WHITE WESTINGHOUSE"},"content":{"rendered":"<p>Energia clase A+<br \/>\nVolumen neto: 416L(R:316,F:100)<br \/>\nDimension: 700x666x1880<br \/>\nFlujo de aire m\u00faltiple<br \/>\nTemperatura dual controlar<br \/>\nFunci\u00f3n de s\u00faper congelaci\u00f3n y s\u00faper enfriamiento<br \/>\nCaja enfriadora<br \/>\nCajones para verduras dobles con control de humedad separado<br \/>\nModo vacaciones<br \/>\nPuerta reversible<br \/>\nLiquidaci\u00f3n cero<\/p>\n","protected":false},"excerpt":{"rendered":"<p>REFRIGERADOR INVERTIDO 416 LTRS WHITE WESTINGHOUSE<\/p>\n","protected":false},"featured_media":10431,"comment_status":"open","ping_status":"closed","template":"","meta":{"_acf_changed":false},"pwb-brand":[208],"product_brand":[],"product_cat":[385,142],"product_tag":[],"class_list":{"0":"post-10432","1":"product","2":"type-product","3":"status-publish","4":"has-post-thumbnail","6":"pwb-brand-white-westinghouse","7":"product_cat-refrigeradores-refrigeradores","8":"product_cat-refrigeradores","10":"first","11":"outofstock","12":"shipping-taxable","13":"purchasable","14":"product-type-simple"},"acf":[],"brands":[{"id":208,"name":"White-Westinghousesss","slug":"white-westinghouse"}],"_links":{"self":[{"href":"https:\/\/triplex.com.bo\/index.php\/wp-json\/wp\/v2\/product\/10432","targetHints":{"allow":["GET"]}}],"collection":[{"href":"https:\/\/triplex.com.bo\/index.php\/wp-json\/wp\/v2\/product"}],"about":[{"href":"https:\/\/triplex.com.bo\/index.php\/wp-json\/wp\/v2\/types\/product"}],"replies":[{"embeddable":true,"href":"https:\/\/triplex.com.bo\/index.php\/wp-json\/wp\/v2\/comments?post=10432"}],"wp:featuredmedia":[{"embeddable":true,"href":"https:\/\/triplex.com.bo\/index.php\/wp-json\/wp\/v2\/media\/10431"}],"wp:attachment":[{"href":"https:\/\/triplex.com.bo\/index.php\/wp-json\/wp\/v2\/media?parent=10432"}],"wp:term":[{"taxonomy":"pwb-brand","embeddable":true,"href":"https:\/\/triplex.com.bo\/index.php\/wp-json\/wp\/v2\/pwb-brand?post=10432"},{"taxonomy":"product_brand","embeddable":true,"href":"https:\/\/triplex.com.bo\/index.php\/wp-json\/wp\/v2\/product_brand?post=10432"},{"taxonomy":"product_cat","embeddable":true,"href":"https:\/\/triplex.com.bo\/index.php\/wp-json\/wp\/v2\/product_cat?post=10432"},{"taxonomy":"product_tag","embeddable":true,"href":"https:\/\/triplex.com.bo\/index.php\/wp-json\/wp\/v2\/product_tag?post=10432"}],"curies":[{"name":"wp","href":"https:\/\/api.w.org\/{rel}","templated":true}]}}