{"id":10424,"date":"2022-12-16T06:10:22","date_gmt":"2022-12-16T06:10:22","guid":{"rendered":"https:\/\/triplex.com.bo\/index.php\/product\/cassette-36000btu-ww-frio-calor\/"},"modified":"2026-01-09T09:12:07","modified_gmt":"2026-01-09T13:12:07","slug":"cassette-36000btu-ww-frio-calor","status":"publish","type":"product","link":"https:\/\/triplex.com.bo\/index.php\/product\/cassette-36000btu-ww-frio-calor\/","title":{"rendered":"CASSETTE 36.000BTU FRIO CALOR WHITE WESTINGHOUSE"},"content":{"rendered":"<p>Alimentaci\u00f3n el\u00e9ctrica V\/\/Hz\/F 380-415V~\/50Hz\/3P<br \/>\nm\u00e1x. consumo de entrada W 6100<br \/>\nm\u00e1x. corriente A 30.0<br \/>\nCorriente de arranque A 66.0<br \/>\nPresi\u00f3n m\u00e1xima de funcionamiento (MPa) Descarga MPa 4.2<br \/>\nSucci\u00f3n MPa 1.5<br \/>\nMarca del compresor SANYO<br \/>\nModelo C-SBN301H5D<br \/>\nTipo de desplazamiento<br \/>\nCapacidad W 9350<br \/>\nEntrada W 3750<br \/>\nCorriente nominal (RLA) A 18<br \/>\nAmp de rotor bloqueado (LRA) A 112<br \/>\nProtector t\u00e9rmico interno<br \/>\nCondensador uF 60<br \/>\nAceite refrigerante ml 1700<br \/>\nSerpent\u00edn exterior N\u00famero de fila 2<br \/>\nDistancia entre aletas mm 1,5<br \/>\nMaterial de la aleta Rejilla o aleta corrugada<br \/>\nDi\u00e1metro exterior del tubo mm \u03c67<br \/>\nMaterial del tubo Tipo de tubo de ranurado interno<br \/>\nBobina largo x alto x ancho mm 1023X756X25.4<br \/>\nN\u00famero de circuito 6<br \/>\nMotor de ventilador exterior Marca Weiling\/xinke<br \/>\nModelo GZSDJ-05<br \/>\nEntrada W 267<br \/>\nSalida W 160<br \/>\nCorriente de funcionamiento A 1.23<br \/>\nCondensador uF 8<br \/>\nVelocidad rpm 860<br \/>\nCaudal de aire exterior m3\/h 4900<br \/>\nNivel de ruido exterior dB(A) 55<br \/>\nDimensi\u00f3n exterior Unidad (AnxAlxPr) mm 900\u00d7805\u00d7360<br \/>\nEmbalaje (AnxAlxPr) mm 1031\u00d7835\u00d7447<br \/>\nPeso exterior Peso neto kg 68<br \/>\nPeso bruto 72<br \/>\nTipo de refrigerante R410A<br \/>\nCarga g 2500<br \/>\nTipo de acelerador Capilar<br \/>\nTuber\u00eda refrigerante Lado l\u00edquido mm 12,7<br \/>\nLado gas mm 19,05<br \/>\nm\u00e1x. longitud del tubo de refrigerante m 30<br \/>\nm\u00e1x. diferencia de nivel m 20<br \/>\nRango de temperatura ambiente Refrigeraci\u00f3n \u2103 17\uff5e43<br \/>\nCalefacci\u00f3n \u2103 -7 ~ 24<\/p>\n","protected":false},"excerpt":{"rendered":"<p>CASSETTE 36000BTU WW FRIO CALOR<\/p>\n","protected":false},"featured_media":10423,"comment_status":"open","ping_status":"closed","template":"","meta":{"_acf_changed":false},"pwb-brand":[208],"product_brand":[],"product_cat":[259,139],"product_tag":[],"class_list":{"0":"post-10424","1":"product","2":"type-product","3":"status-publish","4":"has-post-thumbnail","6":"pwb-brand-white-westinghouse","7":"product_cat-comercial","8":"product_cat-climatizacion","10":"first","11":"instock","12":"shipping-taxable","13":"purchasable","14":"product-type-simple"},"acf":[],"brands":[{"id":208,"name":"White-Westinghousesss","slug":"white-westinghouse"}],"_links":{"self":[{"href":"https:\/\/triplex.com.bo\/index.php\/wp-json\/wp\/v2\/product\/10424","targetHints":{"allow":["GET"]}}],"collection":[{"href":"https:\/\/triplex.com.bo\/index.php\/wp-json\/wp\/v2\/product"}],"about":[{"href":"https:\/\/triplex.com.bo\/index.php\/wp-json\/wp\/v2\/types\/product"}],"replies":[{"embeddable":true,"href":"https:\/\/triplex.com.bo\/index.php\/wp-json\/wp\/v2\/comments?post=10424"}],"wp:featuredmedia":[{"embeddable":true,"href":"https:\/\/triplex.com.bo\/index.php\/wp-json\/wp\/v2\/media\/10423"}],"wp:attachment":[{"href":"https:\/\/triplex.com.bo\/index.php\/wp-json\/wp\/v2\/media?parent=10424"}],"wp:term":[{"taxonomy":"pwb-brand","embeddable":true,"href":"https:\/\/triplex.com.bo\/index.php\/wp-json\/wp\/v2\/pwb-brand?post=10424"},{"taxonomy":"product_brand","embeddable":true,"href":"https:\/\/triplex.com.bo\/index.php\/wp-json\/wp\/v2\/product_brand?post=10424"},{"taxonomy":"product_cat","embeddable":true,"href":"https:\/\/triplex.com.bo\/index.php\/wp-json\/wp\/v2\/product_cat?post=10424"},{"taxonomy":"product_tag","embeddable":true,"href":"https:\/\/triplex.com.bo\/index.php\/wp-json\/wp\/v2\/product_tag?post=10424"}],"curies":[{"name":"wp","href":"https:\/\/api.w.org\/{rel}","templated":true}]}}