{"id":10400,"date":"2022-12-16T06:09:06","date_gmt":"2022-12-16T06:09:06","guid":{"rendered":"https:\/\/triplex.com.bo\/index.php\/product\/plancha-de-vapor-oster-inalambrica\/"},"modified":"2024-11-29T14:43:15","modified_gmt":"2024-11-29T18:43:15","slug":"plancha-de-vapor-oster-inalambrica","status":"publish","type":"product","link":"https:\/\/triplex.com.bo\/index.php\/product\/plancha-de-vapor-oster-inalambrica\/","title":{"rendered":"Plancha de vapor Oster\u00ae inal\u00e1mbrica"},"content":{"rendered":"<p>La plancha inal\u00e1mbrica Oster\u00ae la puedes usar con o sin cable, lo que te permite decidir c\u00f3mo quieres planchar<\/p>\n<p>\u00b7 El planchado sin cable ofrece una m\u00e1xima libertad de movimiento al planchar<\/p>\n<p>\u00b7 Luz indicadora con varias funciones (aplica solo bajo el modo sin cable): color rojo indica que la plancha se enfri\u00f3 y debe ser cargada en la base; la luz amarilla indica que la plancha est\u00e1 cerca de la temperatura deseada, y la luz verde indica que la plancha est\u00e1 lista para ser usada otra vez<\/p>\n<p>\u00b7 Suela con recubrimiento de cer\u00e1mica que ofrece una mejor distribuci\u00f3n del calor uniforme y deslizamiento \u00f3ptimo lo cual se traduce en un planchado suave, r\u00e1pido y mejor protecci\u00f3n para las telas<\/p>\n<p>\u00b7 Caracter\u00edsticas de golpe de vapor, vapor variable y vapor vertical facilitan la remoci\u00f3n de arrugas dif\u00edciles en todo tipo de prendas<\/p>\n<p>\u00b7 Vapor vertical permite usar la plancha sobre prendas colgadas, cortinas o tapicer\u00eda sin tener que usar la mesa de planchar<\/p>\n<p>\u00b7 Bot\u00f3n rociador fino que ayuda a alisar las arrugas dif\u00edciles<\/p>\n<p>\u00b7 Control de temperatura de telas que calienta la plancha seg\u00fan el tipo de tela de la prenda, lo que protege la tela y ahorrar\u00e1 tiempo en el planchado<\/p>\n<p>\u00b7 Auto-apagado inteligente de tres posiciones que apaga la plancha autom\u00e1ticamente cuando est\u00e1 sin movimiento: 15 minutos parada, 30 segundos apoyada de lado y 30 segundos con la suela sobre la tela, para mayor seguridad y evitando quemaduras de las prendas<\/p>\n<p>\u00b7 Sistema anti-goteo, evita el derrame de gotas de agua, para que no se manchen las prendas<\/p>\n","protected":false},"excerpt":{"rendered":"<p>Plancha de vapor Oster\u00ae inal\u00e1mbrica<\/p>\n","protected":false},"featured_media":10399,"comment_status":"open","ping_status":"closed","template":"","meta":{"_acf_changed":false},"pwb-brand":[235],"product_brand":[],"product_cat":[157,168],"product_tag":[],"class_list":{"0":"post-10400","1":"product","2":"type-product","3":"status-publish","4":"has-post-thumbnail","6":"pwb-brand-oster","7":"product_cat-electromenor","8":"product_cat-electromenor-planchas-ropa","10":"first","11":"outofstock","12":"shipping-taxable","13":"purchasable","14":"product-type-simple"},"acf":[],"brands":[{"id":235,"name":"OSTER","slug":"oster"}],"_links":{"self":[{"href":"https:\/\/triplex.com.bo\/index.php\/wp-json\/wp\/v2\/product\/10400","targetHints":{"allow":["GET"]}}],"collection":[{"href":"https:\/\/triplex.com.bo\/index.php\/wp-json\/wp\/v2\/product"}],"about":[{"href":"https:\/\/triplex.com.bo\/index.php\/wp-json\/wp\/v2\/types\/product"}],"replies":[{"embeddable":true,"href":"https:\/\/triplex.com.bo\/index.php\/wp-json\/wp\/v2\/comments?post=10400"}],"wp:featuredmedia":[{"embeddable":true,"href":"https:\/\/triplex.com.bo\/index.php\/wp-json\/wp\/v2\/media\/10399"}],"wp:attachment":[{"href":"https:\/\/triplex.com.bo\/index.php\/wp-json\/wp\/v2\/media?parent=10400"}],"wp:term":[{"taxonomy":"pwb-brand","embeddable":true,"href":"https:\/\/triplex.com.bo\/index.php\/wp-json\/wp\/v2\/pwb-brand?post=10400"},{"taxonomy":"product_brand","embeddable":true,"href":"https:\/\/triplex.com.bo\/index.php\/wp-json\/wp\/v2\/product_brand?post=10400"},{"taxonomy":"product_cat","embeddable":true,"href":"https:\/\/triplex.com.bo\/index.php\/wp-json\/wp\/v2\/product_cat?post=10400"},{"taxonomy":"product_tag","embeddable":true,"href":"https:\/\/triplex.com.bo\/index.php\/wp-json\/wp\/v2\/product_tag?post=10400"}],"curies":[{"name":"wp","href":"https:\/\/api.w.org\/{rel}","templated":true}]}}