{"id":10388,"date":"2022-12-16T06:08:31","date_gmt":"2022-12-16T06:08:31","guid":{"rendered":"https:\/\/triplex.com.bo\/index.php\/product\/licuadora-super-chef-oster\/"},"modified":"2024-10-21T09:43:01","modified_gmt":"2024-10-21T13:43:01","slug":"licuadora-super-chef-oster","status":"publish","type":"product","link":"https:\/\/triplex.com.bo\/index.php\/product\/licuadora-super-chef-oster\/","title":{"rendered":"Licuadora  Super Chef Oster"},"content":{"rendered":"<p>Bot\u00f3n giratorio de 8 velocidades<\/p>\n<p>La perilla de 8 velocidades garantiza el control para la preparaci\u00f3n de todo tipo de alimentos, desde l\u00edquidos hasta trituraci\u00f3n de hielo.<\/p>\n<p>Cuchillas de acero inoxidable<\/p>\n<p>Las cuchillas de acero inoxidable de dise\u00f1o \u00fanico muelen incluso los alimentos m\u00e1s duros como caf\u00e9, hielo y canela.<\/p>\n<p>Florero de vidriorefractario<\/p>\n<p>Hecho de vidrio refractario y con una capacidad de 1.25L, su frasco no huele y soporta incluso altas y bajas temperaturas.<\/p>\n<p>Fittingmetal con metal<\/p>\n<p>All-Metal Drive es un sistema de accionamiento Oster que ofrece accesorios de metal a metal. Al no tener contacto con la parte de pl\u00e1stico, garantiza un mayor rendimiento y una mayor durabilidad para el equipo.<\/p>\n<p>La tecnolog\u00eda y la calidad que ya conoce, ahora en una nueva versi\u00f3n, con 750W.<\/p>\n","protected":false},"excerpt":{"rendered":"<p>Licuadora Super Chef Oster<\/p>\n","protected":false},"featured_media":10387,"comment_status":"open","ping_status":"closed","template":"","meta":{"_acf_changed":false},"pwb-brand":[235],"product_brand":[],"product_cat":[165],"product_tag":[],"class_list":{"0":"post-10388","1":"product","2":"type-product","3":"status-publish","4":"has-post-thumbnail","6":"pwb-brand-oster","7":"product_cat-electromenor-licuadoras","9":"first","10":"outofstock","11":"shipping-taxable","12":"purchasable","13":"product-type-simple"},"acf":[],"brands":[{"id":235,"name":"OSTER","slug":"oster"}],"_links":{"self":[{"href":"https:\/\/triplex.com.bo\/index.php\/wp-json\/wp\/v2\/product\/10388","targetHints":{"allow":["GET"]}}],"collection":[{"href":"https:\/\/triplex.com.bo\/index.php\/wp-json\/wp\/v2\/product"}],"about":[{"href":"https:\/\/triplex.com.bo\/index.php\/wp-json\/wp\/v2\/types\/product"}],"replies":[{"embeddable":true,"href":"https:\/\/triplex.com.bo\/index.php\/wp-json\/wp\/v2\/comments?post=10388"}],"wp:featuredmedia":[{"embeddable":true,"href":"https:\/\/triplex.com.bo\/index.php\/wp-json\/wp\/v2\/media\/10387"}],"wp:attachment":[{"href":"https:\/\/triplex.com.bo\/index.php\/wp-json\/wp\/v2\/media?parent=10388"}],"wp:term":[{"taxonomy":"pwb-brand","embeddable":true,"href":"https:\/\/triplex.com.bo\/index.php\/wp-json\/wp\/v2\/pwb-brand?post=10388"},{"taxonomy":"product_brand","embeddable":true,"href":"https:\/\/triplex.com.bo\/index.php\/wp-json\/wp\/v2\/product_brand?post=10388"},{"taxonomy":"product_cat","embeddable":true,"href":"https:\/\/triplex.com.bo\/index.php\/wp-json\/wp\/v2\/product_cat?post=10388"},{"taxonomy":"product_tag","embeddable":true,"href":"https:\/\/triplex.com.bo\/index.php\/wp-json\/wp\/v2\/product_tag?post=10388"}],"curies":[{"name":"wp","href":"https:\/\/api.w.org\/{rel}","templated":true}]}}