{"id":10386,"date":"2022-12-16T06:08:25","date_gmt":"2022-12-16T06:08:25","guid":{"rendered":"https:\/\/triplex.com.bo\/index.php\/product\/licuadora-oster-activesense\/"},"modified":"2025-05-30T09:46:06","modified_gmt":"2025-05-30T13:46:06","slug":"licuadora-oster-activesense","status":"publish","type":"product","link":"https:\/\/triplex.com.bo\/index.php\/product\/licuadora-oster-activesense\/","title":{"rendered":"LICUADORA OSTER ACTIVE SENSE"},"content":{"rendered":"<p>Cinco programas autom\u00e1ticos para batidos, salsas, malteadas, bebidas con hiel y jugos; adem\u00e1s tres velocidades manuales y una funci\u00f3n de pulso<br \/>\nTecnolog\u00eda ActiveSense\u2122 &#8211; sensores que trabajan con los cinco programas autom\u00e1ticos para adaptarse a la velocidad justa y al tiempo de licuado necesario para lograr la textura esperada, ya sea espesa o l\u00edquida, con trozos o sin trozos<br \/>\nSensor que te indica cu\u00e1ndo no hay suficiente l\u00edquido en el vaso para licuar correctamente, deteniendo el proceso de licuado y notific\u00e1ndote que agregues m\u00e1s l\u00edquido<br \/>\nMotor con tecnolog\u00eda reversible con dos caballos de fuerzo en su potencia pico, que gira las cuchillas hacia adelante y hacia atr\u00e1s procesando completamente todos los alimentos, para lograr un licuado uniforme y homog\u00e9neo<br \/>\nVaso de 2 litros (8 tazas) con tecnolog\u00eda Tritan\u2122, un pl\u00e1stico s\u00faper resistente a impactos y ralladuras, olores, manchas y libre de BPA*<br \/>\nRevolucionaria cuchilla dos veces m\u00e1s grande** con seis aspas de acero inoxidable granizan hielo f\u00e1cilmente<br \/>\nExclusivo sistema de acople metal contra metal All-Metal-Drive\u00ae para mayor durabilidad de la licuadora<\/p>\n","protected":false},"excerpt":{"rendered":"<p>Licuadora Oster\u00ae ActiveSense\u2122<\/p>\n","protected":false},"featured_media":10385,"comment_status":"open","ping_status":"closed","template":"","meta":{"_acf_changed":false},"pwb-brand":[235],"product_brand":[],"product_cat":[157,165],"product_tag":[],"class_list":{"0":"post-10386","1":"product","2":"type-product","3":"status-publish","4":"has-post-thumbnail","6":"pwb-brand-oster","7":"product_cat-electromenor","8":"product_cat-electromenor-licuadoras","10":"first","11":"outofstock","12":"shipping-taxable","13":"purchasable","14":"product-type-simple"},"acf":[],"brands":[{"id":235,"name":"OSTER","slug":"oster"}],"_links":{"self":[{"href":"https:\/\/triplex.com.bo\/index.php\/wp-json\/wp\/v2\/product\/10386","targetHints":{"allow":["GET"]}}],"collection":[{"href":"https:\/\/triplex.com.bo\/index.php\/wp-json\/wp\/v2\/product"}],"about":[{"href":"https:\/\/triplex.com.bo\/index.php\/wp-json\/wp\/v2\/types\/product"}],"replies":[{"embeddable":true,"href":"https:\/\/triplex.com.bo\/index.php\/wp-json\/wp\/v2\/comments?post=10386"}],"wp:featuredmedia":[{"embeddable":true,"href":"https:\/\/triplex.com.bo\/index.php\/wp-json\/wp\/v2\/media\/10385"}],"wp:attachment":[{"href":"https:\/\/triplex.com.bo\/index.php\/wp-json\/wp\/v2\/media?parent=10386"}],"wp:term":[{"taxonomy":"pwb-brand","embeddable":true,"href":"https:\/\/triplex.com.bo\/index.php\/wp-json\/wp\/v2\/pwb-brand?post=10386"},{"taxonomy":"product_brand","embeddable":true,"href":"https:\/\/triplex.com.bo\/index.php\/wp-json\/wp\/v2\/product_brand?post=10386"},{"taxonomy":"product_cat","embeddable":true,"href":"https:\/\/triplex.com.bo\/index.php\/wp-json\/wp\/v2\/product_cat?post=10386"},{"taxonomy":"product_tag","embeddable":true,"href":"https:\/\/triplex.com.bo\/index.php\/wp-json\/wp\/v2\/product_tag?post=10386"}],"curies":[{"name":"wp","href":"https:\/\/api.w.org\/{rel}","templated":true}]}}