{"id":10364,"date":"2022-12-16T06:07:20","date_gmt":"2022-12-16T06:07:20","guid":{"rendered":"https:\/\/triplex.com.bo\/index.php\/product\/plancha-de-vapor-oster-base-de-ceramica\/"},"modified":"2024-11-08T16:26:04","modified_gmt":"2024-11-08T20:26:04","slug":"plancha-de-vapor-oster-base-de-ceramica","status":"publish","type":"product","link":"https:\/\/triplex.com.bo\/index.php\/product\/plancha-de-vapor-oster-base-de-ceramica\/","title":{"rendered":"Plancha de vapor Oster\u00ae base de cer\u00e1mica"},"content":{"rendered":"<p>Suela con nano hendiduras c\u00f3ncavas y plexo canales de vaporizaci\u00f3n para un deslizamiento superior y m\u00e1s r\u00e1pido<br \/>\nSistema anti goteo que previene la formaci\u00f3n de manchas de agua<br \/>\nSistema Anti-Calc\/antisarro que mejora el desempe\u00f1o de la plancha<br \/>\nVapor de doble uso (85 g\/min m\u00e1x.) que funciona como un vaporizador de prendas y una plancha<br \/>\nBot\u00f3n de rociado fino ayuda a alisar arrugas dif\u00edciles<br \/>\nLimpieza autom\u00e1tica prolonga la vida de la plancha<br \/>\nApagado autom\u00e1tico de 3 posiciones para seguridad adicional<br \/>\nConsumo de energ\u00eda: 149.248 Wh\/D\u00eda<\/p>\n","protected":false},"excerpt":{"rendered":"<p>Plancha de vapor Oster\u00ae base de cer\u00e1mica<\/p>\n","protected":false},"featured_media":11810,"comment_status":"open","ping_status":"closed","template":"","meta":{"_acf_changed":false},"pwb-brand":[235],"product_brand":[],"product_cat":[157,168],"product_tag":[],"class_list":{"0":"post-10364","1":"product","2":"type-product","3":"status-publish","4":"has-post-thumbnail","6":"pwb-brand-oster","7":"product_cat-electromenor","8":"product_cat-electromenor-planchas-ropa","10":"first","11":"outofstock","12":"shipping-taxable","13":"purchasable","14":"product-type-simple"},"acf":[],"brands":[{"id":235,"name":"OSTER","slug":"oster"}],"_links":{"self":[{"href":"https:\/\/triplex.com.bo\/index.php\/wp-json\/wp\/v2\/product\/10364","targetHints":{"allow":["GET"]}}],"collection":[{"href":"https:\/\/triplex.com.bo\/index.php\/wp-json\/wp\/v2\/product"}],"about":[{"href":"https:\/\/triplex.com.bo\/index.php\/wp-json\/wp\/v2\/types\/product"}],"replies":[{"embeddable":true,"href":"https:\/\/triplex.com.bo\/index.php\/wp-json\/wp\/v2\/comments?post=10364"}],"wp:featuredmedia":[{"embeddable":true,"href":"https:\/\/triplex.com.bo\/index.php\/wp-json\/wp\/v2\/media\/11810"}],"wp:attachment":[{"href":"https:\/\/triplex.com.bo\/index.php\/wp-json\/wp\/v2\/media?parent=10364"}],"wp:term":[{"taxonomy":"pwb-brand","embeddable":true,"href":"https:\/\/triplex.com.bo\/index.php\/wp-json\/wp\/v2\/pwb-brand?post=10364"},{"taxonomy":"product_brand","embeddable":true,"href":"https:\/\/triplex.com.bo\/index.php\/wp-json\/wp\/v2\/product_brand?post=10364"},{"taxonomy":"product_cat","embeddable":true,"href":"https:\/\/triplex.com.bo\/index.php\/wp-json\/wp\/v2\/product_cat?post=10364"},{"taxonomy":"product_tag","embeddable":true,"href":"https:\/\/triplex.com.bo\/index.php\/wp-json\/wp\/v2\/product_tag?post=10364"}],"curies":[{"name":"wp","href":"https:\/\/api.w.org\/{rel}","templated":true}]}}