{"id":10340,"date":"2022-12-16T06:06:18","date_gmt":"2022-12-16T06:06:18","guid":{"rendered":"https:\/\/triplex.com.bo\/index.php\/product\/cocina-encimera-2-hornallas-electrica-practika\/"},"modified":"2024-10-25T09:19:12","modified_gmt":"2024-10-25T13:19:12","slug":"cocina-encimera-2-hornallas-electrica-practika","status":"publish","type":"product","link":"https:\/\/triplex.com.bo\/index.php\/product\/cocina-encimera-2-hornallas-electrica-practika\/","title":{"rendered":"COCINA ENCIMERA 2 HORNALLAS ELECTRICA PRACTIKA"},"content":{"rendered":"<p>No te preocupes m\u00e1s por tener cocinas grandes que ocupen mucho espacio y consumen gran energ\u00eda. La marca Practika ofrece innovaci\u00f3n y comodidad para tu cocina con la nueva cocineta el\u00e9ctrica modelo PCE-02. Un producto para tu cocina que est\u00e1 creado con materiales muy resistentes, este producto resulta es muy pr\u00e1ctico y moderno. Tiene un tama\u00f1o mediano que posee dos hornillas, la primera con un di\u00e1metro de 15.5 cm y la segunda con un tama\u00f1o de 18.5 cm. Esta cocineta el\u00e9ctrica cuenta con una gran potencia, ya que tiene una hornilla de tiene 750 watts y la segunda tiene 1500 Car, ahora podr\u00e1s preparar dos comidas a la vez sin preocuparte por el tiempo que inviertas en ello. La cocineta de Practika tiene un control de termostato para que la temperatura con la que cocines sea uniforme y as\u00ed tus alimentos queden con una perfecta cocci\u00f3n. Para tu seguridad cuenta con una luz indicadora de encendido. \u00a1Cocina sano y sabroso, pon a prueba tu creatividad con la cocineta Practika!<br \/>\nPotencia de 750 Watts \/ 1500 Watts.<br \/>\nHornilla de 15.5 cm y 18.5 cm de di\u00e1metro.<br \/>\nControl de termostato.<br \/>\nLuz de encendido.<br \/>\nResistencia encapsulada.<br \/>\nRegulador de potencia<\/p>\n","protected":false},"excerpt":{"rendered":"<p>La marca Practika ofrece innovaci\u00f3n y comodidad para tu cocina con la nueva cocineta el\u00e9ctrica modelo PCE-02<\/p>\n","protected":false},"featured_media":10339,"comment_status":"open","ping_status":"closed","template":"","meta":{"_acf_changed":false},"pwb-brand":[294],"product_brand":[],"product_cat":[156],"product_tag":[],"class_list":{"0":"post-10340","1":"product","2":"type-product","3":"status-publish","4":"has-post-thumbnail","6":"pwb-brand-practika","7":"product_cat-cocinas-empotrables","9":"first","10":"outofstock","11":"shipping-taxable","12":"purchasable","13":"product-type-simple"},"acf":[],"brands":[{"id":294,"name":"PRACTIKA","slug":"practika"}],"_links":{"self":[{"href":"https:\/\/triplex.com.bo\/index.php\/wp-json\/wp\/v2\/product\/10340","targetHints":{"allow":["GET"]}}],"collection":[{"href":"https:\/\/triplex.com.bo\/index.php\/wp-json\/wp\/v2\/product"}],"about":[{"href":"https:\/\/triplex.com.bo\/index.php\/wp-json\/wp\/v2\/types\/product"}],"replies":[{"embeddable":true,"href":"https:\/\/triplex.com.bo\/index.php\/wp-json\/wp\/v2\/comments?post=10340"}],"wp:featuredmedia":[{"embeddable":true,"href":"https:\/\/triplex.com.bo\/index.php\/wp-json\/wp\/v2\/media\/10339"}],"wp:attachment":[{"href":"https:\/\/triplex.com.bo\/index.php\/wp-json\/wp\/v2\/media?parent=10340"}],"wp:term":[{"taxonomy":"pwb-brand","embeddable":true,"href":"https:\/\/triplex.com.bo\/index.php\/wp-json\/wp\/v2\/pwb-brand?post=10340"},{"taxonomy":"product_brand","embeddable":true,"href":"https:\/\/triplex.com.bo\/index.php\/wp-json\/wp\/v2\/product_brand?post=10340"},{"taxonomy":"product_cat","embeddable":true,"href":"https:\/\/triplex.com.bo\/index.php\/wp-json\/wp\/v2\/product_cat?post=10340"},{"taxonomy":"product_tag","embeddable":true,"href":"https:\/\/triplex.com.bo\/index.php\/wp-json\/wp\/v2\/product_tag?post=10340"}],"curies":[{"name":"wp","href":"https:\/\/api.w.org\/{rel}","templated":true}]}}