{"id":10298,"date":"2022-12-16T06:04:36","date_gmt":"2022-12-16T06:04:36","guid":{"rendered":"https:\/\/triplex.com.bo\/index.php\/product\/parlantes-sony-v21d\/"},"modified":"2024-05-18T02:53:24","modified_gmt":"2024-05-18T06:53:24","slug":"parlantes-sony-v21d","status":"publish","type":"product","link":"https:\/\/triplex.com.bo\/index.php\/product\/parlantes-sony-v21d\/","title":{"rendered":"PARLANTES SONY V21D"},"content":{"rendered":"<p>Especificaciones y caracter\u00edsticas completas<br \/>\nMHC-V21D<\/p>\n<p>Comprar<br \/>\nEspecificaciones<br \/>\nCaracter\u00edsticas<br \/>\nEspecificaciones y caracter\u00edsticas completas<br \/>\nComprar<br \/>\nEspecificaciones<br \/>\nCaracter\u00edsticas<br \/>\nFunciones<br \/>\nCD<br \/>\nS\u00ed<br \/>\nDVD<br \/>\nS\u00ed<br \/>\nUSB1<br \/>\nS\u00ed<br \/>\nFM<br \/>\nS\u00ed<br \/>\nENTRADA DE AUDIO1<br \/>\nS\u00ed<br \/>\nTV<br \/>\nS\u00ed (HDMI), (ENTRADA DE AUDIO)<br \/>\nBLUETOOTH\u00ae<br \/>\nS\u00cd (iAP a trav\u00e9s de Bluetooth\u00ae)<br \/>\nEntradas y salidas<br \/>\nENTRADA DE AUDIO ANAL\u00d3GICO<br \/>\n1<br \/>\nSALIDA DE AUDIO ANAL\u00d3GICA<br \/>\n1<br \/>\nSALIDA HDMI<br \/>\n1<br \/>\nSALIDA DE VIDEO COMPUESTO<br \/>\n1<br \/>\nPUERTO USB<br \/>\n1<br \/>\nENTRADA DE MICR\u00d3FONO<br \/>\n2 (6 \u03c6 \/ Guitarra disponible para un puerto: MIC 2 \/ GUITAR)<br \/>\nFunciones de sonido<br \/>\nECUALIZADOR DE M\u00daSICA<br \/>\nM\u00daSICA<br \/>\nECUALIZADOR LATINO<br \/>\nS\u00ed (REGUET\u00d3N\/POP\/LATINO\/SALSA\/RANCHERA\/CUMBIA\/BACHATA\/VALLENATO)<br \/>\nFOOTBALL MODE<br \/>\nS\u00cd<br \/>\nECUALIZADOR DE VIDEO<br \/>\nPEL\u00cdCULA\/JUEGO\/SERIE\/NOTICIA<br \/>\nMODO FIESTA<br \/>\nS\u00ed<br \/>\nFUNCI\u00d3N DE ENFATIZACI\u00d3N DE GRAVES<br \/>\nMEGA BASS<br \/>\nMEJORA DE SONIDO DSEE<br \/>\nDSEE (AUTO)<br \/>\nPARTY CHAIN (CON CABLE)<br \/>\nS\u00ed<br \/>\nFUNCI\u00d3N DE PARLANTE ADICIONAL (BLUETOOTH\u00ae)<br \/>\nS\u00ed<br \/>\nCLEARAUDIO+<br \/>\nS\u00ed<br \/>\nSurround<br \/>\nDOLBY\u00ae DIGITAL<br \/>\nS\u00ed<br \/>\nCINEMA SPACE\/SURROUND<br \/>\n-\/S\u00ed<br \/>\nSonido para entretenimiento<br \/>\nFLANGER<br \/>\nS\u00ed<br \/>\nISOLATOR<br \/>\nS\u00ed<br \/>\nPAN<br \/>\nS\u00ed<br \/>\nWAH<br \/>\nS\u00ed<br \/>\nMUESTREADOR<br \/>\nS\u00ed (ara\u00f1azos y m\u00e1s)<br \/>\nEfecto de iluminaci\u00f3n<br \/>\nLUZ DE PARLANTE<br \/>\nS\u00ed (azul cielo para WF)<br \/>\nKaraoke<br \/>\nATENUADOR DE VOZ<br \/>\nS\u00ed (para todas las funciones)<br \/>\nCONTROL DE TECLAS<br \/>\nS\u00ed (para todas las funciones)<br \/>\nPUNTUACI\u00d3N<br \/>\nS\u00ed (para todas las funciones)<br \/>\nVOLUMEN DEL MICR\u00d3FONO<br \/>\nS\u00ed (para todas las funciones)<br \/>\nECHO<br \/>\nS\u00ed (para todas las funciones)<br \/>\nVOZ DE GU\u00cdA<br \/>\nS\u00ed (para todas las funciones) (solo aplicaciones)<br \/>\nCAMBIADOR DE VOZ<br \/>\nS\u00ed (para todas las funciones)<br \/>\nFunciones c\u00f3modas<br \/>\nTEMPORIZADOR DE APAGADO<br \/>\nS\u00ed<br \/>\nSALIDA DE CARGA DE PUERTO USB<br \/>\n1A<br \/>\nGRABACI\u00d3N USB<br \/>\nS\u00ed<br \/>\nConsumo de energ\u00eda<br \/>\nCONSUMO DE ENERG\u00cdA (EN MODO DE ESPERA)<br \/>\n0,5 W<br \/>\nConexi\u00f3n inal\u00e1mbrica<br \/>\nEMPAREJAMIENTO NFC ONE-TOUCH<br \/>\nS\u00ed<br \/>\nBluetooth\u00ae<br \/>\nLDAC<br \/>\nS\u00ed<br \/>\nAAC<br \/>\nS\u00ed<br \/>\nA2DP (SINK)<br \/>\nS\u00ed<br \/>\nAVRCP<br \/>\nS\u00ed (versi\u00f3n 1.3)<br \/>\nSPP<br \/>\nS\u00ed<br \/>\nAplicaci\u00f3n<br \/>\nAPLICACIONES PARA SMARTPHONES COMPATIBLES<br \/>\nS\u00ed (Music Center y Fiestable)<br \/>\nEspecificaciones del sintonizador<br \/>\nBANDA<br \/>\nFM<br \/>\nRDS<br \/>\nS\u00ed<br \/>\nRANGO DE SINTONIZACI\u00d3N (FM)<br \/>\n87,5-108 MHz \/ 50 kHz<br \/>\nPRESINTON\u00cdA<br \/>\nFM20<br \/>\nGeneral<br \/>\nCIERRE DE BANDEJA<br \/>\nS\u00ed<br \/>\nCIERRE DE SEGURIDAD<br \/>\nS\u00ed<br \/>\nASA DE TRANSPORTE<br \/>\nS\u00ed (lateral)<br \/>\nDiscos reproducibles (audio)<br \/>\nCD<br \/>\nS\u00ed<br \/>\nCD-R<br \/>\nS\u00ed<br \/>\nCD-RW<br \/>\nS\u00ed<br \/>\nDISCO DE 8 CM (CD)<br \/>\nS\u00ed<br \/>\nDISCO DE 8 CM (DVD)<br \/>\nS\u00ed<br \/>\nDiscos reproducibles (video)<br \/>\nDVD<br \/>\nS\u00ed<br \/>\nDVD+R<br \/>\nS\u00ed<br \/>\nDVD-R<br \/>\nYes<br \/>\nDVD+R DL<br \/>\nS\u00ed<br \/>\nDVD+RW<br \/>\nS\u00ed<br \/>\nDVD-RW (VIDEO)<br \/>\nS\u00ed<br \/>\nVCD<br \/>\nS\u00ed<br \/>\nFormatos reproducibles (datos)<br \/>\nMP3<br \/>\nS\u00ed<br \/>\nXVID<br \/>\nS\u00ed<br \/>\nMPEG4 *PERFIL SIMPLE<br \/>\nS\u00ed (tambi\u00e9n compatible con MPEG1)<br \/>\nEspecificaciones del parlante frontal<br \/>\nTWEETER<br \/>\n6 cm x 2 (tipo cono)<br \/>\nWOOFER<br \/>\n20 cm x 1<br \/>\nUnidad principal<br \/>\nDIMENSIONES DE LA UNIDAD PRINCIPAL (AN. X AL. X PR. EN CM) (APROX.)<br \/>\n32,4 cm x 60,0 cm x 28,6 cm<br \/>\nPESO (EN KG) (APROX.)<br \/>\n8,4kg<\/p>\n","protected":false},"excerpt":{"rendered":"<p>PARLANTES SONY V21D<\/p>\n","protected":false},"featured_media":11771,"comment_status":"open","ping_status":"closed","template":"","meta":{"_acf_changed":false},"pwb-brand":[224],"product_brand":[],"product_cat":[148],"product_tag":[],"class_list":{"0":"post-10298","1":"product","2":"type-product","3":"status-publish","4":"has-post-thumbnail","6":"pwb-brand-sony","7":"product_cat-parlantes","9":"first","10":"outofstock","11":"shipping-taxable","12":"purchasable","13":"product-type-simple"},"acf":[],"brands":[{"id":224,"name":"SONY","slug":"sony"}],"_links":{"self":[{"href":"https:\/\/triplex.com.bo\/index.php\/wp-json\/wp\/v2\/product\/10298","targetHints":{"allow":["GET"]}}],"collection":[{"href":"https:\/\/triplex.com.bo\/index.php\/wp-json\/wp\/v2\/product"}],"about":[{"href":"https:\/\/triplex.com.bo\/index.php\/wp-json\/wp\/v2\/types\/product"}],"replies":[{"embeddable":true,"href":"https:\/\/triplex.com.bo\/index.php\/wp-json\/wp\/v2\/comments?post=10298"}],"wp:featuredmedia":[{"embeddable":true,"href":"https:\/\/triplex.com.bo\/index.php\/wp-json\/wp\/v2\/media\/11771"}],"wp:attachment":[{"href":"https:\/\/triplex.com.bo\/index.php\/wp-json\/wp\/v2\/media?parent=10298"}],"wp:term":[{"taxonomy":"pwb-brand","embeddable":true,"href":"https:\/\/triplex.com.bo\/index.php\/wp-json\/wp\/v2\/pwb-brand?post=10298"},{"taxonomy":"product_brand","embeddable":true,"href":"https:\/\/triplex.com.bo\/index.php\/wp-json\/wp\/v2\/product_brand?post=10298"},{"taxonomy":"product_cat","embeddable":true,"href":"https:\/\/triplex.com.bo\/index.php\/wp-json\/wp\/v2\/product_cat?post=10298"},{"taxonomy":"product_tag","embeddable":true,"href":"https:\/\/triplex.com.bo\/index.php\/wp-json\/wp\/v2\/product_tag?post=10298"}],"curies":[{"name":"wp","href":"https:\/\/api.w.org\/{rel}","templated":true}]}}