{"id":10296,"date":"2022-12-16T06:04:32","date_gmt":"2022-12-16T06:04:32","guid":{"rendered":"https:\/\/triplex.com.bo\/index.php\/product\/reproductor-dvd-y-bluray-sr370\/"},"modified":"2024-01-19T19:37:58","modified_gmt":"2024-01-19T19:37:58","slug":"reproductor-dvd-y-bluray-sr370","status":"publish","type":"product","link":"https:\/\/triplex.com.bo\/index.php\/product\/reproductor-dvd-y-bluray-sr370\/","title":{"rendered":"REPRODUCTOR DVD Y BLURAY SR370"},"content":{"rendered":"<p>ESPECIFICACIONES Y CARACTER\u00cdSTICAS<br \/>\nReproduce pel\u00edculas, m\u00fasica y fotos almacenadas en USBPuedes reproducir contenido directamente desde un dispositivo USB y ver pel\u00edculas, escuchar m\u00fasica y ver fotos o presentaciones de diapositivas.<\/p>\n<p>Reproduce una gran variedad de formatosPuede reproducir CD-R\/RW, DVD+RW\/+R\/+R DL, DVD-RW\/-R\/-R DL (incluidos DVD de 8 cm), JPEG, mp3, MPEG-4, WMA, AAC y PCM lineal.<\/p>\n<p>Elige entre reproducci\u00f3n r\u00e1pida y lenta con sonidoReproduce pel\u00edculas con sonido adem\u00e1s de imagen a una velocidad aproximadamente 1,5 veces m\u00e1s r\u00e1pida. Tambi\u00e9n puedes ralentizarlos para disfrutar de los deportes y la acci\u00f3n al detalle.<\/p>\n<p>Retoma el punto de partida en hasta seis DVDContin\u00faa exactamente por donde te quedaste. Este reproductor puede memorizar y reanudar en hasta seis discos que ya hayan sido reproducidos.<\/p>\n<p>Crea tus propias presentaciones de diapositivas con banda sonoraPuedes ver tus im\u00e1genes en una presentaci\u00f3n de diapositivas con la m\u00fasica de fondo que quieras.<\/p>\n<p>Mejora el sonido de tus pel\u00edculasConecta la unidad a tu sistema de audio con un cable coaxial digital y obt\u00e9n un excelente sonido.<\/p>\n<p>Controla el reproductor y el televisor con el mismo control remotoPuedes ajustar la configuraci\u00f3n de tu reproductor o televisor, incluido el encendido y apagado, el canal y el volumen, con el control remoto del DVD.<\/p>\n<p>Dise\u00f1o compactoCon tan solo 270 mm, este reproductor integra una enorme cantidad de funciones en un \u00fanico sistema compacto y elegante.<\/p>\n","protected":false},"excerpt":{"rendered":"<p>REPRODUCTOR DVD Y BLURAY SR370<\/p>\n","protected":false},"featured_media":11769,"comment_status":"open","ping_status":"closed","template":"","meta":{"_acf_changed":false},"pwb-brand":[224],"product_brand":[],"product_cat":[176],"product_tag":[],"class_list":{"0":"post-10296","1":"product","2":"type-product","3":"status-publish","4":"has-post-thumbnail","6":"pwb-brand-sony","7":"product_cat-reproductores","9":"first","10":"outofstock","11":"shipping-taxable","12":"purchasable","13":"product-type-simple"},"acf":[],"brands":[{"id":224,"name":"SONY","slug":"sony"}],"_links":{"self":[{"href":"https:\/\/triplex.com.bo\/index.php\/wp-json\/wp\/v2\/product\/10296","targetHints":{"allow":["GET"]}}],"collection":[{"href":"https:\/\/triplex.com.bo\/index.php\/wp-json\/wp\/v2\/product"}],"about":[{"href":"https:\/\/triplex.com.bo\/index.php\/wp-json\/wp\/v2\/types\/product"}],"replies":[{"embeddable":true,"href":"https:\/\/triplex.com.bo\/index.php\/wp-json\/wp\/v2\/comments?post=10296"}],"wp:featuredmedia":[{"embeddable":true,"href":"https:\/\/triplex.com.bo\/index.php\/wp-json\/wp\/v2\/media\/11769"}],"wp:attachment":[{"href":"https:\/\/triplex.com.bo\/index.php\/wp-json\/wp\/v2\/media?parent=10296"}],"wp:term":[{"taxonomy":"pwb-brand","embeddable":true,"href":"https:\/\/triplex.com.bo\/index.php\/wp-json\/wp\/v2\/pwb-brand?post=10296"},{"taxonomy":"product_brand","embeddable":true,"href":"https:\/\/triplex.com.bo\/index.php\/wp-json\/wp\/v2\/product_brand?post=10296"},{"taxonomy":"product_cat","embeddable":true,"href":"https:\/\/triplex.com.bo\/index.php\/wp-json\/wp\/v2\/product_cat?post=10296"},{"taxonomy":"product_tag","embeddable":true,"href":"https:\/\/triplex.com.bo\/index.php\/wp-json\/wp\/v2\/product_tag?post=10296"}],"curies":[{"name":"wp","href":"https:\/\/api.w.org\/{rel}","templated":true}]}}