{"id":10294,"date":"2022-12-16T06:04:27","date_gmt":"2022-12-16T06:04:27","guid":{"rendered":"https:\/\/triplex.com.bo\/index.php\/product\/reproductor-dvd-y-bluray-sony-s1500\/"},"modified":"2025-03-21T16:30:33","modified_gmt":"2025-03-21T20:30:33","slug":"reproductor-dvd-y-bluray-sony-s1500","status":"publish","type":"product","link":"https:\/\/triplex.com.bo\/index.php\/product\/reproductor-dvd-y-bluray-sony-s1500\/","title":{"rendered":"REPRODUCTOR DVD Y BLURAY SONY S1500"},"content":{"rendered":"<p>ESPECIFICACIONES Y CARACTER\u00cdSTICAS<br \/>\nDisfruta de tus pel\u00edculas favoritas en Full HD gracias al BDP-S1500. Las im\u00e1genes son claras y detalladas, y los colores logran una nueva intensidad gracias al color TRILUMINOS\u2122. El inicio superr\u00e1pido entrega tiempos de carga r\u00e1pidos y arranca en menos de un segundo, por lo que puedes pasar directo a la acci\u00f3n.<br \/>\nTransmite el contenido desde una variedad de proveedores de entretenimiento en l\u00ednea<br \/>\nDisfruta de todas tus pel\u00edculas con calidad Full HD 1<br \/>\nExperimenta los colores vivos gracias al color TRILUMINOS\u2122<br \/>\nArranque y tiempos de carga mejorados con inicio superr\u00e1pido<br \/>\nSimplifica las cosas con la nueva interfaz f\u00e1cil de utilizar<\/p>\n","protected":false},"excerpt":{"rendered":"<p>REPRODUCTOR DVD Y BLURAY SONY S1500<\/p>\n","protected":false},"featured_media":10293,"comment_status":"open","ping_status":"closed","template":"","meta":{"_acf_changed":false},"pwb-brand":[224],"product_brand":[],"product_cat":[176,137],"product_tag":[],"class_list":{"0":"post-10294","1":"product","2":"type-product","3":"status-publish","4":"has-post-thumbnail","6":"pwb-brand-sony","7":"product_cat-reproductores","8":"product_cat-audio","10":"first","11":"instock","12":"shipping-taxable","13":"purchasable","14":"product-type-simple"},"acf":[],"brands":[{"id":224,"name":"SONY","slug":"sony"}],"_links":{"self":[{"href":"https:\/\/triplex.com.bo\/index.php\/wp-json\/wp\/v2\/product\/10294","targetHints":{"allow":["GET"]}}],"collection":[{"href":"https:\/\/triplex.com.bo\/index.php\/wp-json\/wp\/v2\/product"}],"about":[{"href":"https:\/\/triplex.com.bo\/index.php\/wp-json\/wp\/v2\/types\/product"}],"replies":[{"embeddable":true,"href":"https:\/\/triplex.com.bo\/index.php\/wp-json\/wp\/v2\/comments?post=10294"}],"wp:featuredmedia":[{"embeddable":true,"href":"https:\/\/triplex.com.bo\/index.php\/wp-json\/wp\/v2\/media\/10293"}],"wp:attachment":[{"href":"https:\/\/triplex.com.bo\/index.php\/wp-json\/wp\/v2\/media?parent=10294"}],"wp:term":[{"taxonomy":"pwb-brand","embeddable":true,"href":"https:\/\/triplex.com.bo\/index.php\/wp-json\/wp\/v2\/pwb-brand?post=10294"},{"taxonomy":"product_brand","embeddable":true,"href":"https:\/\/triplex.com.bo\/index.php\/wp-json\/wp\/v2\/product_brand?post=10294"},{"taxonomy":"product_cat","embeddable":true,"href":"https:\/\/triplex.com.bo\/index.php\/wp-json\/wp\/v2\/product_cat?post=10294"},{"taxonomy":"product_tag","embeddable":true,"href":"https:\/\/triplex.com.bo\/index.php\/wp-json\/wp\/v2\/product_tag?post=10294"}],"curies":[{"name":"wp","href":"https:\/\/api.w.org\/{rel}","templated":true}]}}