{"id":10290,"date":"2022-12-16T06:04:16","date_gmt":"2022-12-16T06:04:16","guid":{"rendered":"https:\/\/triplex.com.bo\/index.php\/product\/refrigerador-vitrina-de-400ltrs-pride\/"},"modified":"2024-08-27T09:46:23","modified_gmt":"2024-08-27T13:46:23","slug":"refrigerador-vitrina-de-400ltrs-pride","status":"publish","type":"product","link":"https:\/\/triplex.com.bo\/index.php\/product\/refrigerador-vitrina-de-400ltrs-pride\/","title":{"rendered":"REFRIGERADOR VITRINA DE 400LTRS PRIDE"},"content":{"rendered":"<p>Iluminacion superior, ventilador interior, vidrio transparente, 4 parillas o bandejas metalicos, interior facil de limpiar.<\/p>\n<p>Un refrigerador vitrina es un electrodom\u00e9stico ideal para exhibir y conservar tus alimentos y bebidas de forma segura y atractiva. Si quieres comprar un refrigerador vitrina de calidad, te recomendamos el Refrigerador Vitrina Pride 400L, un producto que te ofrece las mejores prestaciones y beneficios.El Refrigerador Vitrina Pride 400L tiene una capacidad de 400 litros, lo que te permite almacenar una gran variedad de productos. Tiene un dise\u00f1o elegante y moderno, con un color negro que combina con cualquier ambiente. Adem\u00e1s, tiene una puerta de vidrio transparente que te permite ver el interior sin necesidad de abrirlo, lo que ahorra energ\u00eda y mantiene la temperatura \u00f3ptima. El refrigerador vitrina tiene un sistema de iluminaci\u00f3n LED que resalta los colores y la frescura de los alimentos. Tambi\u00e9n tiene un control digital de temperatura que te permite ajustarla seg\u00fan tus necesidades.<\/p>\n<h5>Especificaciones<\/h5>\n<ul>\n<li>Iluminacion superior.<\/li>\n<li>ventilador interior.<\/li>\n<li>vidrio transparente.<\/li>\n<li>4 parillas o bandejas metalicos.<\/li>\n<li>interior facil de limpiar.<\/li>\n<li>Peso\u00a0 \u00a0 \u00a0 \u00a0 76 kg<\/li>\n<li>Dimensiones\u00a0 \u00a0 \u00a0 \u00a0 670 \u00d7 690 \u00d7 2130 cm<\/li>\n<\/ul>\n","protected":false},"excerpt":{"rendered":"<p>REFRIGERADOR VITRINA DE 400LTRS PRIDE<\/p>\n","protected":false},"featured_media":10289,"comment_status":"open","ping_status":"closed","template":"","meta":{"_acf_changed":false},"pwb-brand":[228],"product_brand":[],"product_cat":[273],"product_tag":[],"class_list":{"0":"post-10290","1":"product","2":"type-product","3":"status-publish","4":"has-post-thumbnail","6":"pwb-brand-pride","7":"product_cat-vitrinas","9":"first","10":"outofstock","11":"shipping-taxable","12":"purchasable","13":"product-type-simple"},"acf":[],"brands":[{"id":228,"name":"PRIDE","slug":"pride"}],"_links":{"self":[{"href":"https:\/\/triplex.com.bo\/index.php\/wp-json\/wp\/v2\/product\/10290","targetHints":{"allow":["GET"]}}],"collection":[{"href":"https:\/\/triplex.com.bo\/index.php\/wp-json\/wp\/v2\/product"}],"about":[{"href":"https:\/\/triplex.com.bo\/index.php\/wp-json\/wp\/v2\/types\/product"}],"replies":[{"embeddable":true,"href":"https:\/\/triplex.com.bo\/index.php\/wp-json\/wp\/v2\/comments?post=10290"}],"wp:featuredmedia":[{"embeddable":true,"href":"https:\/\/triplex.com.bo\/index.php\/wp-json\/wp\/v2\/media\/10289"}],"wp:attachment":[{"href":"https:\/\/triplex.com.bo\/index.php\/wp-json\/wp\/v2\/media?parent=10290"}],"wp:term":[{"taxonomy":"pwb-brand","embeddable":true,"href":"https:\/\/triplex.com.bo\/index.php\/wp-json\/wp\/v2\/pwb-brand?post=10290"},{"taxonomy":"product_brand","embeddable":true,"href":"https:\/\/triplex.com.bo\/index.php\/wp-json\/wp\/v2\/product_brand?post=10290"},{"taxonomy":"product_cat","embeddable":true,"href":"https:\/\/triplex.com.bo\/index.php\/wp-json\/wp\/v2\/product_cat?post=10290"},{"taxonomy":"product_tag","embeddable":true,"href":"https:\/\/triplex.com.bo\/index.php\/wp-json\/wp\/v2\/product_tag?post=10290"}],"curies":[{"name":"wp","href":"https:\/\/api.w.org\/{rel}","templated":true}]}}