{"id":10206,"date":"2022-12-16T05:59:50","date_gmt":"2022-12-16T05:59:50","guid":{"rendered":"https:\/\/triplex.com.bo\/index.php\/product\/olla-a-presion-oster-7-ltrs\/"},"modified":"2026-03-26T10:45:33","modified_gmt":"2026-03-26T14:45:33","slug":"olla-a-presion-oster-7-ltrs","status":"publish","type":"product","link":"https:\/\/triplex.com.bo\/index.php\/product\/olla-a-presion-oster-7-ltrs\/","title":{"rendered":"OLLA A PRESION OSTER 7 LTRS"},"content":{"rendered":"<p>OLLA A PRESION OSTER 7 LTRS<br \/>\nOlla de presi\u00f3n de 7 litros Oster 4792<br \/>\nCuatro v\u00e1lvulas (siseo, de presi\u00f3n, de resorte y fundible) y una tapa con cierre de seguridad, te brindan toda la confianza que necesitas en tu hogar.<br \/>\nFabricaci\u00f3n de aluminio durable y ligero<br \/>\n4 v\u00e1lvulas de seguridad para mayor confiabilidad<br \/>\nTapa con cierre de seguridad<br \/>\nFiltro integrado para retener part\u00edculas de alimentos y evitar la obstrucci\u00f3n de la v\u00e1lvula de presi\u00f3n<br \/>\nDoble asa para un manejo m\u00e1s c\u00f3modo<\/p>\n","protected":false},"excerpt":{"rendered":"<p>OLLA A PRESION OSTER 7 LTRS<\/p>\n","protected":false},"featured_media":10205,"comment_status":"open","ping_status":"closed","template":"","meta":{"_acf_changed":false},"pwb-brand":[235],"product_brand":[],"product_cat":[204],"product_tag":[],"class_list":{"0":"post-10206","1":"product","2":"type-product","3":"status-publish","4":"has-post-thumbnail","6":"pwb-brand-oster","7":"product_cat-ollas-y-sartenes","9":"first","10":"outofstock","11":"shipping-taxable","12":"purchasable","13":"product-type-simple"},"acf":[],"brands":[{"id":235,"name":"OSTER","slug":"oster"}],"_links":{"self":[{"href":"https:\/\/triplex.com.bo\/index.php\/wp-json\/wp\/v2\/product\/10206","targetHints":{"allow":["GET"]}}],"collection":[{"href":"https:\/\/triplex.com.bo\/index.php\/wp-json\/wp\/v2\/product"}],"about":[{"href":"https:\/\/triplex.com.bo\/index.php\/wp-json\/wp\/v2\/types\/product"}],"replies":[{"embeddable":true,"href":"https:\/\/triplex.com.bo\/index.php\/wp-json\/wp\/v2\/comments?post=10206"}],"wp:featuredmedia":[{"embeddable":true,"href":"https:\/\/triplex.com.bo\/index.php\/wp-json\/wp\/v2\/media\/10205"}],"wp:attachment":[{"href":"https:\/\/triplex.com.bo\/index.php\/wp-json\/wp\/v2\/media?parent=10206"}],"wp:term":[{"taxonomy":"pwb-brand","embeddable":true,"href":"https:\/\/triplex.com.bo\/index.php\/wp-json\/wp\/v2\/pwb-brand?post=10206"},{"taxonomy":"product_brand","embeddable":true,"href":"https:\/\/triplex.com.bo\/index.php\/wp-json\/wp\/v2\/product_brand?post=10206"},{"taxonomy":"product_cat","embeddable":true,"href":"https:\/\/triplex.com.bo\/index.php\/wp-json\/wp\/v2\/product_cat?post=10206"},{"taxonomy":"product_tag","embeddable":true,"href":"https:\/\/triplex.com.bo\/index.php\/wp-json\/wp\/v2\/product_tag?post=10206"}],"curies":[{"name":"wp","href":"https:\/\/api.w.org\/{rel}","templated":true}]}}