{"id":10164,"date":"2022-12-16T05:57:22","date_gmt":"2022-12-16T05:57:22","guid":{"rendered":"https:\/\/triplex.com.bo\/index.php\/product\/horno-90cm-a-gas-airlux-de-empotrar\/"},"modified":"2024-06-27T11:41:28","modified_gmt":"2024-06-27T15:41:28","slug":"horno-90cm-a-gas-airlux-de-empotrar","status":"publish","type":"product","link":"https:\/\/triplex.com.bo\/index.php\/product\/horno-90cm-a-gas-airlux-de-empotrar\/","title":{"rendered":"HORNO 90CM A GAS AIRLUX DE EMPOTRAR"},"content":{"rendered":"<p>\u2705 Luz interior<br \/>\n\u2705 Bandeja incluida<br \/>\n\u2705 Grill dorador el\u00e9ctrico<br \/>\n\u2705 Industria 100% Italiana<br \/>\n\u2705 Temporizador de 60 minutos<br \/>\n\u2705 Funci\u00f3n spiedo (asador giratorio)<br \/>\n\u2705 Bordes lisos con rejillas cromadas<br \/>\n\u2705 Dise\u00f1o exterior de extraordinaria elegancia<br \/>\n\u2705 Dise\u00f1o Italiano de \u00e1lta elegancia y duraci\u00f3n<br \/>\n\u2705 Cuerpo de acero inoxidable de \u00e1lta calidad Sinlus<br \/>\n\u2705 Parrillas hechas de cromo resistentes al \u00f3xido y de f\u00e1cil limpieza<br \/>\n\u2705 Puerta interior full flat glass: otorga fuerza y solidez y facilita la limpieza<br \/>\n\u2705 Predispuesto a gas de garrafa (Glp) + kit de conversi\u00f3n para gas natural (Gnc)<br \/>\n\u2705 Horno pintado con titanio: el titanio ayuda a prevenir la acumulaci\u00f3n y adherencia de grasa, haciendo m\u00e1s f\u00e1cil la limpieza<br \/>\n\u2705 Puerta fria con triple vidrio: el cristal para aislamiento t\u00e9rmico es m\u00e1s fuerte y tocable gracias a la puerta del horno sin calor Cold Touch<br \/>\n\u2705 V\u00e1lvulas de seguridad anti fugas: corta el suministro de gas en caso de que la llama se apague. La misma no necesita energ\u00eda el\u00e9ctrica para funcionar<br \/>\n\u2705 Ventilador tangencial de refrigeraci\u00f3n: la refrigeraci\u00f3n tangencial del horno significa que este se mantiene fresco en el exterior para evitar el calentamiento de los muebles de la cocina o la formaci\u00f3n de condensaci\u00f3n. El ventilador tangencial en la parte superior del horno comienza a funcionar en modo autom\u00e1tico algunos minutos despu\u00e9s de encendido el horno, y un dispositivo con termostato asegura que continuar\u00e1 funcionando una vez apagado el horno y hasta su enfriamiento<br \/>\n\u2705 Medidas del producto: Alto 48cm. Ancho 89,6 cm. Largo 55,8 cm.<\/p>\n","protected":false},"excerpt":{"rendered":"<p>\u00bfQuieres no preocuparte por tus electrodom\u00e9sticos? Invierte ahora y ahorra ma\u00f1ana&#8230; Elige elegancia, elige calidad, elige Airlux \u2022 simbolo de calidad<\/p>\n","protected":false},"featured_media":10163,"comment_status":"open","ping_status":"closed","template":"","meta":{"_acf_changed":false},"pwb-brand":[280],"product_brand":[],"product_cat":[180],"product_tag":[],"class_list":{"0":"post-10164","1":"product","2":"type-product","3":"status-publish","4":"has-post-thumbnail","6":"pwb-brand-airlux","7":"product_cat-hornos-microondas-empotrables","9":"first","10":"outofstock","11":"shipping-taxable","12":"purchasable","13":"product-type-simple"},"acf":[],"brands":[{"id":280,"name":"AIRLUX","slug":"airlux"}],"_links":{"self":[{"href":"https:\/\/triplex.com.bo\/index.php\/wp-json\/wp\/v2\/product\/10164","targetHints":{"allow":["GET"]}}],"collection":[{"href":"https:\/\/triplex.com.bo\/index.php\/wp-json\/wp\/v2\/product"}],"about":[{"href":"https:\/\/triplex.com.bo\/index.php\/wp-json\/wp\/v2\/types\/product"}],"replies":[{"embeddable":true,"href":"https:\/\/triplex.com.bo\/index.php\/wp-json\/wp\/v2\/comments?post=10164"}],"wp:featuredmedia":[{"embeddable":true,"href":"https:\/\/triplex.com.bo\/index.php\/wp-json\/wp\/v2\/media\/10163"}],"wp:attachment":[{"href":"https:\/\/triplex.com.bo\/index.php\/wp-json\/wp\/v2\/media?parent=10164"}],"wp:term":[{"taxonomy":"pwb-brand","embeddable":true,"href":"https:\/\/triplex.com.bo\/index.php\/wp-json\/wp\/v2\/pwb-brand?post=10164"},{"taxonomy":"product_brand","embeddable":true,"href":"https:\/\/triplex.com.bo\/index.php\/wp-json\/wp\/v2\/product_brand?post=10164"},{"taxonomy":"product_cat","embeddable":true,"href":"https:\/\/triplex.com.bo\/index.php\/wp-json\/wp\/v2\/product_cat?post=10164"},{"taxonomy":"product_tag","embeddable":true,"href":"https:\/\/triplex.com.bo\/index.php\/wp-json\/wp\/v2\/product_tag?post=10164"}],"curies":[{"name":"wp","href":"https:\/\/api.w.org\/{rel}","templated":true}]}}