{"id":10140,"date":"2022-12-16T05:55:56","date_gmt":"2022-12-16T05:55:56","guid":{"rendered":"https:\/\/triplex.com.bo\/index.php\/product\/horno-electrico-42l-oster-tssttvxxll\/"},"modified":"2025-04-15T13:59:06","modified_gmt":"2025-04-15T17:59:06","slug":"horno-electrico-42l-oster-tssttvxxll","status":"publish","type":"product","link":"https:\/\/triplex.com.bo\/index.php\/product\/horno-electrico-42l-oster-tssttvxxll\/","title":{"rendered":"HORNO ELECTRICO 42L OSTER TSSTTVXXLL"},"content":{"rendered":"<p>HORNO ELECTRICO 42L OSTER TSSTTVXXLL<br \/>\nUn horno multifunci\u00f3n con capacidad de 42 litros que har\u00e1 de tu horneado una tarea mucho m\u00e1s vers\u00e1til.<\/p>\n<p>Horno con una capacidad de 42 litros<br \/>\nCon tecnolog\u00eda de Turbo Convecci\u00f3n para cocinar m\u00e1s r\u00e1pido y uniforme<br \/>\nCon sistema de rosticero (asador giratorio)<br \/>\n6 funciones Pre-programadas: Para pre-calentar, hornear\/ calentar, hornear por convecci\u00f3n, asar, tostar y asar con espet\u00f3n que ofrecen versatilidad<br \/>\nControl de temperatura totalmente ajustable de 65 \u00baC hasta 230 \u00baC (150 \u00baF a 450 \u00baF) para adaptarse a una amplia variedad de usos<br \/>\n\u00datil cron\u00f3metro de 60 minutos que apaga el horno autom\u00e1ticamente para mayor seguridad<br \/>\nSu capacidad interior extra grande de 42 litros permite colocar dos pizzas de hasta 30 cm o hasta una bandeja circular de 39 cm x 36 cm<br \/>\nIncluye 2 rejillas y 1 bandeja<br \/>\nIncluye asador con espet\u00f3n para brindar mayor versatilidad<br \/>\nBandeja removible recolectora de migas que facilita la limpieza<br \/>\nAcabado en acero inoxidable y color negro<br \/>\nPotencia de 1500 Watts<\/p>\n","protected":false},"excerpt":{"rendered":"<p>HORNO ELECTRICO 42L OSTER TSSTTVXXLL<\/p>\n","protected":false},"featured_media":10139,"comment_status":"open","ping_status":"closed","template":"","meta":{"_acf_changed":false},"pwb-brand":[235],"product_brand":[],"product_cat":[179],"product_tag":[],"class_list":{"0":"post-10140","1":"product","2":"type-product","3":"status-publish","4":"has-post-thumbnail","6":"pwb-brand-oster","7":"product_cat-hornos-microondas-mesa","9":"first","10":"outofstock","11":"shipping-taxable","12":"purchasable","13":"product-type-simple"},"acf":[],"brands":[{"id":235,"name":"OSTER","slug":"oster"}],"_links":{"self":[{"href":"https:\/\/triplex.com.bo\/index.php\/wp-json\/wp\/v2\/product\/10140","targetHints":{"allow":["GET"]}}],"collection":[{"href":"https:\/\/triplex.com.bo\/index.php\/wp-json\/wp\/v2\/product"}],"about":[{"href":"https:\/\/triplex.com.bo\/index.php\/wp-json\/wp\/v2\/types\/product"}],"replies":[{"embeddable":true,"href":"https:\/\/triplex.com.bo\/index.php\/wp-json\/wp\/v2\/comments?post=10140"}],"wp:featuredmedia":[{"embeddable":true,"href":"https:\/\/triplex.com.bo\/index.php\/wp-json\/wp\/v2\/media\/10139"}],"wp:attachment":[{"href":"https:\/\/triplex.com.bo\/index.php\/wp-json\/wp\/v2\/media?parent=10140"}],"wp:term":[{"taxonomy":"pwb-brand","embeddable":true,"href":"https:\/\/triplex.com.bo\/index.php\/wp-json\/wp\/v2\/pwb-brand?post=10140"},{"taxonomy":"product_brand","embeddable":true,"href":"https:\/\/triplex.com.bo\/index.php\/wp-json\/wp\/v2\/product_brand?post=10140"},{"taxonomy":"product_cat","embeddable":true,"href":"https:\/\/triplex.com.bo\/index.php\/wp-json\/wp\/v2\/product_cat?post=10140"},{"taxonomy":"product_tag","embeddable":true,"href":"https:\/\/triplex.com.bo\/index.php\/wp-json\/wp\/v2\/product_tag?post=10140"}],"curies":[{"name":"wp","href":"https:\/\/api.w.org\/{rel}","templated":true}]}}