{"id":10072,"date":"2022-12-16T05:51:11","date_gmt":"2022-12-16T05:51:11","guid":{"rendered":"https:\/\/triplex.com.bo\/index.php\/product\/fabrica-de-pan-electrolux-bmc10\/"},"modified":"2025-03-21T12:26:29","modified_gmt":"2025-03-21T16:26:29","slug":"fabrica-de-pan-electrolux-bmc10","status":"publish","type":"product","link":"https:\/\/triplex.com.bo\/index.php\/product\/fabrica-de-pan-electrolux-bmc10\/","title":{"rendered":"FABRICA DE PAN ELECTROLUX"},"content":{"rendered":"<p>FABRICADORA DE PAN ELECTROLUX BMC10<\/p>\n<p>Especificaciones:<\/p>\n<p>12 programas para panes dulces y salados, mermeladas, panes integrales y sin gluten, panetone, pastas para pizzas y mucho m\u00e1s!<br \/>\n3 opciones de tostado.<br \/>\n3 tama\u00f1os de panes y pasteles (500g &#8211; 750g &#8211; 1000g)<br \/>\nVaso y la cuchara medidores.<br \/>\nGancho para f\u00e1cil retirada del batidor.<br \/>\nExterior en acero cepillado y pantalla LCD<br \/>\nFunci\u00f3n s\u00faper r\u00e1pida: pan listo en 58 min.<br \/>\nMantiene el pan caliente hasta 1 hora despu\u00e9s del t\u00e9rmino de la preparaci\u00f3n.<br \/>\nLos mejores resultados que en el pan hecho a mano, en la Panificadora Chef el pan crece m\u00e1s y la textura es m\u00e1s blanda.<br \/>\nSimple de usar y simple de limpiar, s\u00f3lo coloque los ingredientes y programe.<br \/>\nTapa extra\u00edble y asadera antiadherente para una f\u00e1cil limpieza.<br \/>\nTimer de hasta 12 horas para programar el momento en que el pan debe estar listo.<br \/>\nF\u00e1cil de usar, Silenciosa, Segura y Vers\u00e1til.<\/p>\n","protected":false},"excerpt":{"rendered":"<p>FABRICA DE PAN ELECTROLUX BMC10<\/p>\n","protected":false},"featured_media":10071,"comment_status":"open","ping_status":"closed","template":"","meta":{"_acf_changed":false},"pwb-brand":[207],"product_brand":[],"product_cat":[157],"product_tag":[],"class_list":{"0":"post-10072","1":"product","2":"type-product","3":"status-publish","4":"has-post-thumbnail","6":"pwb-brand-electrolux","7":"product_cat-electromenor","9":"first","10":"instock","11":"shipping-taxable","12":"purchasable","13":"product-type-simple"},"acf":[],"brands":[{"id":207,"name":"Electrolux","slug":"electrolux"}],"_links":{"self":[{"href":"https:\/\/triplex.com.bo\/index.php\/wp-json\/wp\/v2\/product\/10072","targetHints":{"allow":["GET"]}}],"collection":[{"href":"https:\/\/triplex.com.bo\/index.php\/wp-json\/wp\/v2\/product"}],"about":[{"href":"https:\/\/triplex.com.bo\/index.php\/wp-json\/wp\/v2\/types\/product"}],"replies":[{"embeddable":true,"href":"https:\/\/triplex.com.bo\/index.php\/wp-json\/wp\/v2\/comments?post=10072"}],"wp:featuredmedia":[{"embeddable":true,"href":"https:\/\/triplex.com.bo\/index.php\/wp-json\/wp\/v2\/media\/10071"}],"wp:attachment":[{"href":"https:\/\/triplex.com.bo\/index.php\/wp-json\/wp\/v2\/media?parent=10072"}],"wp:term":[{"taxonomy":"pwb-brand","embeddable":true,"href":"https:\/\/triplex.com.bo\/index.php\/wp-json\/wp\/v2\/pwb-brand?post=10072"},{"taxonomy":"product_brand","embeddable":true,"href":"https:\/\/triplex.com.bo\/index.php\/wp-json\/wp\/v2\/product_brand?post=10072"},{"taxonomy":"product_cat","embeddable":true,"href":"https:\/\/triplex.com.bo\/index.php\/wp-json\/wp\/v2\/product_cat?post=10072"},{"taxonomy":"product_tag","embeddable":true,"href":"https:\/\/triplex.com.bo\/index.php\/wp-json\/wp\/v2\/product_tag?post=10072"}],"curies":[{"name":"wp","href":"https:\/\/api.w.org\/{rel}","templated":true}]}}