{"id":10048,"date":"2022-12-16T01:22:18","date_gmt":"2022-12-16T01:22:18","guid":{"rendered":"https:\/\/triplex.com.bo\/?post_type=product&#038;p=10048"},"modified":"2025-04-03T11:23:56","modified_gmt":"2025-04-03T15:23:56","slug":"aspiradora-semi-industrial-flexn-1400w-electrolux","status":"publish","type":"product","link":"https:\/\/triplex.com.bo\/index.php\/product\/aspiradora-semi-industrial-flexn-1400w-electrolux\/","title":{"rendered":"ASPIRADORA SEMI-INDUSTRIAL FLEXN 1400W  ELECTROLUX"},"content":{"rendered":"<p>&#8211; Capacidad para 14 litros de agua<br \/>\n&#8211; Drenaje f\u00e1cil: Comodidad y facilidad de uso, sin necesidad de inclinar el tambor para vaciar<br \/>\n&#8211; Barril traslucido para f\u00e1cil visualizaci\u00f3n del nivel de agua<br \/>\n&#8211; M\u00e1s versatilidad en la limpieza: Aspira s\u00f3lidos y l\u00edquidos con un motor de alta durabilidad que garantiza una limpieza dom\u00c3\u00a9stica completa y eficiente<br \/>\n&#8211; Excelente rendimiento para una limpieza sin esfuerzo: 1400W de potencia y 7,3m de alcance: Aspira mejor y en m\u00e1s \u00e1reas con menos cambios de tomacorrientes<br \/>\n&#8211; M\u00e1s comodidad con la Funci\u00f3n soplado: Colocando la manguera en la salida de aire usted puede limpiar, llenar balones, colchones de aire, prender asadores y m\u00e1s<br \/>\n&#8211; Practicidad a su alcance: Porta accesorios incorporado para mayor comodidad<br \/>\n&#8211; Color azul<\/p>\n","protected":false},"excerpt":{"rendered":"<p>ASPIRADORA SEMI-INDUSTRIAL FLEXN 1400W<\/p>\n","protected":false},"featured_media":13244,"comment_status":"open","ping_status":"closed","template":"","meta":{"_acf_changed":false},"pwb-brand":[207],"product_brand":[],"product_cat":[158,157],"product_tag":[],"class_list":{"0":"post-10048","1":"product","2":"type-product","3":"status-publish","4":"has-post-thumbnail","6":"pwb-brand-electrolux","7":"product_cat-electromenor-aspiradoras","8":"product_cat-electromenor","10":"first","11":"instock","12":"shipping-taxable","13":"purchasable","14":"product-type-simple"},"acf":[],"brands":[{"id":207,"name":"Electrolux","slug":"electrolux"}],"_links":{"self":[{"href":"https:\/\/triplex.com.bo\/index.php\/wp-json\/wp\/v2\/product\/10048","targetHints":{"allow":["GET"]}}],"collection":[{"href":"https:\/\/triplex.com.bo\/index.php\/wp-json\/wp\/v2\/product"}],"about":[{"href":"https:\/\/triplex.com.bo\/index.php\/wp-json\/wp\/v2\/types\/product"}],"replies":[{"embeddable":true,"href":"https:\/\/triplex.com.bo\/index.php\/wp-json\/wp\/v2\/comments?post=10048"}],"wp:featuredmedia":[{"embeddable":true,"href":"https:\/\/triplex.com.bo\/index.php\/wp-json\/wp\/v2\/media\/13244"}],"wp:attachment":[{"href":"https:\/\/triplex.com.bo\/index.php\/wp-json\/wp\/v2\/media?parent=10048"}],"wp:term":[{"taxonomy":"pwb-brand","embeddable":true,"href":"https:\/\/triplex.com.bo\/index.php\/wp-json\/wp\/v2\/pwb-brand?post=10048"},{"taxonomy":"product_brand","embeddable":true,"href":"https:\/\/triplex.com.bo\/index.php\/wp-json\/wp\/v2\/product_brand?post=10048"},{"taxonomy":"product_cat","embeddable":true,"href":"https:\/\/triplex.com.bo\/index.php\/wp-json\/wp\/v2\/product_cat?post=10048"},{"taxonomy":"product_tag","embeddable":true,"href":"https:\/\/triplex.com.bo\/index.php\/wp-json\/wp\/v2\/product_tag?post=10048"}],"curies":[{"name":"wp","href":"https:\/\/api.w.org\/{rel}","templated":true}]}}