{"id":10020,"date":"2022-12-15T23:57:39","date_gmt":"2022-12-15T23:57:39","guid":{"rendered":"https:\/\/triplex.com.bo\/?post_type=product&#038;p=10020"},"modified":"2025-06-30T16:26:05","modified_gmt":"2025-06-30T20:26:05","slug":"tostadora-blanca-ts503-electrolux","status":"publish","type":"product","link":"https:\/\/triplex.com.bo\/index.php\/product\/tostadora-blanca-ts503-electrolux\/","title":{"rendered":"TOSTADORA BLANCA TS503 ELECTROLUX"},"content":{"rendered":"<p>\u00a1La Tostadora Blanca Electrolux TS503 es un electrodom\u00e9stico que te permite disfrutar de un delicioso desayuno con pan tostado a tu gusto! Tiene un dise\u00f1o elegante y compacto, con una carcasa de pl\u00e1stico blanco y una bandeja recogemigas extra\u00edble.<br \/>\nCon la Tostadora Blanca Electrolux TS503 podr\u00e1s preparar tus tostadas de forma r\u00e1pida y f\u00e1cil, gracias a su sistema de centrado autom\u00e1tico y su bot\u00f3n de expulsi\u00f3n. Tambi\u00e9n podr\u00e1s calentar panecillos, croissants o boller\u00eda en su soporte integrado.<\/p>\n<h5>Especificaciones<\/h5>\n<ul>\n<li>Esta tostadora tiene una capacidad para dos rebanadas de pan<\/li>\n<li>Con siete niveles de tostado<\/li>\n<li>Funci\u00f3n de descongelamiento<\/li>\n<li>Peso: 2,5 kg<\/li>\n<li>Dimensiones: 180 \u00d7 280 \u00d7 150 cm<\/li>\n<li>Referencia: TS503<\/li>\n<\/ul>\n","protected":false},"excerpt":{"rendered":"<p>Tostadora blanca TS503<\/p>\n","protected":false},"featured_media":10021,"comment_status":"open","ping_status":"closed","template":"","meta":{"_acf_changed":false},"pwb-brand":[207],"product_brand":[],"product_cat":[157,171],"product_tag":[],"class_list":{"0":"post-10020","1":"product","2":"type-product","3":"status-publish","4":"has-post-thumbnail","6":"pwb-brand-electrolux","7":"product_cat-electromenor","8":"product_cat-electromenor-tostadoras","10":"first","11":"instock","12":"shipping-taxable","13":"purchasable","14":"product-type-simple"},"acf":[],"brands":[{"id":207,"name":"Electrolux","slug":"electrolux"}],"_links":{"self":[{"href":"https:\/\/triplex.com.bo\/index.php\/wp-json\/wp\/v2\/product\/10020","targetHints":{"allow":["GET"]}}],"collection":[{"href":"https:\/\/triplex.com.bo\/index.php\/wp-json\/wp\/v2\/product"}],"about":[{"href":"https:\/\/triplex.com.bo\/index.php\/wp-json\/wp\/v2\/types\/product"}],"replies":[{"embeddable":true,"href":"https:\/\/triplex.com.bo\/index.php\/wp-json\/wp\/v2\/comments?post=10020"}],"wp:featuredmedia":[{"embeddable":true,"href":"https:\/\/triplex.com.bo\/index.php\/wp-json\/wp\/v2\/media\/10021"}],"wp:attachment":[{"href":"https:\/\/triplex.com.bo\/index.php\/wp-json\/wp\/v2\/media?parent=10020"}],"wp:term":[{"taxonomy":"pwb-brand","embeddable":true,"href":"https:\/\/triplex.com.bo\/index.php\/wp-json\/wp\/v2\/pwb-brand?post=10020"},{"taxonomy":"product_brand","embeddable":true,"href":"https:\/\/triplex.com.bo\/index.php\/wp-json\/wp\/v2\/product_brand?post=10020"},{"taxonomy":"product_cat","embeddable":true,"href":"https:\/\/triplex.com.bo\/index.php\/wp-json\/wp\/v2\/product_cat?post=10020"},{"taxonomy":"product_tag","embeddable":true,"href":"https:\/\/triplex.com.bo\/index.php\/wp-json\/wp\/v2\/product_tag?post=10020"}],"curies":[{"name":"wp","href":"https:\/\/api.w.org\/{rel}","templated":true}]}}