{"id":9687,"date":"2022-12-04T21:31:17","date_gmt":"2022-12-04T21:31:17","guid":{"rendered":"https:\/\/triplex.com.bo\/?page_id=9687"},"modified":"2026-02-05T10:56:10","modified_gmt":"2026-02-05T14:56:10","slug":"servicio-tecnico","status":"publish","type":"page","link":"https:\/\/triplex.com.bo\/index.php\/servicio-tecnico\/","title":{"rendered":"Servicio Tecnico"},"content":{"rendered":"<p>[vc_row][vc_column][vc_single_image image=\u00bb9688&#8243; img_size=\u00bbfull\u00bb alignment=\u00bbcenter\u00bb el_class=\u00bbimgMostrarDesktop\u00bb css=\u00bb.vc_custom_1670188892904{margin-top: -50px !important;}\u00bb][vc_single_image image=\u00bb9689&#8243; img_size=\u00bbfull\u00bb alignment=\u00bbcenter\u00bb el_class=\u00bbimgMostrarMobile\u00bb css=\u00bb.vc_custom_1670188877590{margin-top: -50px !important;}\u00bb][\/vc_column][\/vc_row][vc_row][vc_column]<div class=\"ts-heading heading-1 default\"><h1>Servicio Tecnico<\/h1><\/div>[\/vc_column][\/vc_row][vc_row][vc_column][vc_column_text]Servicio T\u00e9cnico especializado y garantizado en todo el pa\u00eds. Instalaciones garantizadas a domicilio. Amplio stock de repuestos originales.<br \/>\n[\/vc_column_text][vc_custom_heading text=\u00bbACTIVA TU GARANT\u00cdA\u00bb font_container=\u00bbtag:h2|font_size:24|text_align:center|color:%23ff7500&#8243; google_fonts=\u00bbfont_family:Archivo%20Black%3Aregular|font_style:400%20regular%3A400%3Anormal\u00bb][vc_row_inner content_placement=\u00bbmiddle\u00bb][vc_column_inner width=\u00bb1\/2&#8243; css=\u00bb.vc_custom_1675272980032{background-position: center !important;background-repeat: no-repeat !important;background-size: cover !important;}\u00bb][vc_column_text]<\/p>\n<p style=\"text-align: right;\">Registra tu producto haciendo click aqu\u00ed:<\/p>\n<p>[\/vc_column_text][\/vc_column_inner][vc_column_inner width=\u00bb1\/2&#8243;][vc_single_image image=\u00bb12570&#8243; img_size=\u00bb100&#215;100&#8243; onclick=\u00bbcustom_link\u00bb img_link_target=\u00bb_blank\u00bb css_animation=\u00bbfadeInDown\u00bb link=\u00bbhttps:\/\/triplex.com.bo\/index.php\/garantia\u00bb][\/vc_column_inner][\/vc_row_inner][vc_custom_heading text=\u00bbPRECIOS DE INTALACI\u00d3N\u00bb font_container=\u00bbtag:h2|font_size:24|text_align:center|color:%23ff7500&#8243; google_fonts=\u00bbfont_family:Archivo%20Black%3Aregular|font_style:400%20regular%3A400%3Anormal\u00bb][vc_column_text]<\/p>\n<table style=\"height: 1138px;\" width=\"874\">\n<tbody>\n<tr>\n<td style=\"text-align: center;\" width=\"243\"><strong>Item<\/strong><\/td>\n<td style=\"text-align: center;\" width=\"69\"><strong>Precio Bs<\/strong><\/td>\n<td style=\"text-align: center;\" width=\"533\"><strong>Detalle<\/strong><\/td>\n<\/tr>\n<tr>\n<td width=\"243\">Entrega Menor<\/td>\n<td width=\"69\">49<\/td>\n<td width=\"533\">Solo Entrega. Dentro del \u00e1rea urbana.\u00a0 Electromenor,\u00a0 menajeria, hornos de mesa, microondas, soportes de TV, parlantes, repuestos.<\/td>\n<\/tr>\n<tr>\n<td width=\"243\">Entrega Mayor<\/td>\n<td width=\"69\">69<\/td>\n<td width=\"533\">Solo Entrega. Dentro del \u00e1rea urbana. Linea blanca que solo requiere enchufar. Refrigeradores (sin toma de agua), lavadoras(hasta 14kgrs), cocinas(no de empotrar), secadoras electricas, congeladores, TV. Cubre subir hasta 2do piso manualmente<\/td>\n<\/tr>\n<tr>\n<td width=\"243\">Cargu\u00edo por piso-sobre 2do piso<\/td>\n<td width=\"69\">19<\/td>\n<td width=\"533\">Cargo por cada piso subido manualmente. Cada piso encima del 2do piso<\/td>\n<\/tr>\n<tr>\n<td width=\"243\">Entrega Pedidos Ya<\/td>\n<td width=\"69\">15<\/td>\n<td width=\"533\">Dentro del \u00e1rea urbana.\u00a0 Electromenor,\u00a0 menajeria, hornos de mesa, microondas, soportes de TV, parlantes, repuestos.<\/td>\n<\/tr>\n<tr>\n<td width=\"243\">Instalaci\u00f3n Linea Blanca<\/td>\n<td width=\"69\">139<\/td>\n<td width=\"533\">Dentro del \u00e1rea urbana. Linea blanca que requiere instalaci\u00f3n. Refrigeradores(con toma de agua), lavadoras (arriba de 14kgrs), cocinas, secadoras a gas, congeladores, TV, hornos de empotrar, Luz UV<\/td>\n<\/tr>\n<tr>\n<td width=\"243\">Instalaci\u00f3n AC Ventana 9-24k BTU SCZ<\/td>\n<td>349<\/td>\n<td width=\"533\">Instalaci\u00f3n. No incluye Puntos Electricos ni trabajos de Alba\u00f1iler\u00eda.<\/td>\n<\/tr>\n<tr>\n<td width=\"243\">Instalaci\u00f3n Mini Split 9-24k BTU SCZ<\/td>\n<td>419<\/td>\n<td width=\"533\">Instalaci\u00f3n. No incluye Puntos Electricos ni trabajos de Alba\u00f1iler\u00eda. Incluye 3 metros de ca\u00f1er\u00eda de cobre.<\/td>\n<\/tr>\n<tr>\n<td width=\"243\">Instalaci\u00f3n Mini Split 36k BTU SCZ<\/td>\n<td>749<\/td>\n<td width=\"533\">Instalaci\u00f3n. No incluye Puntos Electricos ni trabajos de Alba\u00f1iler\u00eda. Incluye 3 metros de ca\u00f1er\u00eda de cobre.<\/td>\n<\/tr>\n<tr>\n<td width=\"243\">Instalaci\u00f3n Cass\/Piso T 24k BTU SCZ<\/td>\n<td>1299<\/td>\n<td width=\"533\">Instalaci\u00f3n. No incluye Puntos Electricos ni trabajos de Alba\u00f1iler\u00eda. Incluye 3 metros de ca\u00f1er\u00eda de cobre.<\/td>\n<\/tr>\n<tr>\n<td width=\"243\">Instalaci\u00f3n Cass\/Piso T 36k BTU SCZ<\/td>\n<td>1879<\/td>\n<td width=\"533\">Instalaci\u00f3n. No incluye Puntos Electricos ni trabajos de Alba\u00f1iler\u00eda. Incluye 3 metros de ca\u00f1er\u00eda de cobre.<\/td>\n<\/tr>\n<tr>\n<td width=\"243\">Instalaci\u00f3n Cass\/Piso T 60k BTU SCZ<\/td>\n<td>2229<\/td>\n<td width=\"533\">Instalaci\u00f3n. No incluye Puntos Electricos ni trabajos de Alba\u00f1iler\u00eda. Incluye 3 metros de ca\u00f1er\u00eda de cobre.<\/td>\n<\/tr>\n<tr>\n<td width=\"243\">Instalaci\u00f3n Central 36\/60k BTU SCZ<\/td>\n<td>715<\/td>\n<td width=\"533\">Instalaci\u00f3n. No incluye Puntos Electricos ni trabajos de Alba\u00f1iler\u00eda. Incluye 3 metros de ca\u00f1er\u00eda de cobre.<\/td>\n<\/tr>\n<tr>\n<td width=\"243\">Instalaci\u00f3n de Termotanque<\/td>\n<td>2700<\/td>\n<td width=\"533\">Instalaci\u00f3n. No incluye Puntos Electricos ni trabajos de Alba\u00f1iler\u00eda\/Plomer\u00eda<\/td>\n<\/tr>\n<tr>\n<td width=\"243\">Instalaci\u00f3n AC Ventana 9-24k BTU LPZ<\/td>\n<td>599<\/td>\n<td width=\"533\">Instalaci\u00f3n. No incluye Puntos Electricos ni trabajos de Alba\u00f1iler\u00eda. Incluye 3 metros de ca\u00f1er\u00eda de cobre.<\/td>\n<\/tr>\n<tr>\n<td width=\"243\">Instalaci\u00f3n Mini Split 9-24k BTU LPZ<\/td>\n<td>749<\/td>\n<td width=\"533\">Instalaci\u00f3n. No incluye Puntos Electricos ni trabajos de Alba\u00f1iler\u00eda. Incluye 3 metros de ca\u00f1er\u00eda de cobre.<\/td>\n<\/tr>\n<tr>\n<td width=\"243\">Instalaci\u00f3n Mini Split 36k BTU LPZ<\/td>\n<td>1299<\/td>\n<td width=\"533\">Instalaci\u00f3n. No incluye Puntos Electricos ni trabajos de Alba\u00f1iler\u00eda. Incluye 3 metros de ca\u00f1er\u00eda de cobre.<\/td>\n<\/tr>\n<tr>\n<td width=\"243\">Instalaci\u00f3n Cass\/Piso T 24k BTU LPZ<\/td>\n<td>1699<\/td>\n<td width=\"533\">Instalaci\u00f3n. No incluye Puntos Electricos ni trabajos de Alba\u00f1iler\u00eda. Incluye 3 metros de ca\u00f1er\u00eda de cobre.<\/td>\n<\/tr>\n<tr>\n<td width=\"243\">Instalaci\u00f3n Cass\/Piso T 36k BTU LPZ<\/td>\n<td>2200<\/td>\n<td width=\"533\">Instalaci\u00f3n. No incluye Puntos Electricos ni trabajos de Alba\u00f1iler\u00eda. Incluye 3 metros de ca\u00f1er\u00eda de cobre.<\/td>\n<\/tr>\n<tr>\n<td width=\"243\">Instalaci\u00f3n Cass\/Piso T 60k BTU LPZ<\/td>\n<td>2600<\/td>\n<td width=\"533\">Instalaci\u00f3n. No incluye Puntos Electricos ni trabajos de Alba\u00f1iler\u00eda. Incluye 3 metros de ca\u00f1er\u00eda de cobre.<\/td>\n<\/tr>\n<\/tbody>\n<\/table>\n<p>[\/vc_column_text][vc_empty_space][vc_custom_heading text=\u00bbREQUISITOS PARA LA INSTALACI\u00d3N\u00bb font_container=\u00bbtag:h2|font_size:24|text_align:center|color:%23ff7500&#8243; google_fonts=\u00bbfont_family:Archivo%20Black%3Aregular|font_style:400%20regular%3A400%3Anormal\u00bb][\/vc_column][\/vc_row][vc_row][vc_column width=\u00bb1\/4&#8243;][vc_btn title=\u00bbCocina a Gas\u00bb color=\u00bbwarning\u00bb align=\u00bbcenter\u00bb link=\u00bburl:https%3A%2F%2Ftriplex.com.bo%2Fwp-content%2Fuploads%2F2022%2F12%2FCocina-a-Gas.pdf|target:_blank\u00bb][\/vc_column][vc_column width=\u00bb1\/4&#8243;][vc_btn title=\u00bbCocina El\u00e9ctrica\u00bb color=\u00bbwarning\u00bb align=\u00bbcenter\u00bb link=\u00bburl:https%3A%2F%2Ftriplex.com.bo%2Fwp-content%2Fuploads%2F2022%2F12%2FCocina-Electrica.pdf|target:_blank\u00bb][\/vc_column][vc_column width=\u00bb1\/4&#8243;][vc_btn title=\u00bbHorno a Gas 60cm\u00bb color=\u00bbwarning\u00bb align=\u00bbcenter\u00bb link=\u00bburl:https%3A%2F%2Ftriplex.com.bo%2Fwp-content%2Fuploads%2F2022%2F12%2FHorno-a-Gas-60cm.pdf|target:_blank\u00bb][\/vc_column][vc_column width=\u00bb1\/4&#8243;][vc_btn title=\u00bbHorno El\u00e9ctrico 90cm\u00bb color=\u00bbwarning\u00bb align=\u00bbcenter\u00bb link=\u00bburl:https%3A%2F%2Ftriplex.com.bo%2Fwp-content%2Fuploads%2F2022%2F12%2FHorno-Electrico-90cm.pdf|target:_blank\u00bb][\/vc_column][\/vc_row][vc_row][vc_column width=\u00bb1\/4&#8243;][vc_btn title=\u00bbLavadora White Westinghouse\u00bb color=\u00bbwarning\u00bb align=\u00bbcenter\u00bb link=\u00bburl:https%3A%2F%2Ftriplex.com.bo%2Fwp-content%2Fuploads%2F2022%2F12%2FLavadora-White-Westinghouse.pdf|target:_blank\u00bb][\/vc_column][vc_column width=\u00bb1\/4&#8243;][vc_btn title=\u00bbSecadora El\u00e9ctrica\u00bb color=\u00bbwarning\u00bb align=\u00bbcenter\u00bb link=\u00bburl:https%3A%2F%2Ftriplex.com.bo%2Fwp-content%2Fuploads%2F2022%2F12%2FSecadora-Electrica.pdf|target:_blank\u00bb][\/vc_column][vc_column width=\u00bb1\/4&#8243;][vc_btn title=\u00bbRefrigeradores Gemelos 500ltrs WW\u00bb color=\u00bbwarning\u00bb align=\u00bbcenter\u00bb link=\u00bburl:https%3A%2F%2Ftriplex.com.bo%2Fwp-content%2Fuploads%2F2022%2F12%2FRefrigeradores-Gemelos-500ltrs-WW.pdf|target:_blank\u00bb][\/vc_column][vc_column width=\u00bb1\/4&#8243;][vc_btn title=\u00bbLavadoras\u00bb color=\u00bbwarning\u00bb align=\u00bbcenter\u00bb link=\u00bburl:https%3A%2F%2Ftriplex.com.bo%2Fwp-content%2Fuploads%2F2022%2F12%2FLavadoras.pdf|target:_blank\u00bb][\/vc_column][\/vc_row][vc_row][vc_column width=\u00bb1\/4&#8243;][vc_btn title=\u00bbTermotanque a Gas\u00bb color=\u00bbwarning\u00bb align=\u00bbcenter\u00bb link=\u00bburl:https%3A%2F%2Ftriplex.com.bo%2Fwp-content%2Fuploads%2F2022%2F12%2FTermotanque-a-Gas.pdf|target:_blank\u00bb][\/vc_column][vc_column width=\u00bb1\/4&#8243;][vc_btn title=\u00bbLavavajillas\u00bb color=\u00bbwarning\u00bb align=\u00bbcenter\u00bb link=\u00bburl:https%3A%2F%2Ftriplex.com.bo%2Fwp-content%2Fuploads%2F2022%2F12%2FLavavajillas.pdf|target:_blank\u00bb][\/vc_column][vc_column width=\u00bb1\/4&#8243;][vc_btn title=\u00bbCentro de Lavado White Westinghouse\u00bb color=\u00bbwarning\u00bb align=\u00bbcenter\u00bb link=\u00bburl:https%3A%2F%2Ftriplex.com.bo%2Fwp-content%2Fuploads%2F2022%2F12%2FCentro-de-Lavado-White-Westinghouse.pdf|target:_blank\u00bb][\/vc_column][vc_column width=\u00bb1\/4&#8243;][vc_btn title=\u00bbSecadora a Gas\u00bb color=\u00bbwarning\u00bb align=\u00bbcenter\u00bb link=\u00bburl:https%3A%2F%2Ftriplex.com.bo%2Fwp-content%2Fuploads%2F2022%2F12%2FSecadora-a-Gas.pdf|target:_blank\u00bb][\/vc_column][\/vc_row][vc_row][vc_column width=\u00bb1\/4&#8243;][vc_btn title=\u00bbFreezers\u00bb color=\u00bbwarning\u00bb align=\u00bbcenter\u00bb link=\u00bburl:https%3A%2F%2Ftriplex.com.bo%2Fwp-content%2Fuploads%2F2022%2F12%2FFreezers.pdf|target:_blank\u00bb][\/vc_column][vc_column width=\u00bb1\/4&#8243;][vc_btn title=\u00bbF\u00e1brica de Hielo\u00bb color=\u00bbwarning\u00bb align=\u00bbcenter\u00bb link=\u00bburl:https%3A%2F%2Ftriplex.com.bo%2Fwp-content%2Fuploads%2F2022%2F12%2FFabrica-de-Hielo.pdf|target:_blank\u00bb][\/vc_column][vc_column width=\u00bb1\/4&#8243;][vc_btn title=\u00bbRefrigerador con F\u00e1brica de Hielo\u00bb color=\u00bbwarning\u00bb align=\u00bbcenter\u00bb link=\u00bburl:https%3A%2F%2Ftriplex.com.bo%2Fwp-content%2Fuploads%2F2022%2F12%2FRefrigerador-con-Fabrica-de-Hielo.pdf|target:_blank\u00bb][\/vc_column][vc_column width=\u00bb1\/4&#8243;][vc_btn title=\u00bbHorno a Gas 90cm\u00bb color=\u00bbwarning\u00bb align=\u00bbcenter\u00bb link=\u00bburl:https%3A%2F%2Ftriplex.com.bo%2Fwp-content%2Fuploads%2F2022%2F12%2FHorno-a-Gas-90cm.pdf|target:_blank\u00bb][\/vc_column][\/vc_row][vc_row][vc_column width=\u00bb1\/4&#8243;][vc_btn title=\u00bbCalefones a Gas\u00bb color=\u00bbwarning\u00bb align=\u00bbcenter\u00bb link=\u00bburl:https%3A%2F%2Ftriplex.com.bo%2Fwp-content%2Fuploads%2F2022%2F12%2FCalefones-a-Gas.pdf|target:_blank\u00bb][\/vc_column][vc_column width=\u00bb1\/4&#8243;][vc_btn title=\u00bbCampanas y Extractoras de Gas\u00bb color=\u00bbwarning\u00bb align=\u00bbcenter\u00bb link=\u00bburl:https%3A%2F%2Ftriplex.com.bo%2Fwp-content%2Fuploads%2F2022%2F12%2FCampanas-y-Extractoras-de-Gas.pdf|target:_blank\u00bb][\/vc_column][vc_column width=\u00bb1\/4&#8243;][\/vc_column][vc_column width=\u00bb1\/4&#8243;][\/vc_column][\/vc_row][vc_row][vc_column][vc_empty_space][vc_custom_heading text=\u00bbCONTACTOS DE SERVICIO T\u00c9CNICO\u00bb font_container=\u00bbtag:h2|font_size:24|text_align:center|color:%23ff7500&#8243; google_fonts=\u00bbfont_family:Archivo%20Black%3Aregular|font_style:400%20regular%3A400%3Anormal\u00bb][\/vc_column][\/vc_row][vc_row][vc_column width=\u00bb1\/4&#8243;][\/vc_column][vc_column width=\u00bb1\/4&#8243;][vc_column_text]<strong>Contacto de Servicio T\u00e9cnico:<\/strong><br \/>\n<a href=\"mailto:stecnico@triplex.com.bo\" target=\"_blank\" rel=\"noopener\">stecnico@triplex.com.bo<\/a><br \/>\n<a href=\"https:\/\/api.whatsapp.com\/send?phone=59178188306\">Cel: 591 78188306<\/a><br \/>\n[\/vc_column_text][\/vc_column][vc_column width=\u00bb1\/4&#8243;][vc_column_text]<strong>Contacto de Repuestos Originales:<\/strong><br \/>\n<a href=\"mailto:repuestos@triplex.com.bo\" target=\"_blank\" rel=\"noopener\">repuestos@triplex.com.bo<\/a><br \/>\n<a href=\"https:\/\/api.whatsapp.com\/send?phone=59178444927\">Cel: 591 78444927<\/a>[\/vc_column_text][\/vc_column][vc_column width=\u00bb1\/4&#8243;][\/vc_column][\/vc_row][vc_row][vc_column width=\u00bb1\/3&#8243;][vc_column_text]Servicio T\u00e9cnico Triplex<br \/>\nCarretera al Norte Km. 8 1\/2<br \/>\nTelf.: 336 0072<br \/>\nSanta Cruz, Bolivia<br \/>\n[\/vc_column_text][\/vc_column][vc_column width=\u00bb1\/3&#8243;][vc_column_text]Los Pinos &#8211; Calle 28<br \/>\nUrb. Los Olivos N\u00b0 315<br \/>\nTeLf.:22148813<br \/>\nLa Paz, Bolivia<br \/>\n[\/vc_column_text][\/vc_column][vc_column width=\u00bb1\/3&#8243;][vc_column_text]Km 7 1\/2 carretera Sacaba detr\u00e1s fabrica Faboce (calle innominada)<br \/>\nTelf.:4714114<br \/>\nCochabamba, Bolivia<br \/>\n[\/vc_column_text][\/vc_column][\/vc_row][vc_row][vc_column][vc_empty_space height=\u00bb40px\u00bb]<div class=\"ts-heading heading-1 center\"><h1>Condiciones de Garant\u00eda TRIPLEX<\/h1><\/div>[vc_column_text]<\/p>\n<ol>\n<li>Triplex Ltda, representante para Bolivia de la marca, extiende la siguiente P\u00f3liza de Garant\u00eda por 2 a\u00f1os a contar desde la fecha estipulada en el Nro de Factura o Boleta. Productos destinados a uso comercial o industrial se garantizan por 6 meses desde la fecha de factura o boleta. El distribuidor tiene 1 a\u00f1o de plazo para vender el producto al cliente final y activar la p\u00f3liza de Garant\u00eda. Pasado este plazo corre la Garant\u00eda.<\/li>\n<li>Para activar su garant\u00eda, exija a su distribuidor autorizado llenar la p\u00f3liza con todos sus datos. Tambi\u00e9n, guardar siempre su nota de venta y\/o factura. <strong>Ingrese a www.triplex.com.bo o llame al 3 360072 para activar su garant\u00eda el d\u00eda de su compra, caso contrario, la garant\u00eda NO es v\u00e1lida.<\/strong><\/li>\n<li>El per\u00edmetro cubierto por la garant\u00eda comprende hast el 7mo Anillo de la ciudad de Santa Cruz de la Sierra, en caso de ser requerido el servicio fuera del per\u00edmetro cubierto por la garant\u00eda. El traslado del t\u00e9cnico correr\u00e1 por cuenta del cliente. En otras ciudades el transporte cubre solo el \u00e1rea urbana.<\/li>\n<li>Electrodom\u00e9sticos que puedan ser trasladados por una persona, como ser microondas, licuadoras, planchas, calentadores, tostadoras y exprimidoras, deben ser trasladados por el cliente al Servicio T\u00e9cnico de Triplex.<\/li>\n<li>La garant\u00eda otorgada por Triplex consiste en la reparaci\u00f3n del producto y reemplazo de repuestos. No cubre cambio directo del producto.<\/li>\n<li>No afecto a Garant\u00eda:\n<ol>\n<li>Da\u00f1os causados por uso inadecuado o incorrecto almacenaje del producto.<\/li>\n<li>Da\u00f1os causados por malas instalaciones el\u00e9ctricas.<\/li>\n<li>El punto el\u00e9ctrico para productos invertir debe contar con cable a tierra.<\/li>\n<li>Si intervienen servicios t\u00e9cnicos no autorizados por Triplex, tanto en reparaciones como en instalaciones.<\/li>\n<li>Productos adquiridos en comercios no autorizados por Triplex.<\/li>\n<li>\u00c9sta p\u00f3liza no cubre los da\u00f1os a personas o bienes que se pudieran originar por el mal funcionamiento del art\u00edculo o las instalaciones.<\/li>\n<li>. Los productos adquiridos en comercios no autorizados, no se garantizan por la casa matr\u00edz.<\/li>\n<\/ol>\n<\/li>\n<li>Los instaladores deben seguir y llenar el formulario de \u00abInstrucciones de instalaci\u00f3n de Equipos de Aire Acondicionado\u00bb para que la garant\u00eda de 2 a\u00f1os sea v\u00e1lida. En caso de que no se sigan las instrucciones, cualquier problema es responsabilidad del instalador.<\/li>\n<\/ol>\n<p>[\/vc_column_text][\/vc_column][\/vc_row]<\/p>\n","protected":false},"excerpt":{"rendered":"<p>[vc_row][vc_column][vc_single_image image=\u00bb9688&#8243; img_size=\u00bbfull\u00bb alignment=\u00bbcenter\u00bb el_class=\u00bbimgMostrarDesktop\u00bb css=\u00bb.vc_custom_1670188892904{margin-top: -50px !important;}\u00bb][vc_single_image image=\u00bb9689&#8243; img_size=\u00bbfull\u00bb alignment=\u00bbcenter\u00bb el_class=\u00bbimgMostrarMobile\u00bb css=\u00bb.vc_custom_1670188877590{margin-top: -50px !important;}\u00bb][\/vc_column][\/vc_row][vc_row][vc_column][\/vc_column][\/vc_row][vc_row][vc_column][vc_column_text]Servicio T\u00e9cnico especializado y garantizado en todo el pa\u00eds. Instalaciones garantizadas a domicilio. Amplio stock de repuestos originales. [\/vc_column_text][vc_custom_heading text=\u00bbACTIVA TU GARANT\u00cdA\u00bb font_container=\u00bbtag:h2|font_size:24|text_align:center|color:%23ff7500&#8243; google_fonts=\u00bbfont_family:Archivo%20Black%3Aregular|font_style:400%20regular%3A400%3Anormal\u00bb][vc_row_inner content_placement=\u00bbmiddle\u00bb][vc_column_inner width=\u00bb1\/2&#8243; css=\u00bb.vc_custom_1675272980032{background-position: center !important;background-repeat: no-repeat !important;background-size: cover !important;}\u00bb][vc_column_text] Registra tu producto haciendo click aqu\u00ed: [\/vc_column_text][\/vc_column_inner][vc_column_inner width=\u00bb1\/2&#8243;][vc_single_image [&hellip;]<\/p>\n","protected":false},"author":1,"featured_media":0,"parent":0,"menu_order":0,"comment_status":"closed","ping_status":"closed","template":"","meta":{"_acf_changed":false,"footnotes":""},"class_list":["post-9687","page","type-page","status-publish","hentry"],"acf":[],"_links":{"self":[{"href":"https:\/\/triplex.com.bo\/index.php\/wp-json\/wp\/v2\/pages\/9687","targetHints":{"allow":["GET"]}}],"collection":[{"href":"https:\/\/triplex.com.bo\/index.php\/wp-json\/wp\/v2\/pages"}],"about":[{"href":"https:\/\/triplex.com.bo\/index.php\/wp-json\/wp\/v2\/types\/page"}],"author":[{"embeddable":true,"href":"https:\/\/triplex.com.bo\/index.php\/wp-json\/wp\/v2\/users\/1"}],"replies":[{"embeddable":true,"href":"https:\/\/triplex.com.bo\/index.php\/wp-json\/wp\/v2\/comments?post=9687"}],"version-history":[{"count":35,"href":"https:\/\/triplex.com.bo\/index.php\/wp-json\/wp\/v2\/pages\/9687\/revisions"}],"predecessor-version":[{"id":18424,"href":"https:\/\/triplex.com.bo\/index.php\/wp-json\/wp\/v2\/pages\/9687\/revisions\/18424"}],"wp:attachment":[{"href":"https:\/\/triplex.com.bo\/index.php\/wp-json\/wp\/v2\/media?parent=9687"}],"curies":[{"name":"wp","href":"https:\/\/api.w.org\/{rel}","templated":true}]}}