{"id":9586,"date":"2022-12-04T12:04:18","date_gmt":"2022-12-04T12:04:18","guid":{"rendered":"https:\/\/triplex.com.bo\/?page_id=9586"},"modified":"2022-12-09T11:31:55","modified_gmt":"2022-12-09T11:31:55","slug":"convenios-empresariales","status":"publish","type":"page","link":"https:\/\/triplex.com.bo\/index.php\/convenios-empresariales\/","title":{"rendered":"Convenios Empresariales"},"content":{"rendered":"<p>[vc_row][vc_column][vc_single_image image=\u00bb9587&#8243; img_size=\u00bbfull\u00bb alignment=\u00bbcenter\u00bb el_class=\u00bbimgMostrarDesktop\u00bb css=\u00bb.vc_custom_1670155274714{margin-top: -50px !important;}\u00bb][vc_single_image image=\u00bb9588&#8243; img_size=\u00bbfull\u00bb alignment=\u00bbcenter\u00bb el_class=\u00bbimgMostrarMobile\u00bb css=\u00bb.vc_custom_1670155329157{margin-top: -50px !important;}\u00bb][\/vc_column][\/vc_row][vc_row][vc_column]<div class=\"ts-heading heading-1 default\"><h1>Convenios Empresariales<\/h1><\/div>[\/vc_column][\/vc_row][vc_row][vc_column][vc_column_text el_class=\u00bbtextoServiciosMobile\u00bb]Realizamos convenios con tu empresa\/asociaci\u00f3n.<\/p>\n<p>Recibe beneficios como ser:<\/p>\n<ul>\n<li>Descuentos importantes.<\/li>\n<li>Compras en Cuotas.<\/li>\n<li>Garant\u00edas Extendidas.<\/li>\n<\/ul>\n<p>&nbsp;<\/p>\n<p><strong>Mas informaci\u00f3n:<\/strong><br \/>\n<a href=\"mailto:Corporativo1@triplex.com.bo\" target=\"_blank\" rel=\"noopener\">Corporativo1@triplex.com.bo<\/a><br \/>\n<a href=\"https:\/\/api.whatsapp.com\/send?phone=59162239342\">Cel: 591 62239342<\/a>-[\/vc_column_text][\/vc_column][\/vc_row]<\/p>\n","protected":false},"excerpt":{"rendered":"<p>[vc_row][vc_column][vc_single_image image=\u00bb9587&#8243; img_size=\u00bbfull\u00bb alignment=\u00bbcenter\u00bb el_class=\u00bbimgMostrarDesktop\u00bb css=\u00bb.vc_custom_1670155274714{margin-top: -50px !important;}\u00bb][vc_single_image image=\u00bb9588&#8243; img_size=\u00bbfull\u00bb alignment=\u00bbcenter\u00bb el_class=\u00bbimgMostrarMobile\u00bb css=\u00bb.vc_custom_1670155329157{margin-top: -50px !important;}\u00bb][\/vc_column][\/vc_row][vc_row][vc_column][\/vc_column][\/vc_row][vc_row][vc_column][vc_column_text el_class=\u00bbtextoServiciosMobile\u00bb]Realizamos convenios con tu empresa\/asociaci\u00f3n. Recibe beneficios como ser: Descuentos importantes. Compras en Cuotas. Garant\u00edas Extendidas. &nbsp; Mas informaci\u00f3n: Corporativo1@triplex.com.bo Cel: 591 62239342-[\/vc_column_text][\/vc_column][\/vc_row]<\/p>\n","protected":false},"author":1,"featured_media":0,"parent":0,"menu_order":0,"comment_status":"closed","ping_status":"closed","template":"","meta":{"_acf_changed":false,"footnotes":""},"class_list":["post-9586","page","type-page","status-publish","hentry"],"acf":[],"_links":{"self":[{"href":"https:\/\/triplex.com.bo\/index.php\/wp-json\/wp\/v2\/pages\/9586","targetHints":{"allow":["GET"]}}],"collection":[{"href":"https:\/\/triplex.com.bo\/index.php\/wp-json\/wp\/v2\/pages"}],"about":[{"href":"https:\/\/triplex.com.bo\/index.php\/wp-json\/wp\/v2\/types\/page"}],"author":[{"embeddable":true,"href":"https:\/\/triplex.com.bo\/index.php\/wp-json\/wp\/v2\/users\/1"}],"replies":[{"embeddable":true,"href":"https:\/\/triplex.com.bo\/index.php\/wp-json\/wp\/v2\/comments?post=9586"}],"version-history":[{"count":8,"href":"https:\/\/triplex.com.bo\/index.php\/wp-json\/wp\/v2\/pages\/9586\/revisions"}],"predecessor-version":[{"id":9780,"href":"https:\/\/triplex.com.bo\/index.php\/wp-json\/wp\/v2\/pages\/9586\/revisions\/9780"}],"wp:attachment":[{"href":"https:\/\/triplex.com.bo\/index.php\/wp-json\/wp\/v2\/media?parent=9586"}],"curies":[{"name":"wp","href":"https:\/\/api.w.org\/{rel}","templated":true}]}}