{"id":9559,"date":"2022-12-04T06:00:04","date_gmt":"2022-12-04T06:00:04","guid":{"rendered":"https:\/\/triplex.com.bo\/?page_id=9559"},"modified":"2022-12-04T23:36:47","modified_gmt":"2022-12-04T23:36:47","slug":"cambios-y-devoluciones","status":"publish","type":"page","link":"https:\/\/triplex.com.bo\/index.php\/cambios-y-devoluciones\/","title":{"rendered":"Cambios y Devoluciones"},"content":{"rendered":"<p>[vc_row][vc_column][vc_single_image image=\u00bb9562&#8243; img_size=\u00bbfull\u00bb alignment=\u00bbcenter\u00bb el_class=\u00bbimgMostrarDesktop\u00bb css=\u00bb.vc_custom_1670135266240{margin-top: -50px !important;}\u00bb][vc_single_image image=\u00bb9564&#8243; img_size=\u00bbfull\u00bb alignment=\u00bbcenter\u00bb el_class=\u00bbimgMostrarMobile\u00bb css=\u00bb.vc_custom_1670135284981{margin-top: -50px !important;}\u00bb][\/vc_column][\/vc_row][vc_row][vc_column]<div class=\"ts-heading heading-1 default\"><h1>Cambios y Devoluciones<\/h1><\/div>[\/vc_column][\/vc_row][vc_row][vc_column][vc_column_text el_class=\u00bbtextoServiciosMobile\u00bb]<\/p>\n<p style=\"text-align: left;\">Puedes solicitar tu cambio o devoluci\u00f3n si no estas conforme con tu compra, hasta 90 d\u00edas luego de la fecha de facturaci\u00f3n.<\/p>\n<p style=\"text-align: left;\">Para hacer la solicitud de cambio de un producto o devoluci\u00f3n de dinero, deber\u00e1s acudir con tu producto a cualquiera de nuestras tiendas.<\/p>\n<p style=\"text-align: left;\">El producto debe estar en las mismas condiciones en las que fue entregado.<br \/>\nEl producto debe contar con todos sus accesorios, manuales limpios, embalaje original, sin deterioros (rayas, abolladuras, manchas, golpes etc.) y sin uso.<\/p>\n<p>[\/vc_column_text][\/vc_column][\/vc_row]<\/p>\n","protected":false},"excerpt":{"rendered":"<p>[vc_row][vc_column][vc_single_image image=\u00bb9562&#8243; img_size=\u00bbfull\u00bb alignment=\u00bbcenter\u00bb el_class=\u00bbimgMostrarDesktop\u00bb css=\u00bb.vc_custom_1670135266240{margin-top: -50px !important;}\u00bb][vc_single_image image=\u00bb9564&#8243; img_size=\u00bbfull\u00bb alignment=\u00bbcenter\u00bb el_class=\u00bbimgMostrarMobile\u00bb css=\u00bb.vc_custom_1670135284981{margin-top: -50px !important;}\u00bb][\/vc_column][\/vc_row][vc_row][vc_column][\/vc_column][\/vc_row][vc_row][vc_column][vc_column_text el_class=\u00bbtextoServiciosMobile\u00bb] Puedes solicitar tu cambio o devoluci\u00f3n si no estas conforme con tu compra, hasta 90 d\u00edas luego de la fecha de facturaci\u00f3n. Para hacer la solicitud de cambio de un producto o devoluci\u00f3n de dinero, deber\u00e1s acudir con tu [&hellip;]<\/p>\n","protected":false},"author":1,"featured_media":0,"parent":0,"menu_order":0,"comment_status":"closed","ping_status":"closed","template":"","meta":{"_acf_changed":false,"footnotes":""},"class_list":["post-9559","page","type-page","status-publish","hentry"],"acf":[],"_links":{"self":[{"href":"https:\/\/triplex.com.bo\/index.php\/wp-json\/wp\/v2\/pages\/9559","targetHints":{"allow":["GET"]}}],"collection":[{"href":"https:\/\/triplex.com.bo\/index.php\/wp-json\/wp\/v2\/pages"}],"about":[{"href":"https:\/\/triplex.com.bo\/index.php\/wp-json\/wp\/v2\/types\/page"}],"author":[{"embeddable":true,"href":"https:\/\/triplex.com.bo\/index.php\/wp-json\/wp\/v2\/users\/1"}],"replies":[{"embeddable":true,"href":"https:\/\/triplex.com.bo\/index.php\/wp-json\/wp\/v2\/comments?post=9559"}],"version-history":[{"count":18,"href":"https:\/\/triplex.com.bo\/index.php\/wp-json\/wp\/v2\/pages\/9559\/revisions"}],"predecessor-version":[{"id":9742,"href":"https:\/\/triplex.com.bo\/index.php\/wp-json\/wp\/v2\/pages\/9559\/revisions\/9742"}],"wp:attachment":[{"href":"https:\/\/triplex.com.bo\/index.php\/wp-json\/wp\/v2\/media?parent=9559"}],"curies":[{"name":"wp","href":"https:\/\/api.w.org\/{rel}","templated":true}]}}