{"id":9344,"date":"2022-11-15T11:17:45","date_gmt":"2022-11-15T11:17:45","guid":{"rendered":"http:\/\/localhost\/DMK\/WebTRIPLEXv2\/?page_id=9344"},"modified":"2024-01-12T13:15:57","modified_gmt":"2024-01-12T13:15:57","slug":"garantia-extendida","status":"publish","type":"page","link":"https:\/\/triplex.com.bo\/index.php\/garantia-extendida\/","title":{"rendered":"Garantia Extendida"},"content":{"rendered":"<p>[vc_row][vc_column][vc_single_image image=\u00bb9610&#8243; img_size=\u00bbfull\u00bb alignment=\u00bbcenter\u00bb el_class=\u00bbimgMostrarDesktop\u00bb css=\u00bb.vc_custom_1670158017410{margin-top: -50px !important;}\u00bb][vc_single_image image=\u00bb9614&#8243; img_size=\u00bbfull\u00bb alignment=\u00bbcenter\u00bb el_class=\u00bbimgMostrarMobile\u00bb css=\u00bb.vc_custom_1670158060468{margin-top: -50px !important;}\u00bb][\/vc_column][\/vc_row][vc_row][vc_column]<div class=\"ts-heading heading-3 default\"><h3>\u00bfQu\u00e9 es la Garantia Extendida?<\/h3><\/div>[vc_column_text el_class=\u00bbtextoServiciosMobile\u00bb]<\/p>\n<ul>\n<li style=\"font-size: 18px;\">Es un servicio que puedes contratar <strong>adicionalmente<\/strong> y que te permitir\u00e1 extender la garant\u00eda del fabricante por un periodo establecido, dependiendo de la l\u00ednea de producto, hasta por 1 a\u00f1o m\u00e1s. Con esto proteger\u00e1s tu inversi\u00f3n para que disfrutes tu compra sin preocupaciones.<\/li>\n<li style=\"font-size: 18px;\">El servicio de <strong>Garant\u00eda Extendida<\/strong> inicia una vez que finaliza la garant\u00eda del fabricante y cubrir\u00e1 las fallas atendidas en el manual del fabricante.<\/li>\n<\/ul>\n<p>[\/vc_column_text][\/vc_column][\/vc_row][vc_row full_width=\u00bbstretch_row\u00bb content_placement=\u00bbmiddle\u00bb][vc_column width=\u00bb1\/2&#8243;]<div class=\"ts-heading heading-3 default\"><h3>Precios<\/h3><\/div>[vc_column_text css=\u00bb.vc_custom_1670158258185{padding-right: 50px !important;padding-left: 50px !important;}\u00bb]Adquiere tu garant\u00eda extendida al momento de realizar tu compra.<\/p>\n<table class=\"table\">\n<thead>\n<tr>\n<th scope=\"col\">Precio Total del producto Bs<\/th>\n<th scope=\"col\">Precio Garant\u00eda Extendida Bs<\/th>\n<\/tr>\n<\/thead>\n<tbody>\n<tr>\n<th scope=\"row\">0-699<\/th>\n<td>69<\/td>\n<\/tr>\n<tr>\n<th scope=\"row\">700-1999<\/th>\n<td>129<\/td>\n<\/tr>\n<tr>\n<th scope=\"row\">2000-4999<\/th>\n<td>289<\/td>\n<\/tr>\n<tr>\n<th scope=\"row\">5000-6999<\/th>\n<td>469<\/td>\n<\/tr>\n<tr>\n<th scope=\"row\">7000-xxx<\/th>\n<td>599<\/td>\n<\/tr>\n<\/tbody>\n<\/table>\n<p>[\/vc_column_text][\/vc_column][vc_column width=\u00bb1\/2&#8243; el_class=\u00bbespacioBeneficiosGarantiaExtendida\u00bb]<div class=\"ts-heading heading-3 default\"><h3>Beneficios<\/h3><\/div>\t<div class=\"ts-feature-wrapper  feature-horizontal text-default icon-small thumbnail-hover-effect\">\n\t\t<div class=\"feature-content\" style=\"\">\n\t\t\t<div class=\"feature-wrapper\">\n\t\t\t\t\t\t\t\t\t<a target=\"_self\" class=\"feature-icon\" href=\"#\">\n\t\t\t\t\t\t<i class=\"pe-7s-config\"><\/i>\n\t\t\t\t\t<\/a>\n\t\t\t\t\t\t\t\t\n\t\t\t\t\t\t\t\t\n\t\t\t\t\t<header class=\"feature-header\">\n\t\t\t\t\n\t\t\t\t\t\t\t\t\t\t\t<h3 class=\"feature-title heading-title entry-title\">\n\t\t\t\t\t\t\t<a target=\"_self\" href=\"#\">REPUESTOS ORIGINALES<\/a>\n\t\t\t\t\t\t<\/h3>\n\t\t\t\t\t\t\t\t\t\t\n\t\t\t\t\t\t\t\t\t\n\t\t\t\t\t<\/header>\n\t\t\t<\/div>\n\t\t<\/div>\n\t<\/div>\n\t\t<div class=\"ts-feature-wrapper  feature-horizontal text-default icon-small thumbnail-hover-effect\">\n\t\t<div class=\"feature-content\" style=\"\">\n\t\t\t<div class=\"feature-wrapper\">\n\t\t\t\t\t\t\t\t\t<a target=\"_self\" class=\"feature-icon\" href=\"#\">\n\t\t\t\t\t\t<i class=\"pe-7s-portfolio\"><\/i>\n\t\t\t\t\t<\/a>\n\t\t\t\t\t\t\t\t\n\t\t\t\t\t\t\t\t\n\t\t\t\t\t<header class=\"feature-header\">\n\t\t\t\t\n\t\t\t\t\t\t\t\t\t\t\t<h3 class=\"feature-title heading-title entry-title\">\n\t\t\t\t\t\t\t<a target=\"_self\" href=\"#\">MANO DE OBRA<\/a>\n\t\t\t\t\t\t<\/h3>\n\t\t\t\t\t\t\t\t\t\t\n\t\t\t\t\t\t\t\t\t\n\t\t\t\t\t<\/header>\n\t\t\t<\/div>\n\t\t<\/div>\n\t<\/div>\n\t\t<div class=\"ts-feature-wrapper  feature-horizontal text-default icon-small thumbnail-hover-effect\">\n\t\t<div class=\"feature-content\" style=\"\">\n\t\t\t<div class=\"feature-wrapper\">\n\t\t\t\t\t\t\t\t\t<a target=\"_self\" class=\"feature-icon\" href=\"#\">\n\t\t\t\t\t\t<i class=\"pe-7s-date\"><\/i>\n\t\t\t\t\t<\/a>\n\t\t\t\t\t\t\t\t\n\t\t\t\t\t\t\t\t\n\t\t\t\t\t<header class=\"feature-header\">\n\t\t\t\t\n\t\t\t\t\t\t\t\t\t\t\t<h3 class=\"feature-title heading-title entry-title\">\n\t\t\t\t\t\t\t<a target=\"_self\" href=\"#\">MAYOR PLAZO DE COBERTURA<\/a>\n\t\t\t\t\t\t<\/h3>\n\t\t\t\t\t\t\t\t\t\t\n\t\t\t\t\t\t\t\t\t\n\t\t\t\t\t<\/header>\n\t\t\t<\/div>\n\t\t<\/div>\n\t<\/div>\n\t\t<div class=\"ts-feature-wrapper  feature-horizontal text-default icon-small thumbnail-hover-effect\">\n\t\t<div class=\"feature-content\" style=\"\">\n\t\t\t<div class=\"feature-wrapper\">\n\t\t\t\t\t\t\t\t\t<a target=\"_self\" class=\"feature-icon\" href=\"#\">\n\t\t\t\t\t\t<i class=\"pe-7s-tools\"><\/i>\n\t\t\t\t\t<\/a>\n\t\t\t\t\t\t\t\t\n\t\t\t\t\t\t\t\t\n\t\t\t\t\t<header class=\"feature-header\">\n\t\t\t\t\n\t\t\t\t\t\t\t\t\t\t\t<h3 class=\"feature-title heading-title entry-title\">\n\t\t\t\t\t\t\t<a target=\"_self\" href=\"#\">TALLERES AUTORIZADOS<\/a>\n\t\t\t\t\t\t<\/h3>\n\t\t\t\t\t\t\t\t\t\t\n\t\t\t\t\t\t\t\t\t\n\t\t\t\t\t<\/header>\n\t\t\t<\/div>\n\t\t<\/div>\n\t<\/div>\n\t\t<div class=\"ts-feature-wrapper  feature-horizontal text-default icon-small thumbnail-hover-effect\">\n\t\t<div class=\"feature-content\" style=\"\">\n\t\t\t<div class=\"feature-wrapper\">\n\t\t\t\t\t\t\t\t\t<a target=\"_self\" class=\"feature-icon\" href=\"#\">\n\t\t\t\t\t\t<i class=\"pe-7s-map\"><\/i>\n\t\t\t\t\t<\/a>\n\t\t\t\t\t\t\t\t\n\t\t\t\t\t\t\t\t\n\t\t\t\t\t<header class=\"feature-header\">\n\t\t\t\t\n\t\t\t\t\t\t\t\t\t\t\t<h3 class=\"feature-title heading-title entry-title\">\n\t\t\t\t\t\t\t<a target=\"_self\" href=\"#\">SERVICIO EN LPZ, CBBA y SCZ<\/a>\n\t\t\t\t\t\t<\/h3>\n\t\t\t\t\t\t\t\t\t\t\n\t\t\t\t\t\t\t\t\t\n\t\t\t\t\t<\/header>\n\t\t\t<\/div>\n\t\t<\/div>\n\t<\/div>\n\t[\/vc_column][\/vc_row][vc_row][vc_column][vc_empty_space]<div class=\"ts-heading heading-3 default\"><h3>Condiciones de Garant\u00eda Extendida<\/h3><\/div>[vc_column_text]<\/p>\n<ol>\n<li>Triplex Ltda extiende la siguiente P\u00f3liza de Garant\u00eda Extendida, por 1 a\u00f1o calendario a partir de la fecha de caducidad de la garant\u00eda regular de la venta Esta Garant\u00eda Extendida aplica \u00fanicamente a productos destinados al uso domiciliario. Productos destinados al uso comercial o industrial no aplican.<\/li>\n<li>El per\u00edmetro cubierto por la Garant\u00eda Extendida comprende el \u00e1rea urbana de las ciudades de La Paz, Cochabamba y Santa Cruz. Fuera de esta \u00e1rea, el traslado corre por cuenta del cliente.<\/li>\n<li>Electrodom\u00e9sticos que puedan ser trasladados por la persona, como ser microondas, licuadoras, hornos, planchas, ventiladores, tostadoras, exprimidoras, batidoras y otros, deben ser trasladados por el cliente al servicio t\u00e9cnico de Triplex.<\/li>\n<li>La garant\u00eda Extendida consiste en la reparaci\u00f3n y reemplazo de repuestos para el producto. No cubre cambio directo, mantenimiento preventivo, ni cambio de filtros.<\/li>\n<\/ol>\n<p>[\/vc_column_text][vc_empty_space]<div class=\"ts-heading heading-3 default\"><h3>No afecto a Garant\u00eda Extendida<\/h3><\/div>[vc_column_text]<\/p>\n<ol>\n<li>Da\u00f1os causados por uso inadecuado, incorrecto, o mal almacenaje del producto Da\u00f1os causados por malas instalaciones el\u00e9ctricas, o de plomer\u00eda. El punto el\u00e9ctrico para productos Inverter debe tener cable a tierra.<\/li>\n<li>Intervenci\u00f3n de Servicios T\u00e9cnicos no autorizados por Triplex Productos adquiridos en comercios no autorizados por Triplex Da\u00f1os o perjuicios a personas o bienes, ocasionados por falla del producto<\/li>\n<\/ol>\n<p>[\/vc_column_text][vc_empty_space]<div class=\"ts-heading heading-3 default\"><h3>Direcciones de Servicio T\u00e9cnico<\/h3><\/div>[\/vc_column][\/vc_row][vc_row][vc_column width=\u00bb1\/3&#8243;][vc_column_text]Servicio T\u00e9cnico Triplex<br \/>\nCarretera al Norte Km. 8 1\/2<br \/>\nTelf.: 336 0072<br \/>\nSanta Cruz, Bolivia<br \/>\n[\/vc_column_text][\/vc_column][vc_column width=\u00bb1\/3&#8243;][vc_column_text]Los Pinos &#8211; Calle 28<br \/>\nUrb. Los Olivos N\u00b0 315<br \/>\nTeLf.:22148813<br \/>\nLa Paz, Bolivia<br \/>\n[\/vc_column_text][\/vc_column][vc_column width=\u00bb1\/3&#8243;][vc_column_text]Km 7 1\/2 carretera Sacaba detr\u00e1s fabrica Faboce (calle innominada)<br \/>\nTelf.:4714114<br \/>\nCochabamba, Bolivia<br \/>\n[\/vc_column_text][\/vc_column][\/vc_row]<\/p>\n","protected":false},"excerpt":{"rendered":"<p>[vc_row][vc_column][vc_single_image image=\u00bb9610&#8243; img_size=\u00bbfull\u00bb alignment=\u00bbcenter\u00bb el_class=\u00bbimgMostrarDesktop\u00bb css=\u00bb.vc_custom_1670158017410{margin-top: -50px !important;}\u00bb][vc_single_image image=\u00bb9614&#8243; img_size=\u00bbfull\u00bb alignment=\u00bbcenter\u00bb el_class=\u00bbimgMostrarMobile\u00bb css=\u00bb.vc_custom_1670158060468{margin-top: -50px !important;}\u00bb][\/vc_column][\/vc_row][vc_row][vc_column][vc_column_text el_class=\u00bbtextoServiciosMobile\u00bb] Es un servicio que puedes contratar adicionalmente y que te permitir\u00e1 extender la garant\u00eda del fabricante por un periodo establecido, dependiendo de la l\u00ednea de producto, hasta por 1 a\u00f1o m\u00e1s. Con esto proteger\u00e1s tu inversi\u00f3n para que disfrutes [&hellip;]<\/p>\n","protected":false},"author":1,"featured_media":0,"parent":0,"menu_order":0,"comment_status":"closed","ping_status":"closed","template":"","meta":{"_acf_changed":false,"footnotes":""},"class_list":["post-9344","page","type-page","status-publish","hentry"],"acf":[],"_links":{"self":[{"href":"https:\/\/triplex.com.bo\/index.php\/wp-json\/wp\/v2\/pages\/9344","targetHints":{"allow":["GET"]}}],"collection":[{"href":"https:\/\/triplex.com.bo\/index.php\/wp-json\/wp\/v2\/pages"}],"about":[{"href":"https:\/\/triplex.com.bo\/index.php\/wp-json\/wp\/v2\/types\/page"}],"author":[{"embeddable":true,"href":"https:\/\/triplex.com.bo\/index.php\/wp-json\/wp\/v2\/users\/1"}],"replies":[{"embeddable":true,"href":"https:\/\/triplex.com.bo\/index.php\/wp-json\/wp\/v2\/comments?post=9344"}],"version-history":[{"count":21,"href":"https:\/\/triplex.com.bo\/index.php\/wp-json\/wp\/v2\/pages\/9344\/revisions"}],"predecessor-version":[{"id":14491,"href":"https:\/\/triplex.com.bo\/index.php\/wp-json\/wp\/v2\/pages\/9344\/revisions\/14491"}],"wp:attachment":[{"href":"https:\/\/triplex.com.bo\/index.php\/wp-json\/wp\/v2\/media?parent=9344"}],"curies":[{"name":"wp","href":"https:\/\/api.w.org\/{rel}","templated":true}]}}