{"id":4182,"date":"2015-06-20T16:11:19","date_gmt":"2015-06-20T16:11:19","guid":{"rendered":"http:\/\/localhost\/DMK\/WebTRIPLEXv2\/?page_id=4182"},"modified":"2022-11-15T11:26:58","modified_gmt":"2022-11-15T11:26:58","slug":"empresa","status":"publish","type":"page","link":"https:\/\/triplex.com.bo\/index.php\/empresa\/","title":{"rendered":"TRIPLEX"},"content":{"rendered":"<p>[vc_row css=\u00bb.vc_custom_1668470431849{margin-top: 50px !important;margin-left: 20px !important;}\u00bb][vc_column width=\u00bb2\/3&#8243; css=\u00bb.vc_custom_1668511612134{padding-right: 25px !important;padding-bottom: 40px !important;}\u00bb el_class=\u00bbts-aligncenter\u00bb][vc_column_text]<\/p>\n<div>\n<div class=\"ts-heading heading-3 default\">\n<h3>Nuestra Empresa<\/h3>\n<\/div>\n<p style=\"text-align: justify; text-justify: auto;\">TRIPLEX LTDA Sociedad conformada el a\u00f1o 1991, comenz\u00f3 sus actividades comercializando l\u00ednea blanca (cocinas, heladeras, hornos). Triplex Ltda en sus inicios fue representante de White Westinghouse Chile, obteniendo pronto gracias a su performance, la concesi\u00f3n \/ franquicia para Bolivia por parte de White Westinghouse USA, posteriormente incorpor\u00f3 a su oferta equipos de climatizaci\u00f3n.<\/p>\n<p style=\"text-align: justify; text-justify: auto;\">Triplex Ltda es una empresa dedicada a la importaci\u00f3n, distribuci\u00f3n, e instalaci\u00f3n de electrodom\u00e9sticos de las marcas White Westinghouse, Electrolux, Frigidaire, Pride, Glem, entre otras. Contamos con un equipo de t\u00e9cnicos capacitados en instalaciones, mantenimientos y reparaciones de todo tipo de acondicionadores de aire, los cuales est\u00e1n disponibles todos los d\u00edas de la semana para atender cualquier requerimiento.<\/p>\n<p style=\"text-align: justify; text-justify: auto;\">Actualmente brindamos un stock permanente de repuestos que respaldan nuestros productos.<\/p>\n<\/div>\n<p>[\/vc_column_text]<div class=\"ts-button-wrapper\"><div class=\"ts-shortcode-custom-style hidden\">.ts-button-wrapper a.ts-button-1{background:#ffffff;border-color:#cccccc;border-width:1px ;color:#102b86;}.ts-button-wrapper a.ts-button-1:hover{background:#ff7500;border-color:#102b86;color:#ffffff;}<\/div><a href=\"#\" target=\"_blank\" class=\"ts-button ts-button-1 medium  \">CONT\u00c1CTENOS<\/a><\/div>[\/vc_column][vc_column width=\u00bb1\/3&#8243;][vc_column_text css=\u00bb.vc_custom_1668469598628{margin-bottom: 50px !important;}\u00bb]<img fetchpriority=\"high\" decoding=\"async\" class=\"aligncenter size-full wp-image-6830\" src=\"http:\/\/localhost\/DMK\/WebTRIPLEXv2\/wp-content\/uploads\/2022\/11\/logo_triplex2.png\" alt=\"about-us-product2\" width=\"740\" height=\"493\" \/>[\/vc_column_text][\/vc_column][\/vc_row][vc_row][vc_column width=\u00bb1\/2&#8243; css=\u00bb.vc_custom_1494128150186{margin-bottom: 30px !important;}\u00bb][vc_tta_accordion][vc_tta_section title=\u00bbMisi\u00f3n\u00bb tab_id=\u00bb1475043974155-376d01ff-b67b\u00bb][vc_column_text]Somos una prestigiosa empresa representantes para Bolivia de la marcas White Westinghouse, Frigidaire, Pride y Glem. Ofrecemos productos de calidad y nuestro compromiso fundamental es la satisfacci\u00f3n de las necesidades y expectativas del cliente para mantenernos como l\u00edderes en nuestros productos y servicios.[\/vc_column_text][\/vc_tta_section][vc_tta_section title=\u00bbVisi\u00f3n\u00bb tab_id=\u00bb1579044035398-17336154-ba7b\u00bb][vc_column_text]\u201cPosicionarnos en todo el mercado Boliviano, satisfaciendo con excelencia las necesidades y expectativas de nuestros clientes con productos y servicios de calidad en lo que a electrodom\u00e9sticos se refiere, siendo para ellos la mejor opci\u00f3n.\u201d[\/vc_column_text][\/vc_tta_section][vc_tta_section title=\u00bbValores\u00bb tab_id=\u00bb1459044034090-bcc1a1c5-ca22&#8243;][vc_column_text]<\/p>\n<ul>\n<li><strong>Liderazgo<\/strong>: Inspirados a lograr metas propuestas para contribuir al logro de nuestra visi\u00f3n.<\/li>\n<li><strong>Compromiso<\/strong>: Asumir la responsabilidad de realizar nuestras tareas con excelencia, cumpliendo con la seriedad y formalidad de la empresa.<\/li>\n<li><strong>Respeto<\/strong>: Fomentamos la integridad moral, lealtad y respeto a las personas en la relaci\u00f3n laboral.<\/li>\n<li><strong>Calidad<\/strong>: Ofrecer productos y servicios que cumplan y superen las expectativas de nuestros clientes, comprometidos siempre a la excelencia<\/li>\n<\/ul>\n<p>[\/vc_column_text][\/vc_tta_section][\/vc_tta_accordion][\/vc_column][vc_column width=\u00bb1\/2&#8243;][vc_column_text css=\u00bb.vc_custom_1668469216029{margin-bottom: 10px !important;}\u00bb]<img decoding=\"async\" class=\"aligncenter size-full wp-image-6826\" src=\"http:\/\/localhost\/DMK\/WebTRIPLEXv2\/wp-content\/uploads\/2022\/11\/Triplex-presenta-la-Mega-Feria-de-Saldos-con-descuentos-hasta-el-60.jpg\" alt=\"about-us-img1\" width=\"580\" height=\"310\" \/>[\/vc_column_text][vc_row_inner][vc_column_inner width=\u00bb1\/2&#8243;][vc_column_text]<img decoding=\"async\" class=\"aligncenter size-full wp-image-6827\" src=\"http:\/\/localhost\/DMK\/WebTRIPLEXv2\/wp-content\/uploads\/2022\/11\/imgSucursal02.png\" alt=\"about-us-img2\" width=\"280\" height=\"226\" \/>[\/vc_column_text][\/vc_column_inner][vc_column_inner width=\u00bb1\/2&#8243;][vc_column_text]<img loading=\"lazy\" decoding=\"async\" class=\"aligncenter size-full wp-image-6828\" src=\"http:\/\/localhost\/DMK\/WebTRIPLEXv2\/wp-content\/uploads\/2022\/11\/imgSucursal01.png\" alt=\"about-us-img3\" width=\"280\" height=\"226\" \/>[\/vc_column_text][\/vc_column_inner][\/vc_row_inner][\/vc_column][\/vc_row][vc_column][\/vc_column]<\/p>\n","protected":false},"excerpt":{"rendered":"<p>[vc_row css=\u00bb.vc_custom_1668470431849{margin-top: 50px !important;margin-left: 20px !important;}\u00bb][vc_column width=\u00bb2\/3&#8243; css=\u00bb.vc_custom_1668511612134{padding-right: 25px !important;padding-bottom: 40px !important;}\u00bb el_class=\u00bbts-aligncenter\u00bb][vc_column_text] Nuestra Empresa TRIPLEX LTDA Sociedad conformada el a\u00f1o 1991, comenz\u00f3 sus actividades comercializando l\u00ednea blanca (cocinas, heladeras, hornos). Triplex Ltda en sus inicios fue representante de White Westinghouse Chile, obteniendo pronto gracias a su performance, la concesi\u00f3n \/ franquicia para Bolivia por [&hellip;]<\/p>\n","protected":false},"author":1,"featured_media":0,"parent":0,"menu_order":0,"comment_status":"closed","ping_status":"closed","template":"","meta":{"_acf_changed":false,"footnotes":""},"class_list":["post-4182","page","type-page","status-publish","hentry"],"acf":[],"_links":{"self":[{"href":"https:\/\/triplex.com.bo\/index.php\/wp-json\/wp\/v2\/pages\/4182","targetHints":{"allow":["GET"]}}],"collection":[{"href":"https:\/\/triplex.com.bo\/index.php\/wp-json\/wp\/v2\/pages"}],"about":[{"href":"https:\/\/triplex.com.bo\/index.php\/wp-json\/wp\/v2\/types\/page"}],"author":[{"embeddable":true,"href":"https:\/\/triplex.com.bo\/index.php\/wp-json\/wp\/v2\/users\/1"}],"replies":[{"embeddable":true,"href":"https:\/\/triplex.com.bo\/index.php\/wp-json\/wp\/v2\/comments?post=4182"}],"version-history":[{"count":23,"href":"https:\/\/triplex.com.bo\/index.php\/wp-json\/wp\/v2\/pages\/4182\/revisions"}],"predecessor-version":[{"id":9351,"href":"https:\/\/triplex.com.bo\/index.php\/wp-json\/wp\/v2\/pages\/4182\/revisions\/9351"}],"wp:attachment":[{"href":"https:\/\/triplex.com.bo\/index.php\/wp-json\/wp\/v2\/media?parent=4182"}],"curies":[{"name":"wp","href":"https:\/\/api.w.org\/{rel}","templated":true}]}}