{"id":1613,"date":"2015-02-03T14:49:09","date_gmt":"2015-02-03T14:49:09","guid":{"rendered":"http:\/\/localhost\/DMK\/WebTRIPLEXv2\/?page_id=1613"},"modified":"2023-07-21T15:56:14","modified_gmt":"2023-07-21T15:56:14","slug":"contactenos","status":"publish","type":"page","link":"https:\/\/triplex.com.bo\/index.php\/contactenos\/","title":{"rendered":"Cont\u00e1ctenos"},"content":{"rendered":"<p>[vc_row css=\u00bb.vc_custom_1689954973003{padding-top: 0px !important;}\u00bb][vc_column][vc_column_text]<\/p>\n<h3 style=\"font-weight: bold; color: #000000; text-align: center;\">BUZ\u00d3N DE SUGERENCIAS<\/h3>\n<p style=\"text-align: center;\">S\u00ed quieres dejarnos una sugerencia, felicitaci\u00f3n o queja. Su opini\u00f3n vale mucho<\/p>\n<p>[\/vc_column_text][vc_icon type=\u00bbentypo\u00bb icon_entypo=\u00bbentypo-icon entypo-icon-mail\u00bb color=\u00bbcustom\u00bb size=\u00bbxl\u00bb align=\u00bbcenter\u00bb link=\u00bburl:https%3A%2F%2Ftriplex.com.bo%2Findex.php%2Fbuzon-de-sugerencias%2F|title:Buzon%20de%20sugerencias\u00bb custom_color=\u00bb#ef7a13&#8243;][vc_column_text]<\/p>\n<h3 style=\"font-weight: bold; color: #000000; text-align: center;\">\u00d3 ESCR\u00cdBANOS<\/h3>\n<p style=\"text-align: center;\">S\u00ed tiene alguna duda sobre nuestros productos o deseas realizar alguna cotizaci\u00f3n, env\u00edanos un mensaje y nos pondremos en contacto contigo<\/p>\n<p>[\/vc_column_text][vc_row_inner css=\u00bb.vc_custom_1478053234990{padding-top: 30px !important;}\u00bb][vc_column_inner width=\u00bb1\/3&#8243;][vc_column_text]<\/p>\n<div class=\"office-address primary-text\" style=\"text-align: center;\">CASA MATRIZ<\/div>\n<p style=\"text-align: center;\"><a href=\"https:\/\/g.page\/Triplex-Bolivia?share\" target=\"_blank\" rel=\"noopener\">Carretera al Norte Km. 8, entrando por La Chonta 700mtrs<\/a><\/p>\n<p>[\/vc_column_text][\/vc_column_inner][vc_column_inner width=\u00bb1\/3&#8243;][vc_column_text]<\/p>\n<div class=\"phone-numbers primary-text\" style=\"text-align: center;\">TELEFONOS<\/div>\n<p class=\"text-color-default\" style=\"text-align: center;\"><a href=\"tel:59133360072\" target=\"_blank\" rel=\"noopener\">(+591) 3360072<\/a><br \/>\n<a href=\"tel:59178457022\" target=\"_blank\" rel=\"noopener\">(+591) 78457022<\/a><\/p>\n<p>[\/vc_column_text][\/vc_column_inner][vc_column_inner width=\u00bb1\/3&#8243;][vc_column_text]<\/p>\n<div class=\"email-address primary-text\" style=\"text-align: center;\">CORREO ELECTR\u00d3NICO<\/div>\n<p style=\"text-align: center;\"><a href=\"mailto:ventasweb@triplex.com.bo\" target=\"_blank\" rel=\"noopener\">ventasweb@triplex.com.bo<\/a><\/p>\n<p>[\/vc_column_text][\/vc_column_inner][\/vc_row_inner]<div id=\"cf7cstmzr-form\" class=\"cf7cstmzr-form-9407 cf7cstmzr-form\">\n<div class=\"wpcf7 no-js\" id=\"wpcf7-f9407-o1\" lang=\"es-ES\" dir=\"ltr\" data-wpcf7-id=\"9407\">\n<div class=\"screen-reader-response\"><p role=\"status\" aria-live=\"polite\" aria-atomic=\"true\"><\/p> <ul><\/ul><\/div>\n<form action=\"\/index.php\/wp-json\/wp\/v2\/pages\/1613#wpcf7-f9407-o1\" method=\"post\" class=\"wpcf7-form init\" aria-label=\"Formulario de contacto\" novalidate=\"novalidate\" data-status=\"init\">\n<fieldset class=\"hidden-fields-container\"><input type=\"hidden\" name=\"_wpcf7\" value=\"9407\" \/><input type=\"hidden\" name=\"_wpcf7_version\" value=\"6.1.2\" \/><input type=\"hidden\" name=\"_wpcf7_locale\" value=\"es_ES\" \/><input type=\"hidden\" name=\"_wpcf7_unit_tag\" value=\"wpcf7-f9407-o1\" \/><input type=\"hidden\" name=\"_wpcf7_container_post\" value=\"0\" \/><input type=\"hidden\" name=\"_wpcf7_posted_data_hash\" value=\"\" \/><input type=\"hidden\" name=\"_wpcf7cf_hidden_group_fields\" value=\"[]\" \/><input type=\"hidden\" name=\"_wpcf7cf_hidden_groups\" value=\"[]\" \/><input type=\"hidden\" name=\"_wpcf7cf_visible_groups\" value=\"[]\" \/><input type=\"hidden\" name=\"_wpcf7cf_repeaters\" value=\"[]\" \/><input type=\"hidden\" name=\"_wpcf7cf_steps\" value=\"{}\" \/><input type=\"hidden\" name=\"_wpcf7cf_options\" value=\"{&quot;form_id&quot;:9407,&quot;conditions&quot;:[],&quot;settings&quot;:{&quot;animation&quot;:&quot;yes&quot;,&quot;animation_intime&quot;:200,&quot;animation_outtime&quot;:200,&quot;conditions_ui&quot;:&quot;normal&quot;,&quot;notice_dismissed&quot;:false,&quot;notice_dismissed_update-cf7-5.8&quot;:true,&quot;notice_dismissed_update-cf7-6.1.3&quot;:true}}\" \/><input type=\"hidden\" name=\"_uacf7_hidden_conditional_fields\" value=\"\" \/><input type=\"hidden\" name=\"_wpcf7_recaptcha_response\" value=\"\" \/>\n<\/fieldset>\n<div class=\"uacf7-form-wrapper-container uacf7-form-9407  \"><div class=\"contact-form\">\n<div class=\"col-1\">\n<div class=\"row\">\n<div class=\"col-1\">\n<p><label>Nombre <span class=\"required\">*<\/span><\/label><span class=\"wpcf7-form-control-wrap\" data-name=\"nombre\"><input size=\"40\" maxlength=\"400\" class=\"wpcf7-form-control wpcf7-text wpcf7-validates-as-required\" id=\"nombre\" aria-required=\"true\" aria-invalid=\"false\" value=\"\" type=\"text\" name=\"nombre\" \/><\/span> <\/p>\n<\/div>\n<div class=\"col-2\">\n<p><label>Apellidos <span class=\"required\">*<\/span><\/label><span class=\"wpcf7-form-control-wrap\" data-name=\"apellidos\"><input size=\"40\" maxlength=\"400\" class=\"wpcf7-form-control wpcf7-text wpcf7-validates-as-required\" id=\"apellidos\" aria-required=\"true\" aria-invalid=\"false\" value=\"\" type=\"text\" name=\"apellidos\" \/><\/span> <\/p>\n<\/div>\n<\/div>\n<p><label>Tel\u00e9fono <span class=\"required\">*<\/span><\/label><span class=\"wpcf7-form-control-wrap\" data-name=\"telefono\"><input size=\"40\" maxlength=\"400\" class=\"wpcf7-form-control wpcf7-tel wpcf7-text wpcf7-validates-as-tel\" id=\"telefono\" aria-invalid=\"false\" value=\"\" type=\"tel\" name=\"telefono\" \/><\/span> <\/p>\n<p><label>Correo electr\u00f3nico (Opcional)<span class=\"wpcf7-form-control-wrap\" data-name=\"email\"><input size=\"40\" maxlength=\"400\" class=\"wpcf7-form-control wpcf7-email wpcf7-validates-as-required wpcf7-text wpcf7-validates-as-email\" id=\"email\" aria-required=\"true\" aria-invalid=\"false\" value=\"\" type=\"email\" name=\"email\" \/><\/span> <\/p>\n<p><label>Asunto<\/label><span class=\"wpcf7-form-control-wrap\" data-name=\"asunto\"><input size=\"40\" maxlength=\"400\" class=\"wpcf7-form-control wpcf7-text\" id=\"asunto\" aria-invalid=\"false\" value=\"\" type=\"text\" name=\"asunto\" \/><\/span> <\/p>\n<\/div>\n\n<div class=\"col-2\">\n\n<p><label>Mensaje o comentario<\/label><span class=\"wpcf7-form-control-wrap\" data-name=\"mensaje\"><textarea cols=\"40\" rows=\"10\" maxlength=\"2000\" class=\"wpcf7-form-control wpcf7-textarea\" id=\"mensaje\" aria-invalid=\"false\" name=\"mensaje\"><\/textarea><\/span><\/p>\n\n<\/div>\n\n<div class=\"sumbit-contact\">\n\n<p><input class=\"wpcf7-form-control wpcf7-submit has-spinner\" type=\"submit\" value=\"Enviar\" \/><\/p>\n\n<\/div>\n\n<\/div><\/div><input type='hidden' class='wpcf7-pum' value='{\"closepopup\":false,\"closedelay\":0,\"openpopup\":false,\"openpopup_id\":0}' \/><div class=\"wpcf7-response-output\" aria-hidden=\"true\"><\/div>\n<\/form>\n<\/div>\n<\/div>[\/vc_column][\/vc_row][vc_row disable_element=\u00bbyes\u00bb][vc_column][\/vc_column][\/vc_row]<\/p>\n","protected":false},"excerpt":{"rendered":"<p>[vc_row css=\u00bb.vc_custom_1689954973003{padding-top: 0px !important;}\u00bb][vc_column][vc_column_text] BUZ\u00d3N DE SUGERENCIAS S\u00ed quieres dejarnos una sugerencia, felicitaci\u00f3n o queja. Su opini\u00f3n vale mucho [\/vc_column_text][vc_icon type=\u00bbentypo\u00bb icon_entypo=\u00bbentypo-icon entypo-icon-mail\u00bb color=\u00bbcustom\u00bb size=\u00bbxl\u00bb align=\u00bbcenter\u00bb link=\u00bburl:https%3A%2F%2Ftriplex.com.bo%2Findex.php%2Fbuzon-de-sugerencias%2F|title:Buzon%20de%20sugerencias\u00bb custom_color=\u00bb#ef7a13&#8243;][vc_column_text] \u00d3 ESCR\u00cdBANOS S\u00ed tiene alguna duda sobre nuestros productos o deseas realizar alguna cotizaci\u00f3n, env\u00edanos un mensaje y nos pondremos en contacto contigo [\/vc_column_text][vc_row_inner css=\u00bb.vc_custom_1478053234990{padding-top: 30px !important;}\u00bb][vc_column_inner [&hellip;]<\/p>\n","protected":false},"author":1,"featured_media":0,"parent":0,"menu_order":0,"comment_status":"closed","ping_status":"closed","template":"","meta":{"_acf_changed":false,"footnotes":""},"class_list":["post-1613","page","type-page","status-publish","hentry"],"acf":[],"_links":{"self":[{"href":"https:\/\/triplex.com.bo\/index.php\/wp-json\/wp\/v2\/pages\/1613","targetHints":{"allow":["GET"]}}],"collection":[{"href":"https:\/\/triplex.com.bo\/index.php\/wp-json\/wp\/v2\/pages"}],"about":[{"href":"https:\/\/triplex.com.bo\/index.php\/wp-json\/wp\/v2\/types\/page"}],"author":[{"embeddable":true,"href":"https:\/\/triplex.com.bo\/index.php\/wp-json\/wp\/v2\/users\/1"}],"replies":[{"embeddable":true,"href":"https:\/\/triplex.com.bo\/index.php\/wp-json\/wp\/v2\/comments?post=1613"}],"version-history":[{"count":11,"href":"https:\/\/triplex.com.bo\/index.php\/wp-json\/wp\/v2\/pages\/1613\/revisions"}],"predecessor-version":[{"id":13534,"href":"https:\/\/triplex.com.bo\/index.php\/wp-json\/wp\/v2\/pages\/1613\/revisions\/13534"}],"wp:attachment":[{"href":"https:\/\/triplex.com.bo\/index.php\/wp-json\/wp\/v2\/media?parent=1613"}],"curies":[{"name":"wp","href":"https:\/\/api.w.org\/{rel}","templated":true}]}}