{"id":13905,"date":"2023-09-23T18:23:46","date_gmt":"2023-09-23T18:23:46","guid":{"rendered":"https:\/\/triplex.com.bo\/?page_id=13905"},"modified":"2023-09-23T18:40:00","modified_gmt":"2023-09-23T18:40:00","slug":"promooster","status":"publish","type":"page","link":"https:\/\/triplex.com.bo\/index.php\/promooster\/","title":{"rendered":"Promo Oster"},"content":{"rendered":"<p>[vc_row layout=\u00bbts-row-boxed\u00bb css=\u00bb.vc_custom_1695493764080{padding-top: 50px !important;padding-right: 50px !important;padding-bottom: 50px !important;padding-left: 50px !important;}\u00bb][vc_column][vc_column_text]<\/p>\n<h2 style=\"text-align: center;\"><strong><u>PROYECTO DE DESARROLLO<\/u><\/strong><strong> \u2013 <u>PROMOCI\u00d3N EMPRESARIAL<\/u><\/strong><\/h2>\n<h2 style=\"text-align: center;\"><strong><u>\u201cGANA CON OSTER\u201d <\/u><\/strong><\/h2>\n<p>[\/vc_column_text][\/vc_column][\/vc_row][vc_row layout=\u00bbts-row-boxed\u00bb][vc_column width=\u00bb1\/4&#8243;][\/vc_column][vc_column width=\u00bb1\/2&#8243;][vc_column_text]Tienda habilitada:<\/p>\n<p>La Promoci\u00f3n empresarial se llevar\u00e1 a cabo \u00fanicamente en la Ciudad de Santa Cruz de la Sierra en<\/p>\n<p>El Stand de Oster, Predio de Expocruz. Direcci\u00f3n: (3er anillo Ex. Av. Roca y Coronado).<\/p>\n<p>&nbsp;<\/p>\n<p>El periodo de duraci\u00f3n y participaci\u00f3n del concurso, comenzar\u00e1 el 22 de septiembre del 2023, y concluir\u00e1 el 01 de octubre del 2023. O hasta finalizar con el stock de premios habilitados.<\/p>\n<p><strong>NOMBRE DE LA PROMOCION EMPRESARIAL<\/strong><\/p>\n<p style=\"text-align: center;\"><strong><u>\u201cGANA CON OSTER<\/u><\/strong><strong><u>\u201d<\/u><\/strong><\/p>\n<p><strong>A) MODALIDAD DE PREMIACION: AZAR<\/strong><\/p>\n<p>La promoci\u00f3n empresarial, estar\u00e1 habilitada en la ciudad de Santa Cruz de la Sierra.<\/p>\n<p>Tendremos una t\u00f3mbola con 300 pelotas, de los cuales:<\/p>\n<ul>\n<li>145 contendr\u00e1n premios.<\/li>\n<li>155 contendr\u00e1n sin premio asignado.<\/li>\n<\/ul>\n<p>&nbsp;<\/p>\n<p><strong>B). PREMIOS OFERTADOS<\/strong><\/p>\n<p>Los premios Ofertados en la t\u00f3mbola son:<\/p>\n<table class=\" alignright\" style=\"height: 496px;\" width=\"448\">\n<tbody>\n<tr>\n<td style=\"text-align: center;\" width=\"292\"><strong>PRODUCTO<\/strong><\/td>\n<td style=\"text-align: center;\" width=\"52\"><strong>CANTIDAD <\/strong><\/td>\n<\/tr>\n<tr>\n<td width=\"292\"><strong>MINI JARRA PARA LICUADORA 4888<\/strong><\/td>\n<td width=\"52\">20<\/td>\n<\/tr>\n<tr>\n<td width=\"292\"><strong>ACCESORIO VASO BL P\/ LICUADORA OSTER (termo)<\/strong><\/td>\n<td width=\"52\">50<\/td>\n<\/tr>\n<tr>\n<td width=\"292\"><strong>ACCESORIO VASO AZUL LICUADORAS OSTER (termo azul)<\/strong><\/td>\n<td width=\"52\">50<\/td>\n<\/tr>\n<tr>\n<td width=\"292\"><strong>HERVIDORA ELECTRICA OSTER 1.8L BLANCA<\/strong><\/td>\n<td width=\"52\">5<\/td>\n<\/tr>\n<tr>\n<td width=\"292\"><strong>LICUADORA OSTER BLANCA 1100W OLIQ605<\/strong><\/td>\n<td width=\"52\">5<\/td>\n<\/tr>\n<tr>\n<td width=\"292\"><strong>LICUADORA OSTER NEGRA 1400W<\/strong><\/td>\n<td width=\"52\">5<\/td>\n<\/tr>\n<tr>\n<td width=\"292\"><strong>EXPRIMIDOR DE NARANJAS OSTER BLANCO<\/strong><\/td>\n<td width=\"52\">10<\/td>\n<\/tr>\n<tr>\n<td width=\"292\"><\/td>\n<td width=\"52\"><strong>145<\/strong><\/td>\n<\/tr>\n<\/tbody>\n<\/table>\n<p>&nbsp;<\/p>\n<p>&nbsp;<\/p>\n<p>&nbsp;<\/p>\n<p>&nbsp;<\/p>\n<p>&nbsp;<\/p>\n<p>&nbsp;<\/p>\n<p>&nbsp;<\/p>\n<p>&nbsp;<\/p>\n<p>&nbsp;<\/p>\n<p>&nbsp;<\/p>\n<p>&nbsp;<\/p>\n<p>&nbsp;<\/p>\n<p>&nbsp;<\/p>\n<ul>\n<li>Adjunto en hoja \u201cCOTIZACION DE LA TOTALIDA DE LOS PREMIOS\u201d<\/li>\n<\/ul>\n<p>&nbsp;<\/p>\n<p><strong>C).- MECANICA DE PARTICIPACI\u00d3N<\/strong><\/p>\n<ul>\n<li>Podr\u00e1n participar todos los clientes que compren 200 Bs o m\u00e1s en el Stan de Oster. Ubicado en la Expocruz. Av. Roca y Coronado 3er anillo Ext. Del 22 de septiembre al 1 de octubre.<\/li>\n<li>La participaci\u00f3n de esta promoci\u00f3n empresarial es en el mismo momento despu\u00e9s de haber realizado la compra en las instalaciones de Oster. Pasado el d\u00eda de la compra, no se aceptar\u00e1 la participaci\u00f3n.<\/li>\n<\/ul>\n<ul>\n<li>\u00danicamente tendr\u00e1n derecho a participar del juego de azar las personas mayores de Dieciocho (18) a\u00f1os en adelante.<\/li>\n<li>Por cada 200 bs de compra. El cliente podr\u00e1 acceder a sacar 1 pelota de la t\u00f3mbola en Forma de Licuadora ubicada afuera del Stand de Oster,\n<ul>\n<li>Si su factura tiene una compra de 700 BS, podr\u00e1 sacar 3 pelotas de la t\u00f3mbola.<\/li>\n<\/ul>\n<\/li>\n<\/ul>\n<p>&nbsp;<\/p>\n<ul>\n<li>El cliente ganar\u00e1 lo que este escrito en cada pelota que saque de la t\u00f3mbola.<\/li>\n<li>El cliente para retirar su premio deber\u00e1 presentar su factura de compra original, registrar sus datos y premio ganado.<\/li>\n<\/ul>\n<p>&nbsp;<\/p>\n<p><strong>D). LUGAR Y FECHA DE ENTREGA DE PREMIOS<\/strong><\/p>\n<p>Todos los clientes que ganen alg\u00fan tipo de premio, \u00fanicamente podr\u00e1n recogerlo en el Stan de Oster del 22 de septiembre al 1 de octubre del 2023 desde las 18:00 hasta las 23:59., ubicada en Stand Oster Expocruz. Direcci\u00f3n: (3er anillo Ex. Av. Roca y coronado).<\/p>\n<p><strong>\u00a0<\/strong><\/p>\n<p><strong>E). PREMIOS OFERTADOS CON INDICACI\u00d3N DEL VALOR COMERCIAL<\/strong><\/p>\n<p>Los premios ofertados y su valor comercial son los siguientes:<\/p>\n<table class=\" aligncenter\" width=\"668\">\n<tbody>\n<tr>\n<td width=\"331\">PRODUCTO<\/td>\n<td width=\"80\">MODELO<\/td>\n<td width=\"80\">PRECIO UNIT. EN Bs<\/td>\n<td width=\"80\">CANTIDAD<\/td>\n<td width=\"97\">PRECIO TOTAL EN Bs<\/td>\n<\/tr>\n<tr>\n<td width=\"331\"><strong>MINI JARRA PARA LICUADORA 4888 (Set de Jarras para licuadora)<\/strong><\/td>\n<td width=\"80\"><strong>4888<\/strong><\/td>\n<td width=\"80\"><strong>119<\/strong><\/td>\n<td width=\"80\">20<\/td>\n<td width=\"97\">2380<\/td>\n<\/tr>\n<tr>\n<td width=\"331\"><strong>VASO BL P\/ LICUADORA OSTER\u00a0 (Termos)<\/strong><\/td>\n<td width=\"80\"><strong>BLSTAG9630<\/strong><\/td>\n<td width=\"80\"><strong>89<\/strong><\/td>\n<td width=\"80\">50<\/td>\n<td width=\"97\">4450<\/td>\n<\/tr>\n<tr>\n<td width=\"331\"><strong>VASO AZUL LICUADORAS OSTER (Termo Azul)<\/strong><\/td>\n<td width=\"80\"><strong>BLSTAG9630L<\/strong><\/td>\n<td width=\"80\"><strong>89<\/strong><\/td>\n<td width=\"80\">50<\/td>\n<td width=\"97\">4450<\/td>\n<\/tr>\n<tr>\n<td width=\"331\"><strong>HERVIDOR ELECTRICO OSTER 1.8L BLANCA<\/strong><\/td>\n<td width=\"80\"><strong>BVSTKT487<\/strong><\/td>\n<td width=\"80\">399<\/td>\n<td width=\"80\">5<\/td>\n<td width=\"97\">1995<\/td>\n<\/tr>\n<tr>\n<td width=\"331\"><strong>LICUADORA OSTER BLANCA 1100W OLIQ605<\/strong><\/td>\n<td width=\"80\"><strong>OLIQ605<\/strong><\/td>\n<td width=\"80\">379<\/td>\n<td width=\"80\">5<\/td>\n<td width=\"97\">1895<\/td>\n<\/tr>\n<tr>\n<td width=\"331\"><strong>LICUADORA OSTER NEGRA 1400W<\/strong><\/td>\n<td width=\"80\"><strong>OLIQ610<\/strong><\/td>\n<td width=\"80\">449<\/td>\n<td width=\"80\">5<\/td>\n<td width=\"97\">2245<\/td>\n<\/tr>\n<tr>\n<td width=\"331\"><strong>EXPRIMIDOR DE NARANJAS OSTER BLANCO<\/strong><\/td>\n<td width=\"80\"><strong>FPSTJU104<\/strong><\/td>\n<td width=\"80\">99<\/td>\n<td width=\"80\">10<\/td>\n<td width=\"97\">990<\/td>\n<\/tr>\n<tr>\n<td width=\"331\"><\/td>\n<td width=\"80\"><\/td>\n<td width=\"80\"><\/td>\n<td width=\"80\"><strong>145<\/strong><\/td>\n<td width=\"97\"><strong>18405<\/strong><\/td>\n<\/tr>\n<\/tbody>\n<\/table>\n<p>&nbsp;<\/p>\n<p>TOTAL: 18,405.00<\/p>\n<p>&nbsp;<\/p>\n<p><strong>El valor comercial es de Bs. <\/strong><strong>18,405 <\/strong><strong>.- (Dieciocho Mil Cuatrocientos Cinco 00\/100 Bolivianos). <\/strong>El monto total del valor comercial de la promoci\u00f3n empresarial.[\/vc_column_text][\/vc_column][vc_column width=\u00bb1\/4&#8243;][\/vc_column][\/vc_row][vc_row][vc_column][vc_single_image image=\u00bb13906&#8243; img_size=\u00bbMEDIUM\u00bb alignment=\u00bbcenter\u00bb onclick=\u00bbcustom_link\u00bb img_link_target=\u00bb_blank\u00bb css_animation=\u00bbfadeIn\u00bb link=\u00bbhttps:\/\/triplex.com.bo\/wp-content\/uploads\/2023\/09\/promo-Oster-AJ.pdf\u00bb][\/vc_column][\/vc_row]<\/p>\n","protected":false},"excerpt":{"rendered":"<p>[vc_row layout=\u00bbts-row-boxed\u00bb css=\u00bb.vc_custom_1695493764080{padding-top: 50px !important;padding-right: 50px !important;padding-bottom: 50px !important;padding-left: 50px !important;}\u00bb][vc_column][vc_column_text] PROYECTO DE DESARROLLO \u2013 PROMOCI\u00d3N EMPRESARIAL \u201cGANA CON OSTER\u201d [\/vc_column_text][\/vc_column][\/vc_row][vc_row layout=\u00bbts-row-boxed\u00bb][vc_column width=\u00bb1\/4&#8243;][\/vc_column][vc_column width=\u00bb1\/2&#8243;][vc_column_text]Tienda habilitada: La Promoci\u00f3n empresarial se llevar\u00e1 a cabo \u00fanicamente en la Ciudad de Santa Cruz de la Sierra en El Stand de Oster, Predio de Expocruz. Direcci\u00f3n: (3er anillo Ex. Av. [&hellip;]<\/p>\n","protected":false},"author":1,"featured_media":0,"parent":0,"menu_order":0,"comment_status":"closed","ping_status":"closed","template":"page-templates\/blank-page-template.php","meta":{"_acf_changed":false,"footnotes":""},"class_list":["post-13905","page","type-page","status-publish","hentry"],"acf":[],"_links":{"self":[{"href":"https:\/\/triplex.com.bo\/index.php\/wp-json\/wp\/v2\/pages\/13905","targetHints":{"allow":["GET"]}}],"collection":[{"href":"https:\/\/triplex.com.bo\/index.php\/wp-json\/wp\/v2\/pages"}],"about":[{"href":"https:\/\/triplex.com.bo\/index.php\/wp-json\/wp\/v2\/types\/page"}],"author":[{"embeddable":true,"href":"https:\/\/triplex.com.bo\/index.php\/wp-json\/wp\/v2\/users\/1"}],"replies":[{"embeddable":true,"href":"https:\/\/triplex.com.bo\/index.php\/wp-json\/wp\/v2\/comments?post=13905"}],"version-history":[{"count":12,"href":"https:\/\/triplex.com.bo\/index.php\/wp-json\/wp\/v2\/pages\/13905\/revisions"}],"predecessor-version":[{"id":13919,"href":"https:\/\/triplex.com.bo\/index.php\/wp-json\/wp\/v2\/pages\/13905\/revisions\/13919"}],"wp:attachment":[{"href":"https:\/\/triplex.com.bo\/index.php\/wp-json\/wp\/v2\/media?parent=13905"}],"curies":[{"name":"wp","href":"https:\/\/api.w.org\/{rel}","templated":true}]}}